{"id":76554,"date":"2025-11-12T20:54:37","date_gmt":"2025-11-12T19:54:37","guid":{"rendered":"https:\/\/readymade.se\/core\/produkt\/bord-bankset-for-barn\/"},"modified":"2026-02-28T18:08:29","modified_gmt":"2026-02-28T17:08:29","slug":"bord-bankset-for-barn","status":"publish","type":"product","link":"https:\/\/readymade.se\/lekplats\/produkt\/bord-bankset-for-barn\/","title":{"rendered":"Bord\/b\u00e4nkset f\u00f6r barn"},"content":{"rendered":"<p>Sittplatser f\u00f6r alla barn G\u00f6r plats f\u00f6r att \u00e4ta lunchpaket eller n\u00e5gonstans att samla barn f\u00f6r lekar, ber\u00e4ttelser eller en lugn stund. LEDONs bord\/b\u00e4nkset kan placeras var som helst och har plats f\u00f6r upp till 10 barn. N\u00e5gonstans att sitta p\u00e5 lekplatsen g\u00f6r det m\u00f6jligt f\u00f6r barn att engagera sig socialt eller dra sig tillbaka fr\u00e5n leken om de beh\u00f6ver. Bords-\/b\u00e4nksetet k\u00e4nnetecknas av en enkel design, och \u00e4r l\u00e4tt att montera och installera d\u00e4r s\u00e5 \u00f6nskas. Dessutom \u00e4r den gjord av polyeten, som inte spricker eller ger splitter. Materialet \u00e4r dessutom l\u00e4ttsk\u00f6tt och extremt l\u00e4tt att reng\u00f6ra, vilket s\u00e4kerst\u00e4ller vackra ytor som h\u00e5ller i m\u00e5nga \u00e5r.<\/p>\n","protected":false},"excerpt":{"rendered":"<p>Sittplatser f\u00f6r alla barn G\u00f6r plats f\u00f6r att \u00e4ta lunchpaket eller n\u00e5gonstans att samla barn f\u00f6r lekar, ber\u00e4ttelser eller en lugn stund. LEDONs bord\/b\u00e4nkset kan placeras n\u00e4r som helst<\/p>\n","protected":false},"featured_media":125287,"template":"","meta":{"site-sidebar-layout":"","site-content-layout":"","ast-site-content-layout":"","site-content-style":"","site-sidebar-style":"","ast-global-header-display":"","ast-banner-title-visibility":"","ast-main-header-display":"","ast-hfb-above-header-display":"","ast-hfb-below-header-display":"","ast-hfb-mobile-header-display":"","site-post-title":"","ast-breadcrumbs-content":"","ast-featured-img":"","footer-sml-layout":"","theme-transparent-header-meta":"","adv-header-id-meta":"","stick-header-meta":"","header-above-stick-meta":"","header-main-stick-meta":"","header-below-stick-meta":"","astra-migrate-meta-layouts":"","ast-page-background-enabled":"default","ast-page-background-meta":{"desktop":{"background-color":"var(--ast-global-color-5)","background-image":"","background-repeat":"repeat","background-position":"center center","background-size":"auto","background-attachment":"scroll","background-type":"","background-media":"","overlay-type":"","overlay-color":"","overlay-opacity":"","overlay-gradient":""},"tablet":{"background-color":"","background-image":"","background-repeat":"repeat","background-position":"center center","background-size":"auto","background-attachment":"scroll","background-type":"","background-media":"","overlay-type":"","overlay-color":"","overlay-opacity":"","overlay-gradient":""},"mobile":{"background-color":"","background-image":"","background-repeat":"repeat","background-position":"center center","background-size":"auto","background-attachment":"scroll","background-type":"","background-media":"","overlay-type":"","overlay-color":"","overlay-opacity":"","overlay-gradient":""}},"ast-content-background-meta":{"desktop":{"background-color":"var(--ast-global-color-4)","background-image":"","background-repeat":"repeat","background-position":"center center","background-size":"auto","background-attachment":"scroll","background-type":"","background-media":"","overlay-type":"","overlay-color":"","overlay-opacity":"","overlay-gradient":""},"tablet":{"background-color":"var(--ast-global-color-4)","background-image":"","background-repeat":"repeat","background-position":"center center","background-size":"auto","background-attachment":"scroll","background-type":"","background-media":"","overlay-type":"","overlay-color":"","overlay-opacity":"","overlay-gradient":""},"mobile":{"background-color":"var(--ast-global-color-4)","background-image":"","background-repeat":"repeat","background-position":"center center","background-size":"auto","background-attachment":"scroll","background-type":"","background-media":"","overlay-type":"","overlay-color":"","overlay-opacity":"","overlay-gradient":""}}},"product_brand":[526],"product_cat":[444,491],"product_tag":[573],"class_list":{"0":"post-76554","1":"product","2":"type-product","3":"status-publish","4":"has-post-thumbnail","6":"product_brand-ledon","7":"product_cat-gata-park","8":"product_cat-parkbankar","9":"product_tag-core-gata-park","10":"desktop-align-center","11":"tablet-align-left","12":"mobile-align-left","14":"first","15":"instock","16":"taxable","17":"shipping-taxable","18":"purchasable","19":"product-type-simple"},"_links":{"self":[{"href":"https:\/\/readymade.se\/lekplats\/wp-json\/wp\/v2\/product\/76554","targetHints":{"allow":["GET"]}}],"collection":[{"href":"https:\/\/readymade.se\/lekplats\/wp-json\/wp\/v2\/product"}],"about":[{"href":"https:\/\/readymade.se\/lekplats\/wp-json\/wp\/v2\/types\/product"}],"wp:featuredmedia":[{"embeddable":true,"href":"https:\/\/readymade.se\/lekplats\/wp-json\/wp\/v2\/media\/125287"}],"wp:attachment":[{"href":"https:\/\/readymade.se\/lekplats\/wp-json\/wp\/v2\/media?parent=76554"}],"wp:term":[{"taxonomy":"product_brand","embeddable":true,"href":"https:\/\/readymade.se\/lekplats\/wp-json\/wp\/v2\/product_brand?post=76554"},{"taxonomy":"product_cat","embeddable":true,"href":"https:\/\/readymade.se\/lekplats\/wp-json\/wp\/v2\/product_cat?post=76554"},{"taxonomy":"product_tag","embeddable":true,"href":"https:\/\/readymade.se\/lekplats\/wp-json\/wp\/v2\/product_tag?post=76554"}],"curies":[{"name":"wp","href":"https:\/\/api.w.org\/{rel}","templated":true}]}}