{"id":76523,"date":"2025-12-04T18:04:23","date_gmt":"2025-12-04T17:04:23","guid":{"rendered":"https:\/\/readymade.se\/core\/produkt\/papegoja-pirater\/"},"modified":"2026-01-30T10:01:50","modified_gmt":"2026-01-30T09:01:50","slug":"papegoja-pirater","status":"publish","type":"product","link":"https:\/\/readymade.se\/lekplats\/produkt\/papegoja-pirater\/","title":{"rendered":"Papegoja, pirater"},"content":{"rendered":"<p>Den frist\u00e5ende papegojrutschkanan \u00e4r en del av LEDONs piratuniversum och har en plattformsh\u00f6jd p\u00e5 89 cm, vilket g\u00f6r den idealisk f\u00f6r yngre barn. Halkfria trappsteg och v\u00e4lplacerade handtag ger trygg \u00e5tkomst till toppen. Glidytan \u00e4r tillverkad i ett stycke sl\u00e4t polyeten som inte blir varm i solen och inte ger splitter. Lekmomenten tr\u00e4nar barns balans, koordination och rumsliga f\u00f6rst\u00e5else. LEDON Pirates \u00e4r utvecklat utifr\u00e5n barns id\u00e9er och stimulerar rolllek, social interaktion och fysisk aktivitet.<\/p>\n","protected":false},"excerpt":{"rendered":"<p>Pirattematiserad rutschkana med papegoja som bjuder in till lek och fantasi. Anpassad f\u00f6r yngre barn med trygg kl\u00e4ttring och glid.<\/p>\n","protected":false},"featured_media":105563,"template":"","meta":{"site-sidebar-layout":"default","site-content-layout":"","ast-site-content-layout":"default","site-content-style":"default","site-sidebar-style":"default","ast-global-header-display":"","ast-banner-title-visibility":"","ast-main-header-display":"","ast-hfb-above-header-display":"","ast-hfb-below-header-display":"","ast-hfb-mobile-header-display":"","site-post-title":"","ast-breadcrumbs-content":"","ast-featured-img":"","footer-sml-layout":"","theme-transparent-header-meta":"default","adv-header-id-meta":"","stick-header-meta":"","header-above-stick-meta":"","header-main-stick-meta":"","header-below-stick-meta":"","astra-migrate-meta-layouts":"set","ast-page-background-enabled":"default","ast-page-background-meta":{"desktop":{"background-color":"var(--ast-global-color-5)","background-image":"","background-repeat":"repeat","background-position":"center center","background-size":"auto","background-attachment":"scroll","background-type":"","background-media":"","overlay-type":"","overlay-color":"","overlay-opacity":"","overlay-gradient":""},"tablet":{"background-color":"","background-image":"","background-repeat":"repeat","background-position":"center center","background-size":"auto","background-attachment":"scroll","background-type":"","background-media":"","overlay-type":"","overlay-color":"","overlay-opacity":"","overlay-gradient":""},"mobile":{"background-color":"","background-image":"","background-repeat":"repeat","background-position":"center center","background-size":"auto","background-attachment":"scroll","background-type":"","background-media":"","overlay-type":"","overlay-color":"","overlay-opacity":"","overlay-gradient":""}},"ast-content-background-meta":{"desktop":{"background-color":"var(--ast-global-color-4)","background-image":"","background-repeat":"repeat","background-position":"center center","background-size":"auto","background-attachment":"scroll","background-type":"","background-media":"","overlay-type":"","overlay-color":"","overlay-opacity":"","overlay-gradient":""},"tablet":{"background-color":"var(--ast-global-color-4)","background-image":"","background-repeat":"repeat","background-position":"center center","background-size":"auto","background-attachment":"scroll","background-type":"","background-media":"","overlay-type":"","overlay-color":"","overlay-opacity":"","overlay-gradient":""},"mobile":{"background-color":"var(--ast-global-color-4)","background-image":"","background-repeat":"repeat","background-position":"center center","background-size":"auto","background-attachment":"scroll","background-type":"","background-media":"","overlay-type":"","overlay-color":"","overlay-opacity":"","overlay-gradient":""}}},"product_brand":[526],"product_cat":[531,389,370,197],"product_tag":[],"class_list":{"0":"post-76523","1":"product","2":"type-product","3":"status-publish","4":"has-post-thumbnail","6":"product_brand-ledon","7":"product_cat-fristaende-rutschkanor","8":"product_cat-pirates","9":"product_cat-produktserier","10":"product_cat-rutschkanor","11":"desktop-align-center","12":"tablet-align-left","13":"mobile-align-left","15":"first","16":"instock","17":"taxable","18":"shipping-taxable","19":"purchasable","20":"product-type-simple"},"_links":{"self":[{"href":"https:\/\/readymade.se\/lekplats\/wp-json\/wp\/v2\/product\/76523","targetHints":{"allow":["GET"]}}],"collection":[{"href":"https:\/\/readymade.se\/lekplats\/wp-json\/wp\/v2\/product"}],"about":[{"href":"https:\/\/readymade.se\/lekplats\/wp-json\/wp\/v2\/types\/product"}],"wp:featuredmedia":[{"embeddable":true,"href":"https:\/\/readymade.se\/lekplats\/wp-json\/wp\/v2\/media\/105563"}],"wp:attachment":[{"href":"https:\/\/readymade.se\/lekplats\/wp-json\/wp\/v2\/media?parent=76523"}],"wp:term":[{"taxonomy":"product_brand","embeddable":true,"href":"https:\/\/readymade.se\/lekplats\/wp-json\/wp\/v2\/product_brand?post=76523"},{"taxonomy":"product_cat","embeddable":true,"href":"https:\/\/readymade.se\/lekplats\/wp-json\/wp\/v2\/product_cat?post=76523"},{"taxonomy":"product_tag","embeddable":true,"href":"https:\/\/readymade.se\/lekplats\/wp-json\/wp\/v2\/product_tag?post=76523"}],"curies":[{"name":"wp","href":"https:\/\/api.w.org\/{rel}","templated":true}]}}