{"id":76515,"date":"2025-11-12T20:53:29","date_gmt":"2025-11-12T19:53:29","guid":{"rendered":"https:\/\/readymade.se\/core\/produkt\/bagformad-startpanel-bla\/"},"modified":"2025-12-22T09:42:54","modified_gmt":"2025-12-22T08:42:54","slug":"bagformad-startpanel-bla","status":"publish","type":"product","link":"https:\/\/readymade.se\/lekplats\/produkt\/bagformad-startpanel-bla\/","title":{"rendered":"B\u00e5gformad startpanel, bl\u00e5"},"content":{"rendered":"<p>Olika tillbeh\u00f6r finns tillg\u00e4ngliga f\u00f6r r\u00f6rrutschkanor f\u00f6r att s\u00e4kerst\u00e4lla s\u00e4kra och smidiga rutschupplevelser. Den b\u00e5gformade startpanelen g\u00f6r det m\u00f6jligt att montera r\u00f6rrutschkanan p\u00e5 befintliga leksystem eller i marken f\u00f6r en vallrutschkana. Den b\u00e5gformade startpanelen finns tillg\u00e4nglig i samma fem f\u00e4rger som anv\u00e4nds f\u00f6r r\u00f6rrutschkanorna. Liksom r\u00f6rrutschkanans komponenter \u00e4r alla startpaneler tillverkade av slitstark och h\u00e5llbar polyeten. Polyeten \u00e4r underh\u00e5llsfri, giftfri och UV-skyddad mot betydande blekning.<\/p>\n","protected":false},"excerpt":{"rendered":"<p>Olika tillbeh\u00f6r finns tillg\u00e4ngliga f\u00f6r r\u00f6rrutschkanor f\u00f6r att s\u00e4kerst\u00e4lla s\u00e4kra och smidiga rutschupplevelser. Startpanelen g\u00f6r det m\u00f6jligt att montera r\u00f6rrutschkanan p\u00e5 befintliga leksystem eller i marken.<\/p>\n","protected":false},"featured_media":105471,"template":"","meta":{"site-sidebar-layout":"","site-content-layout":"","ast-site-content-layout":"","site-content-style":"","site-sidebar-style":"","ast-global-header-display":"","ast-banner-title-visibility":"","ast-main-header-display":"","ast-hfb-above-header-display":"","ast-hfb-below-header-display":"","ast-hfb-mobile-header-display":"","site-post-title":"","ast-breadcrumbs-content":"","ast-featured-img":"","footer-sml-layout":"","theme-transparent-header-meta":"","adv-header-id-meta":"","stick-header-meta":"","header-above-stick-meta":"","header-main-stick-meta":"","header-below-stick-meta":"","astra-migrate-meta-layouts":"","ast-page-background-enabled":"default","ast-page-background-meta":{"desktop":{"background-color":"var(--ast-global-color-5)","background-image":"","background-repeat":"repeat","background-position":"center center","background-size":"auto","background-attachment":"scroll","background-type":"","background-media":"","overlay-type":"","overlay-color":"","overlay-opacity":"","overlay-gradient":""},"tablet":{"background-color":"","background-image":"","background-repeat":"repeat","background-position":"center center","background-size":"auto","background-attachment":"scroll","background-type":"","background-media":"","overlay-type":"","overlay-color":"","overlay-opacity":"","overlay-gradient":""},"mobile":{"background-color":"","background-image":"","background-repeat":"repeat","background-position":"center center","background-size":"auto","background-attachment":"scroll","background-type":"","background-media":"","overlay-type":"","overlay-color":"","overlay-opacity":"","overlay-gradient":""}},"ast-content-background-meta":{"desktop":{"background-color":"var(--ast-global-color-4)","background-image":"","background-repeat":"repeat","background-position":"center center","background-size":"auto","background-attachment":"scroll","background-type":"","background-media":"","overlay-type":"","overlay-color":"","overlay-opacity":"","overlay-gradient":""},"tablet":{"background-color":"var(--ast-global-color-4)","background-image":"","background-repeat":"repeat","background-position":"center center","background-size":"auto","background-attachment":"scroll","background-type":"","background-media":"","overlay-type":"","overlay-color":"","overlay-opacity":"","overlay-gradient":""},"mobile":{"background-color":"var(--ast-global-color-4)","background-image":"","background-repeat":"repeat","background-position":"center center","background-size":"auto","background-attachment":"scroll","background-type":"","background-media":"","overlay-type":"","overlay-color":"","overlay-opacity":"","overlay-gradient":""}}},"product_brand":[526],"product_cat":[560],"product_tag":[],"class_list":{"0":"post-76515","1":"product","2":"type-product","3":"status-publish","4":"has-post-thumbnail","6":"product_brand-ledon","7":"product_cat-reservdelar-rutschkanor","8":"desktop-align-center","9":"tablet-align-left","10":"mobile-align-left","12":"first","13":"instock","14":"taxable","15":"shipping-taxable","16":"purchasable","17":"product-type-simple"},"_links":{"self":[{"href":"https:\/\/readymade.se\/lekplats\/wp-json\/wp\/v2\/product\/76515","targetHints":{"allow":["GET"]}}],"collection":[{"href":"https:\/\/readymade.se\/lekplats\/wp-json\/wp\/v2\/product"}],"about":[{"href":"https:\/\/readymade.se\/lekplats\/wp-json\/wp\/v2\/types\/product"}],"wp:featuredmedia":[{"embeddable":true,"href":"https:\/\/readymade.se\/lekplats\/wp-json\/wp\/v2\/media\/105471"}],"wp:attachment":[{"href":"https:\/\/readymade.se\/lekplats\/wp-json\/wp\/v2\/media?parent=76515"}],"wp:term":[{"taxonomy":"product_brand","embeddable":true,"href":"https:\/\/readymade.se\/lekplats\/wp-json\/wp\/v2\/product_brand?post=76515"},{"taxonomy":"product_cat","embeddable":true,"href":"https:\/\/readymade.se\/lekplats\/wp-json\/wp\/v2\/product_cat?post=76515"},{"taxonomy":"product_tag","embeddable":true,"href":"https:\/\/readymade.se\/lekplats\/wp-json\/wp\/v2\/product_tag?post=76515"}],"curies":[{"name":"wp","href":"https:\/\/api.w.org\/{rel}","templated":true}]}}