{"id":76506,"date":"2025-11-12T20:53:14","date_gmt":"2025-11-12T19:53:14","guid":{"rendered":"https:\/\/readymade.se\/core\/produkt\/banvallsrutschkana\/"},"modified":"2026-02-28T18:04:36","modified_gmt":"2026-02-28T17:04:36","slug":"banvallsrutschkana","status":"publish","type":"product","link":"https:\/\/readymade.se\/lekplats\/produkt\/banvallsrutschkana\/","title":{"rendered":"Sl\u00e4ntsrutschkana"},"content":{"rendered":"<p>Sl\u00e4ntsrutschkanan \u00e4r specialdesignad f\u00f6r backar, sluttningar och andra naturliga h\u00f6jdskillnader och monteras direkt i gr\u00e4set. Barn kan starta \u00e5ket fr\u00e5n olika h\u00f6jder och f\u00e5r samma trygga och roliga upplevelse som p\u00e5 \u00f6vriga rutschkanor. Rutschkanan \u00e4r tillverkad i sl\u00e4t polyeten som inte blir varm i solen och inte ger splitter. Till skillnad fr\u00e5n traditionella rutschkanor anv\u00e4nds den omgivande milj\u00f6n som tillg\u00e5ng, d\u00e4r barnen kl\u00e4ttrar uppf\u00f6r sl\u00e4nten ist\u00e4llet f\u00f6r trappsteg. Detta st\u00e4rker grovmotorik, koordination och balans.<\/p>\n","protected":false},"excerpt":{"rendered":"<p>Sl\u00e4ntsrutschkana anpassad f\u00f6r backar och naturliga h\u00f6jdskillnader som ger trygg och rolig fartlek. Integreras i terr\u00e4ngen och tr\u00e4nar barns motorik och balans.<\/p>\n","protected":false},"featured_media":125120,"template":"","meta":{"site-sidebar-layout":"","site-content-layout":"","ast-site-content-layout":"","site-content-style":"","site-sidebar-style":"","ast-global-header-display":"","ast-banner-title-visibility":"","ast-main-header-display":"","ast-hfb-above-header-display":"","ast-hfb-below-header-display":"","ast-hfb-mobile-header-display":"","site-post-title":"","ast-breadcrumbs-content":"","ast-featured-img":"","footer-sml-layout":"","theme-transparent-header-meta":"","adv-header-id-meta":"","stick-header-meta":"","header-above-stick-meta":"","header-main-stick-meta":"","header-below-stick-meta":"","astra-migrate-meta-layouts":"","ast-page-background-enabled":"default","ast-page-background-meta":{"desktop":{"background-color":"var(--ast-global-color-5)","background-image":"","background-repeat":"repeat","background-position":"center center","background-size":"auto","background-attachment":"scroll","background-type":"","background-media":"","overlay-type":"","overlay-color":"","overlay-opacity":"","overlay-gradient":""},"tablet":{"background-color":"","background-image":"","background-repeat":"repeat","background-position":"center center","background-size":"auto","background-attachment":"scroll","background-type":"","background-media":"","overlay-type":"","overlay-color":"","overlay-opacity":"","overlay-gradient":""},"mobile":{"background-color":"","background-image":"","background-repeat":"repeat","background-position":"center center","background-size":"auto","background-attachment":"scroll","background-type":"","background-media":"","overlay-type":"","overlay-color":"","overlay-opacity":"","overlay-gradient":""}},"ast-content-background-meta":{"desktop":{"background-color":"var(--ast-global-color-4)","background-image":"","background-repeat":"repeat","background-position":"center center","background-size":"auto","background-attachment":"scroll","background-type":"","background-media":"","overlay-type":"","overlay-color":"","overlay-opacity":"","overlay-gradient":""},"tablet":{"background-color":"var(--ast-global-color-4)","background-image":"","background-repeat":"repeat","background-position":"center center","background-size":"auto","background-attachment":"scroll","background-type":"","background-media":"","overlay-type":"","overlay-color":"","overlay-opacity":"","overlay-gradient":""},"mobile":{"background-color":"var(--ast-global-color-4)","background-image":"","background-repeat":"repeat","background-position":"center center","background-size":"auto","background-attachment":"scroll","background-type":"","background-media":"","overlay-type":"","overlay-color":"","overlay-opacity":"","overlay-gradient":""}}},"product_brand":[526],"product_cat":[531,197],"product_tag":[],"class_list":{"0":"post-76506","1":"product","2":"type-product","3":"status-publish","4":"has-post-thumbnail","6":"product_brand-ledon","7":"product_cat-fristaende-rutschkanor","8":"product_cat-rutschkanor","9":"desktop-align-center","10":"tablet-align-left","11":"mobile-align-left","13":"first","14":"instock","15":"taxable","16":"shipping-taxable","17":"purchasable","18":"product-type-simple"},"_links":{"self":[{"href":"https:\/\/readymade.se\/lekplats\/wp-json\/wp\/v2\/product\/76506","targetHints":{"allow":["GET"]}}],"collection":[{"href":"https:\/\/readymade.se\/lekplats\/wp-json\/wp\/v2\/product"}],"about":[{"href":"https:\/\/readymade.se\/lekplats\/wp-json\/wp\/v2\/types\/product"}],"wp:featuredmedia":[{"embeddable":true,"href":"https:\/\/readymade.se\/lekplats\/wp-json\/wp\/v2\/media\/125120"}],"wp:attachment":[{"href":"https:\/\/readymade.se\/lekplats\/wp-json\/wp\/v2\/media?parent=76506"}],"wp:term":[{"taxonomy":"product_brand","embeddable":true,"href":"https:\/\/readymade.se\/lekplats\/wp-json\/wp\/v2\/product_brand?post=76506"},{"taxonomy":"product_cat","embeddable":true,"href":"https:\/\/readymade.se\/lekplats\/wp-json\/wp\/v2\/product_cat?post=76506"},{"taxonomy":"product_tag","embeddable":true,"href":"https:\/\/readymade.se\/lekplats\/wp-json\/wp\/v2\/product_tag?post=76506"}],"curies":[{"name":"wp","href":"https:\/\/api.w.org\/{rel}","templated":true}]}}