{"id":76490,"date":"2025-11-12T20:52:39","date_gmt":"2025-11-12T19:52:39","guid":{"rendered":"https:\/\/readymade.se\/core\/produkt\/somersault-bar-med-3-hojder\/"},"modified":"2026-02-28T18:10:39","modified_gmt":"2026-02-28T17:10:39","slug":"somersault-bar-med-3-hojder","status":"publish","type":"product","link":"https:\/\/readymade.se\/lekplats\/produkt\/somersault-bar-med-3-hojder\/","title":{"rendered":"Somersault bar med 3 h\u00f6jder"},"content":{"rendered":"<p>Se v\u00e4rlden upp och ner V\u00e5r klassiska kullerbyttabar har st\u00e4nger i tre h\u00f6jder, vilket g\u00f6r den l\u00e4mplig f\u00f6r b\u00e5de stora och sm\u00e5 barn och olika kunskapsniv\u00e5er. Kullerbyttan \u00e4r idealisk f\u00f6r olika aktiviteter, eftersom barn f\u00f6rutom att g\u00f6ra kullerbyttor kan anv\u00e4nda st\u00e4ngerna f\u00f6r att h\u00e4nga i och f\u00f6r att integreras i deras rollspel och t\u00e4vlingar. Den kan ocks\u00e5 anv\u00e4ndas som en plats f\u00f6r att samlas och umg\u00e5s. Kullerbyttor och annan akrobatik som g\u00e5r ut p\u00e5 att rotera 360\u00b0 \u00e4r s\u00e4rskilt bra f\u00f6r att tr\u00e4na det vestibul\u00e4ra systemet i inner\u00f6rat som s\u00e4kerst\u00e4ller att kroppen kan h\u00e5lla balansen och beh\u00e5lla sin h\u00e5llning n\u00e4r den uts\u00e4tts f\u00f6r gravitationskrafter. Ju fler m\u00f6jligheter barn har att r\u00f6ra sig i alla riktningar, desto starkare blir deras rumsliga intelligens samt deras f\u00f6rm\u00e5ga att h\u00e5lla balansen, undvika fall och h\u00e5lla fokus, vilket \u00e4r bra f\u00f6r deras fortsatta utveckling. Skaffa en kullerbytta med l\u00e5gt underh\u00e5ll till din lekplats. Valet av material kan ha stor betydelse f\u00f6r s\u00e4kerheten och hur l\u00e5ng tid du beh\u00f6ver l\u00e4gga p\u00e5 att underh\u00e5lla lekredskapen. LEDON anv\u00e4nder alltid material med l\u00e5gt underh\u00e5ll, s\u00e5 du beh\u00f6ver inte oroa dig f\u00f6r att tr\u00e4 ruttnar eller spricker, eller om det beh\u00f6ver m\u00e5las eller behandlas. V\u00e5ra kullerbyttor med l\u00e5gt underh\u00e5ll kan d\u00e4rf\u00f6r st\u00e5 utomhus i m\u00e5nga \u00e5r och i alla v\u00e4der utan att p\u00e5 n\u00e5got s\u00e4tt kompromissa med s\u00e4kerheten. L\u00e4s mer: Kvalitetsmaterial V\u00e4lj kullerbyttor med r\u00e4tt h\u00f6jd Det \u00e4r viktigt att kullerbyttan \u00e4r i r\u00e4tt h\u00f6jd f\u00f6r att barn ska kunna tr\u00e4na och utveckla sina f\u00e4rdigheter. En f\u00f6r l\u00e5g niv\u00e5 kan inneb\u00e4ra att barn inte utmanas tillr\u00e4ckligt och d\u00e4rf\u00f6r tappar intresset, och omv\u00e4nt kan en f\u00f6r h\u00f6g niv\u00e5 bli en f\u00f6r stor utmaning och undergr\u00e4va deras sj\u00e4lvf\u00f6rtroende. Ett stativ som har bommar p\u00e5 flera h\u00f6jder \u00e4r d\u00e4rf\u00f6r en bra l\u00f6sning om du vill s\u00e4kerst\u00e4lla att barn kan b\u00f6rja p\u00e5 en l\u00e5g bom och arbeta sig upp\u00e5t n\u00e4r de tr\u00e4nar och f\u00f6rb\u00e4ttrar sin kontroll. Ut\u00f6ver de ovan n\u00e4mnda f\u00f6rdelarna f\u00f6r barns motoriska f\u00e4rdigheter, kan anv\u00e4ndning av kullerbyttan och st\u00e5ngen hj\u00e4lpa till att f\u00f6rbereda barnen f\u00f6r skolan. Varje g\u00e5ng ett barn g\u00f6r en kullerbytta m\u00e5ste deras \u00f6gon anpassa sig till att vara upp och ner, och detta \u00e4r en bra \u00f6vning f\u00f6r att st\u00e4rka \u00f6gonmusklerna och f\u00f6rb\u00e4ttra barns l\u00e4sf\u00f6rm\u00e5ga. Om barn m\u00e5ste koncentrera sig f\u00f6r h\u00e5rt f\u00f6r att f\u00f6lja linjerna p\u00e5 sidan kommer de inte att kunna f\u00f6lja sj\u00e4lva ber\u00e4ttelsen, d.v.s. b\u00e4ttre \u00f6gonkontroll betyder b\u00e4ttre l\u00e4sf\u00f6rm\u00e5ga. Samtidigt \u00e4r en kullerbytta ocks\u00e5 en bilateral koordinations\u00f6vning. Med andra ord en \u00f6vning som kr\u00e4ver att b\u00e5da h\u00e4nderna samarbetar. Att tr\u00e4na handkoordination som denna \u00e4r ocks\u00e5 aktuellt i klassrummet, till exempel n\u00e4r man beh\u00f6ver h\u00e5lla pappersark och klippa ut former med sax.<\/p>\n","protected":false},"excerpt":{"rendered":"<p>Se v\u00e4rlden upp och ner V\u00e5r klassiska kullerbyttabar har st\u00e4nger i tre h\u00f6jder, vilket g\u00f6r den l\u00e4mplig f\u00f6r b\u00e5de stora och sm\u00e5 barn och olika kunskapsniv\u00e5er. Vissa<\/p>\n","protected":false},"featured_media":125398,"template":"","meta":{"site-sidebar-layout":"default","site-content-layout":"","ast-site-content-layout":"default","site-content-style":"default","site-sidebar-style":"default","ast-global-header-display":"","ast-banner-title-visibility":"","ast-main-header-display":"","ast-hfb-above-header-display":"","ast-hfb-below-header-display":"","ast-hfb-mobile-header-display":"","site-post-title":"","ast-breadcrumbs-content":"","ast-featured-img":"","footer-sml-layout":"","theme-transparent-header-meta":"default","adv-header-id-meta":"","stick-header-meta":"","header-above-stick-meta":"","header-main-stick-meta":"","header-below-stick-meta":"","astra-migrate-meta-layouts":"set","ast-page-background-enabled":"default","ast-page-background-meta":{"desktop":{"background-color":"var(--ast-global-color-5)","background-image":"","background-repeat":"repeat","background-position":"center center","background-size":"auto","background-attachment":"scroll","background-type":"","background-media":"","overlay-type":"","overlay-color":"","overlay-opacity":"","overlay-gradient":""},"tablet":{"background-color":"","background-image":"","background-repeat":"repeat","background-position":"center center","background-size":"auto","background-attachment":"scroll","background-type":"","background-media":"","overlay-type":"","overlay-color":"","overlay-opacity":"","overlay-gradient":""},"mobile":{"background-color":"","background-image":"","background-repeat":"repeat","background-position":"center center","background-size":"auto","background-attachment":"scroll","background-type":"","background-media":"","overlay-type":"","overlay-color":"","overlay-opacity":"","overlay-gradient":""}},"ast-content-background-meta":{"desktop":{"background-color":"var(--ast-global-color-4)","background-image":"","background-repeat":"repeat","background-position":"center center","background-size":"auto","background-attachment":"scroll","background-type":"","background-media":"","overlay-type":"","overlay-color":"","overlay-opacity":"","overlay-gradient":""},"tablet":{"background-color":"var(--ast-global-color-4)","background-image":"","background-repeat":"repeat","background-position":"center center","background-size":"auto","background-attachment":"scroll","background-type":"","background-media":"","overlay-type":"","overlay-color":"","overlay-opacity":"","overlay-gradient":""},"mobile":{"background-color":"var(--ast-global-color-4)","background-image":"","background-repeat":"repeat","background-position":"center center","background-size":"auto","background-attachment":"scroll","background-type":"","background-media":"","overlay-type":"","overlay-color":"","overlay-opacity":"","overlay-gradient":""}}},"product_brand":[526],"product_cat":[55,389,370],"product_tag":[],"class_list":{"0":"post-76490","1":"product","2":"type-product","3":"status-publish","4":"has-post-thumbnail","6":"product_brand-ledon","7":"product_cat-balans-motorik","8":"product_cat-pirates","9":"product_cat-produktserier","10":"desktop-align-center","11":"tablet-align-left","12":"mobile-align-left","14":"first","15":"instock","16":"taxable","17":"shipping-taxable","18":"purchasable","19":"product-type-simple"},"_links":{"self":[{"href":"https:\/\/readymade.se\/lekplats\/wp-json\/wp\/v2\/product\/76490","targetHints":{"allow":["GET"]}}],"collection":[{"href":"https:\/\/readymade.se\/lekplats\/wp-json\/wp\/v2\/product"}],"about":[{"href":"https:\/\/readymade.se\/lekplats\/wp-json\/wp\/v2\/types\/product"}],"wp:featuredmedia":[{"embeddable":true,"href":"https:\/\/readymade.se\/lekplats\/wp-json\/wp\/v2\/media\/125398"}],"wp:attachment":[{"href":"https:\/\/readymade.se\/lekplats\/wp-json\/wp\/v2\/media?parent=76490"}],"wp:term":[{"taxonomy":"product_brand","embeddable":true,"href":"https:\/\/readymade.se\/lekplats\/wp-json\/wp\/v2\/product_brand?post=76490"},{"taxonomy":"product_cat","embeddable":true,"href":"https:\/\/readymade.se\/lekplats\/wp-json\/wp\/v2\/product_cat?post=76490"},{"taxonomy":"product_tag","embeddable":true,"href":"https:\/\/readymade.se\/lekplats\/wp-json\/wp\/v2\/product_tag?post=76490"}],"curies":[{"name":"wp","href":"https:\/\/api.w.org\/{rel}","templated":true}]}}