{"id":149367,"date":"2026-03-22T20:11:22","date_gmt":"2026-03-22T19:11:22","guid":{"rendered":"https:\/\/readymade.se\/lekplats\/?post_type=product&#038;p=149367"},"modified":"2026-03-22T20:11:30","modified_gmt":"2026-03-22T19:11:30","slug":"parkbank-kadriorg-bojd-med-ryggstod-och-armstod-modell-pp617-61eo","status":"publish","type":"product","link":"https:\/\/readymade.se\/lekplats\/produkt\/parkbank-kadriorg-bojd-med-ryggstod-och-armstod-modell-pp617-61eo\/","title":{"rendered":"Parkb\u00e4nk KADRIORG b\u00f6jd, med ryggst\u00f6d och armst\u00f6d Modell PP617-61EO"},"content":{"rendered":"<p>KADRIORG PP617-61EO \u00e4r en b\u00f6jd parkb\u00e4nk med ryggst\u00f6d och armst\u00f6d som kan placeras frist\u00e5ende eller ing\u00e5 i modul\u00e4ra arrangemang f\u00f6r flera sittplatser. St\u00f6dstolpar i en enkel rad ger en visuellt l\u00e4tt silhuett som integreras i utemilj\u00f6n. Utformningen \u00e4r genomt\u00e4nkt f\u00f6r att skapa en plats f\u00f6r avkoppling och passar i olika utomhusmilj\u00f6er. B\u00e4nken \u00e4r byggd med en robust st\u00e5lkonstruktion, zinkbehandlad och pulverlackerad f\u00f6r korrosionsskydd. Sits, ryggst\u00f6d och armst\u00f6d \u00e4r utf\u00f6rda i massiva tr\u00e4ribbor av termoask. Tr\u00e4ribborna i termoask ger ett naturligt uttryck p\u00e5 plats. F\u00f6r extra stabilitet finns m\u00f6jlighet till f\u00f6rankring.<\/p>\n","protected":false},"excerpt":{"rendered":"<p>Parkb\u00e4nk med ryggst\u00f6d i st\u00e5l och tr\u00e4, anpassad f\u00f6r frist\u00e5ende placering.<\/p>\n","protected":false},"featured_media":142750,"template":"","meta":{"site-sidebar-layout":"","site-content-layout":"","ast-site-content-layout":"","site-content-style":"","site-sidebar-style":"","ast-global-header-display":"","ast-banner-title-visibility":"","ast-main-header-display":"","ast-hfb-above-header-display":"","ast-hfb-below-header-display":"","ast-hfb-mobile-header-display":"","site-post-title":"","ast-breadcrumbs-content":"","ast-featured-img":"","footer-sml-layout":"","theme-transparent-header-meta":"","adv-header-id-meta":"","stick-header-meta":"","header-above-stick-meta":"","header-main-stick-meta":"","header-below-stick-meta":"","astra-migrate-meta-layouts":"","ast-page-background-enabled":"default","ast-page-background-meta":{"desktop":{"background-color":"var(--ast-global-color-5)","background-image":"","background-repeat":"repeat","background-position":"center center","background-size":"auto","background-attachment":"scroll","background-type":"","background-media":"","overlay-type":"","overlay-color":"","overlay-opacity":"","overlay-gradient":""},"tablet":{"background-color":"","background-image":"","background-repeat":"repeat","background-position":"center center","background-size":"auto","background-attachment":"scroll","background-type":"","background-media":"","overlay-type":"","overlay-color":"","overlay-opacity":"","overlay-gradient":""},"mobile":{"background-color":"","background-image":"","background-repeat":"repeat","background-position":"center center","background-size":"auto","background-attachment":"scroll","background-type":"","background-media":"","overlay-type":"","overlay-color":"","overlay-opacity":"","overlay-gradient":""}},"ast-content-background-meta":{"desktop":{"background-color":"var(--ast-global-color-4)","background-image":"","background-repeat":"repeat","background-position":"center center","background-size":"auto","background-attachment":"scroll","background-type":"","background-media":"","overlay-type":"","overlay-color":"","overlay-opacity":"","overlay-gradient":""},"tablet":{"background-color":"var(--ast-global-color-4)","background-image":"","background-repeat":"repeat","background-position":"center center","background-size":"auto","background-attachment":"scroll","background-type":"","background-media":"","overlay-type":"","overlay-color":"","overlay-opacity":"","overlay-gradient":""},"mobile":{"background-color":"var(--ast-global-color-4)","background-image":"","background-repeat":"repeat","background-position":"center center","background-size":"auto","background-attachment":"scroll","background-type":"","background-media":"","overlay-type":"","overlay-color":"","overlay-opacity":"","overlay-gradient":""}}},"product_brand":[37],"product_cat":[444,491],"product_tag":[874],"class_list":{"0":"post-149367","1":"product","2":"type-product","3":"status-publish","4":"has-post-thumbnail","6":"product_brand-tiptiptap","7":"product_cat-gata-park","8":"product_cat-parkbankar","9":"product_tag-serie-urban-furniture","10":"pa_material-pe","11":"desktop-align-center","12":"tablet-align-left","13":"mobile-align-left","15":"first","16":"instock","17":"taxable","18":"shipping-taxable","19":"purchasable","20":"product-type-simple"},"_links":{"self":[{"href":"https:\/\/readymade.se\/lekplats\/wp-json\/wp\/v2\/product\/149367","targetHints":{"allow":["GET"]}}],"collection":[{"href":"https:\/\/readymade.se\/lekplats\/wp-json\/wp\/v2\/product"}],"about":[{"href":"https:\/\/readymade.se\/lekplats\/wp-json\/wp\/v2\/types\/product"}],"wp:featuredmedia":[{"embeddable":true,"href":"https:\/\/readymade.se\/lekplats\/wp-json\/wp\/v2\/media\/142750"}],"wp:attachment":[{"href":"https:\/\/readymade.se\/lekplats\/wp-json\/wp\/v2\/media?parent=149367"}],"wp:term":[{"taxonomy":"product_brand","embeddable":true,"href":"https:\/\/readymade.se\/lekplats\/wp-json\/wp\/v2\/product_brand?post=149367"},{"taxonomy":"product_cat","embeddable":true,"href":"https:\/\/readymade.se\/lekplats\/wp-json\/wp\/v2\/product_cat?post=149367"},{"taxonomy":"product_tag","embeddable":true,"href":"https:\/\/readymade.se\/lekplats\/wp-json\/wp\/v2\/product_tag?post=149367"}],"curies":[{"name":"wp","href":"https:\/\/api.w.org\/{rel}","templated":true}]}}