{"id":149350,"date":"2026-03-22T20:10:59","date_gmt":"2026-03-22T19:10:59","guid":{"rendered":"https:\/\/readymade.se\/lekplats\/?post_type=product&#038;p=149350"},"modified":"2026-03-22T20:11:09","modified_gmt":"2026-03-22T19:11:09","slug":"parkbank-vosu-2-180-m","status":"publish","type":"product","link":"https:\/\/readymade.se\/lekplats\/produkt\/parkbank-vosu-2-180-m\/","title":{"rendered":"Parkb\u00e4nk V\u00d5SU-2 (1,80 m)"},"content":{"rendered":"<p>Parkb\u00e4nk V\u00d5SU-2 \u00e4r 1,80 m l\u00e5ng och ger plats f\u00f6r upp till tre personer. Angiven lastkapacitet \u00e4r 450 kg. Sitsen \u00e4r uppbyggd av tr\u00e4ribbor och b\u00e4nken har ben i aluminiumlegering. Kombinationen av tr\u00e4, betong och aluminium g\u00f6r den l\u00e4mpad f\u00f6r offentliga milj\u00f6er och st\u00f6rre tr\u00e4dg\u00e5rdar. F\u00f6r \u00f6kad stabilitet kan b\u00e4nken f\u00f6rankras i marken med g\u00e4ngst\u00e4nger i en betongbas. V\u00d5SU-2 har en tidl\u00f6s form och kan best\u00e4llas i fler f\u00e4rg- och materialkombinationer. Den kan placeras frist\u00e5ende och vid behov f\u00f6rankras f\u00f6r att st\u00e5 stabilt. Kontakta oss f\u00f6r att se alternativ f\u00f6r f\u00e4rg och material.<\/p>\n","protected":false},"excerpt":{"rendered":"<p>Parkb\u00e4nk i betong, tr\u00e4 och aluminium, anpassad f\u00f6r frist\u00e5ende placering.<\/p>\n","protected":false},"featured_media":142678,"template":"","meta":{"site-sidebar-layout":"","site-content-layout":"","ast-site-content-layout":"","site-content-style":"","site-sidebar-style":"","ast-global-header-display":"","ast-banner-title-visibility":"","ast-main-header-display":"","ast-hfb-above-header-display":"","ast-hfb-below-header-display":"","ast-hfb-mobile-header-display":"","site-post-title":"","ast-breadcrumbs-content":"","ast-featured-img":"","footer-sml-layout":"","theme-transparent-header-meta":"","adv-header-id-meta":"","stick-header-meta":"","header-above-stick-meta":"","header-main-stick-meta":"","header-below-stick-meta":"","astra-migrate-meta-layouts":"","ast-page-background-enabled":"default","ast-page-background-meta":{"desktop":{"background-color":"var(--ast-global-color-5)","background-image":"","background-repeat":"repeat","background-position":"center center","background-size":"auto","background-attachment":"scroll","background-type":"","background-media":"","overlay-type":"","overlay-color":"","overlay-opacity":"","overlay-gradient":""},"tablet":{"background-color":"","background-image":"","background-repeat":"repeat","background-position":"center center","background-size":"auto","background-attachment":"scroll","background-type":"","background-media":"","overlay-type":"","overlay-color":"","overlay-opacity":"","overlay-gradient":""},"mobile":{"background-color":"","background-image":"","background-repeat":"repeat","background-position":"center center","background-size":"auto","background-attachment":"scroll","background-type":"","background-media":"","overlay-type":"","overlay-color":"","overlay-opacity":"","overlay-gradient":""}},"ast-content-background-meta":{"desktop":{"background-color":"var(--ast-global-color-4)","background-image":"","background-repeat":"repeat","background-position":"center center","background-size":"auto","background-attachment":"scroll","background-type":"","background-media":"","overlay-type":"","overlay-color":"","overlay-opacity":"","overlay-gradient":""},"tablet":{"background-color":"var(--ast-global-color-4)","background-image":"","background-repeat":"repeat","background-position":"center center","background-size":"auto","background-attachment":"scroll","background-type":"","background-media":"","overlay-type":"","overlay-color":"","overlay-opacity":"","overlay-gradient":""},"mobile":{"background-color":"var(--ast-global-color-4)","background-image":"","background-repeat":"repeat","background-position":"center center","background-size":"auto","background-attachment":"scroll","background-type":"","background-media":"","overlay-type":"","overlay-color":"","overlay-opacity":"","overlay-gradient":""}}},"product_brand":[37],"product_cat":[444,491],"product_tag":[874],"class_list":{"0":"post-149350","1":"product","2":"type-product","3":"status-publish","4":"has-post-thumbnail","6":"product_brand-tiptiptap","7":"product_cat-gata-park","8":"product_cat-parkbankar","9":"product_tag-serie-urban-furniture","10":"pa_material-pe","11":"desktop-align-center","12":"tablet-align-left","13":"mobile-align-left","15":"first","16":"instock","17":"taxable","18":"shipping-taxable","19":"purchasable","20":"product-type-simple"},"_links":{"self":[{"href":"https:\/\/readymade.se\/lekplats\/wp-json\/wp\/v2\/product\/149350","targetHints":{"allow":["GET"]}}],"collection":[{"href":"https:\/\/readymade.se\/lekplats\/wp-json\/wp\/v2\/product"}],"about":[{"href":"https:\/\/readymade.se\/lekplats\/wp-json\/wp\/v2\/types\/product"}],"wp:featuredmedia":[{"embeddable":true,"href":"https:\/\/readymade.se\/lekplats\/wp-json\/wp\/v2\/media\/142678"}],"wp:attachment":[{"href":"https:\/\/readymade.se\/lekplats\/wp-json\/wp\/v2\/media?parent=149350"}],"wp:term":[{"taxonomy":"product_brand","embeddable":true,"href":"https:\/\/readymade.se\/lekplats\/wp-json\/wp\/v2\/product_brand?post=149350"},{"taxonomy":"product_cat","embeddable":true,"href":"https:\/\/readymade.se\/lekplats\/wp-json\/wp\/v2\/product_cat?post=149350"},{"taxonomy":"product_tag","embeddable":true,"href":"https:\/\/readymade.se\/lekplats\/wp-json\/wp\/v2\/product_tag?post=149350"}],"curies":[{"name":"wp","href":"https:\/\/api.w.org\/{rel}","templated":true}]}}