{"id":149320,"date":"2026-03-22T20:10:34","date_gmt":"2026-03-22T19:10:34","guid":{"rendered":"https:\/\/readymade.se\/lekplats\/?post_type=product&#038;p=149320"},"modified":"2026-03-22T20:10:48","modified_gmt":"2026-03-22T19:10:48","slug":"cykelstall-zora","status":"publish","type":"product","link":"https:\/\/readymade.se\/lekplats\/produkt\/cykelstall-zora\/","title":{"rendered":"Cykelst\u00e4ll Zora"},"content":{"rendered":"<p>Cykelst\u00e4ll Zora \u00e4r ett cykelst\u00e4ll f\u00f6r utomhusmilj\u00f6er som ska k\u00e4nnas organiserade och l\u00e4ttanv\u00e4nda. St\u00e4llet \u00e4r utformat f\u00f6r dubbelsidig cykelparkering och kan hj\u00e4lpa till att utnyttja ytan effektivt n\u00e4r m\u00e5nga cyklar ska rymmas. Ett mjukt gummiband sitter d\u00e4r cykeln har kontakt, f\u00f6r att minska risken f\u00f6r repor och m\u00e4rken p\u00e5 cykelns ytor. Zora \u00e4r tillverkat i st\u00e5l och behandlat med zinkbel\u00e4ggning samt pulverlackering f\u00f6r korrosionsskydd och motst\u00e5nd mot v\u00e4der och vind. Produkten kan f\u00e5s i olika f\u00e4rgalternativ f\u00f6r att passa in i projektets helhet. Den tydliga konstruktionen g\u00f6r produkten enkel att anv\u00e4nda i vardagen och ger en l\u00f6sning som fungerar i b\u00e5de mindre och st\u00f6rre projekt. Sammantaget \u00e4r det ett h\u00e5llbart<\/p>\n","protected":false},"excerpt":{"rendered":"<p>Cykelst\u00e4ll i st\u00e5l.<\/p>\n","protected":false},"featured_media":142606,"template":"","meta":{"site-sidebar-layout":"","site-content-layout":"","ast-site-content-layout":"","site-content-style":"","site-sidebar-style":"","ast-global-header-display":"","ast-banner-title-visibility":"","ast-main-header-display":"","ast-hfb-above-header-display":"","ast-hfb-below-header-display":"","ast-hfb-mobile-header-display":"","site-post-title":"","ast-breadcrumbs-content":"","ast-featured-img":"","footer-sml-layout":"","theme-transparent-header-meta":"","adv-header-id-meta":"","stick-header-meta":"","header-above-stick-meta":"","header-main-stick-meta":"","header-below-stick-meta":"","astra-migrate-meta-layouts":"","ast-page-background-enabled":"default","ast-page-background-meta":{"desktop":{"background-color":"var(--ast-global-color-5)","background-image":"","background-repeat":"repeat","background-position":"center center","background-size":"auto","background-attachment":"scroll","background-type":"","background-media":"","overlay-type":"","overlay-color":"","overlay-opacity":"","overlay-gradient":""},"tablet":{"background-color":"","background-image":"","background-repeat":"repeat","background-position":"center center","background-size":"auto","background-attachment":"scroll","background-type":"","background-media":"","overlay-type":"","overlay-color":"","overlay-opacity":"","overlay-gradient":""},"mobile":{"background-color":"","background-image":"","background-repeat":"repeat","background-position":"center center","background-size":"auto","background-attachment":"scroll","background-type":"","background-media":"","overlay-type":"","overlay-color":"","overlay-opacity":"","overlay-gradient":""}},"ast-content-background-meta":{"desktop":{"background-color":"var(--ast-global-color-4)","background-image":"","background-repeat":"repeat","background-position":"center center","background-size":"auto","background-attachment":"scroll","background-type":"","background-media":"","overlay-type":"","overlay-color":"","overlay-opacity":"","overlay-gradient":""},"tablet":{"background-color":"var(--ast-global-color-4)","background-image":"","background-repeat":"repeat","background-position":"center center","background-size":"auto","background-attachment":"scroll","background-type":"","background-media":"","overlay-type":"","overlay-color":"","overlay-opacity":"","overlay-gradient":""},"mobile":{"background-color":"var(--ast-global-color-4)","background-image":"","background-repeat":"repeat","background-position":"center center","background-size":"auto","background-attachment":"scroll","background-type":"","background-media":"","overlay-type":"","overlay-color":"","overlay-opacity":"","overlay-gradient":""}}},"product_brand":[37],"product_cat":[490,444],"product_tag":[874],"class_list":{"0":"post-149320","1":"product","2":"type-product","3":"status-publish","4":"has-post-thumbnail","6":"product_brand-tiptiptap","7":"product_cat-cykelstall","8":"product_cat-gata-park","9":"product_tag-serie-urban-furniture","10":"desktop-align-center","11":"tablet-align-left","12":"mobile-align-left","14":"first","15":"instock","16":"taxable","17":"shipping-taxable","18":"purchasable","19":"product-type-simple"},"_links":{"self":[{"href":"https:\/\/readymade.se\/lekplats\/wp-json\/wp\/v2\/product\/149320","targetHints":{"allow":["GET"]}}],"collection":[{"href":"https:\/\/readymade.se\/lekplats\/wp-json\/wp\/v2\/product"}],"about":[{"href":"https:\/\/readymade.se\/lekplats\/wp-json\/wp\/v2\/types\/product"}],"wp:featuredmedia":[{"embeddable":true,"href":"https:\/\/readymade.se\/lekplats\/wp-json\/wp\/v2\/media\/142606"}],"wp:attachment":[{"href":"https:\/\/readymade.se\/lekplats\/wp-json\/wp\/v2\/media?parent=149320"}],"wp:term":[{"taxonomy":"product_brand","embeddable":true,"href":"https:\/\/readymade.se\/lekplats\/wp-json\/wp\/v2\/product_brand?post=149320"},{"taxonomy":"product_cat","embeddable":true,"href":"https:\/\/readymade.se\/lekplats\/wp-json\/wp\/v2\/product_cat?post=149320"},{"taxonomy":"product_tag","embeddable":true,"href":"https:\/\/readymade.se\/lekplats\/wp-json\/wp\/v2\/product_tag?post=149320"}],"curies":[{"name":"wp","href":"https:\/\/api.w.org\/{rel}","templated":true}]}}