{"id":149283,"date":"2026-03-22T20:10:07","date_gmt":"2026-03-22T19:10:07","guid":{"rendered":"https:\/\/readymade.se\/lekplats\/?post_type=product&#038;p=149283"},"modified":"2026-03-22T20:10:16","modified_gmt":"2026-03-22T19:10:16","slug":"epdm-stotyta-30-mm-m2","status":"publish","type":"product","link":"https:\/\/readymade.se\/lekplats\/produkt\/epdm-stotyta-30-mm-m2\/","title":{"rendered":"EPDM-st\u00f6tyta 30 mm (m2)"},"content":{"rendered":"<p>EPDM-st\u00f6tyta 30 mm \u00e4r en platsgjuten och dr\u00e4nerande gummiyta f\u00f6r lekplatser, f\u00f6rskoleg\u00e5rdar och andra offentliga milj\u00f6er med krav p\u00e5 s\u00e4kerhet och l\u00e5ng livsl\u00e4ngd. Ytan ger en s\u00f6ml\u00f6s finish, god slitstyrka och h\u00f6g flexibilitet i b\u00e5de f\u00e4rgval och utformning. Materialet \u00e4r v\u00e4dert\u00e5ligt och l\u00e4mpar sig f\u00f6r projekt d\u00e4r man vill kombinera trygghet, l\u00e5g sk\u00f6tsel och ett enhetligt visuellt uttryck. F\u00f6r denna tjocklek finns ingen angiven kritisk fallh\u00f6jd fr\u00e5n leverant\u00f6ren.<\/p>\n","protected":false},"excerpt":{"rendered":"<p>Platsgjuten EPDM-st\u00f6tyta 30 mm f\u00f6r lekplatser och offentliga milj\u00f6er.<\/p>\n","protected":false},"featured_media":142468,"template":"","meta":{"site-sidebar-layout":"","site-content-layout":"","ast-site-content-layout":"","site-content-style":"","site-sidebar-style":"","ast-global-header-display":"","ast-banner-title-visibility":"","ast-main-header-display":"","ast-hfb-above-header-display":"","ast-hfb-below-header-display":"","ast-hfb-mobile-header-display":"","site-post-title":"","ast-breadcrumbs-content":"","ast-featured-img":"","footer-sml-layout":"","theme-transparent-header-meta":"","adv-header-id-meta":"","stick-header-meta":"","header-above-stick-meta":"","header-main-stick-meta":"","header-below-stick-meta":"","astra-migrate-meta-layouts":"","ast-page-background-enabled":"default","ast-page-background-meta":{"desktop":{"background-color":"var(--ast-global-color-5)","background-image":"","background-repeat":"repeat","background-position":"center center","background-size":"auto","background-attachment":"scroll","background-type":"","background-media":"","overlay-type":"","overlay-color":"","overlay-opacity":"","overlay-gradient":""},"tablet":{"background-color":"","background-image":"","background-repeat":"repeat","background-position":"center center","background-size":"auto","background-attachment":"scroll","background-type":"","background-media":"","overlay-type":"","overlay-color":"","overlay-opacity":"","overlay-gradient":""},"mobile":{"background-color":"","background-image":"","background-repeat":"repeat","background-position":"center center","background-size":"auto","background-attachment":"scroll","background-type":"","background-media":"","overlay-type":"","overlay-color":"","overlay-opacity":"","overlay-gradient":""}},"ast-content-background-meta":{"desktop":{"background-color":"var(--ast-global-color-4)","background-image":"","background-repeat":"repeat","background-position":"center center","background-size":"auto","background-attachment":"scroll","background-type":"","background-media":"","overlay-type":"","overlay-color":"","overlay-opacity":"","overlay-gradient":""},"tablet":{"background-color":"var(--ast-global-color-4)","background-image":"","background-repeat":"repeat","background-position":"center center","background-size":"auto","background-attachment":"scroll","background-type":"","background-media":"","overlay-type":"","overlay-color":"","overlay-opacity":"","overlay-gradient":""},"mobile":{"background-color":"var(--ast-global-color-4)","background-image":"","background-repeat":"repeat","background-position":"center center","background-size":"auto","background-attachment":"scroll","background-type":"","background-media":"","overlay-type":"","overlay-color":"","overlay-opacity":"","overlay-gradient":""}}},"product_brand":[37],"product_cat":[912],"product_tag":[898],"class_list":{"0":"post-149283","1":"product","2":"type-product","3":"status-publish","4":"has-post-thumbnail","6":"product_brand-tiptiptap","7":"product_cat-epdm-stotyta","8":"product_tag-serie-safety-surfaces","9":"desktop-align-center","10":"tablet-align-left","11":"mobile-align-left","13":"first","14":"instock","15":"taxable","16":"shipping-taxable","17":"purchasable","18":"product-type-simple"},"_links":{"self":[{"href":"https:\/\/readymade.se\/lekplats\/wp-json\/wp\/v2\/product\/149283","targetHints":{"allow":["GET"]}}],"collection":[{"href":"https:\/\/readymade.se\/lekplats\/wp-json\/wp\/v2\/product"}],"about":[{"href":"https:\/\/readymade.se\/lekplats\/wp-json\/wp\/v2\/types\/product"}],"wp:featuredmedia":[{"embeddable":true,"href":"https:\/\/readymade.se\/lekplats\/wp-json\/wp\/v2\/media\/142468"}],"wp:attachment":[{"href":"https:\/\/readymade.se\/lekplats\/wp-json\/wp\/v2\/media?parent=149283"}],"wp:term":[{"taxonomy":"product_brand","embeddable":true,"href":"https:\/\/readymade.se\/lekplats\/wp-json\/wp\/v2\/product_brand?post=149283"},{"taxonomy":"product_cat","embeddable":true,"href":"https:\/\/readymade.se\/lekplats\/wp-json\/wp\/v2\/product_cat?post=149283"},{"taxonomy":"product_tag","embeddable":true,"href":"https:\/\/readymade.se\/lekplats\/wp-json\/wp\/v2\/product_tag?post=149283"}],"curies":[{"name":"wp","href":"https:\/\/api.w.org\/{rel}","templated":true}]}}