{"id":147820,"date":"2026-03-22T19:52:53","date_gmt":"2026-03-22T18:52:53","guid":{"rendered":"https:\/\/readymade.se\/lekplats\/?post_type=product&#038;p=147820"},"modified":"2026-03-22T19:53:07","modified_gmt":"2026-03-22T18:53:07","slug":"lekstallning-hardy","status":"publish","type":"product","link":"https:\/\/readymade.se\/lekplats\/produkt\/lekstallning-hardy\/","title":{"rendered":"Lekst\u00e4llning Hardy"},"content":{"rendered":"<p>Hardy \u00e4r ett motoriskt utmanande lekelement som fokuserar p\u00e5 kl\u00e4ttring och fysisk utveckling. Lekstrukturen erbjuder kl\u00e4tterv\u00e4gg i HDPE med grepp och \u00f6ppningar som tr\u00e4nar styrka, grepp, koordination och kroppskontroll. Kl\u00e4ttern\u00e4tet ger ett tekniskt kl\u00e4ttermoment som utmanar balans och r\u00f6relseplanering. Brandmansst\u00e5ngen m\u00f6jligg\u00f6r snabb och fartfylld nedstigning, medan plattformsf\u00f6rflyttning p\u00e5 h\u00f6jd tr\u00e4nar stabilitet och h\u00f6jdtolerans. En rutschkana fr\u00e5n 1,55 m h\u00f6jd st\u00e4rker kroppskontroll och landningsteknik. Tv\u00e4rst\u00e5ngen ger m\u00f6jlighet till h\u00e4ngande och svingande r\u00f6relser som st\u00e4rker \u00f6verkroppen.<\/p>\n","protected":false},"excerpt":{"rendered":"<p>Avancerad kl\u00e4tterlek som tr\u00e4nar styrka, balans och kroppskontroll genom flera fysiska utmaningar.<\/p>\n","protected":false},"featured_media":139929,"template":"","meta":{"site-sidebar-layout":"default","site-content-layout":"","ast-site-content-layout":"default","site-content-style":"default","site-sidebar-style":"default","ast-global-header-display":"","ast-banner-title-visibility":"","ast-main-header-display":"","ast-hfb-above-header-display":"","ast-hfb-below-header-display":"","ast-hfb-mobile-header-display":"","site-post-title":"","ast-breadcrumbs-content":"","ast-featured-img":"","footer-sml-layout":"","theme-transparent-header-meta":"default","adv-header-id-meta":"","stick-header-meta":"","header-above-stick-meta":"","header-main-stick-meta":"","header-below-stick-meta":"","astra-migrate-meta-layouts":"set","ast-page-background-enabled":"default","ast-page-background-meta":{"desktop":{"background-color":"var(--ast-global-color-5)","background-image":"","background-repeat":"repeat","background-position":"center center","background-size":"auto","background-attachment":"scroll","background-type":"","background-media":"","overlay-type":"","overlay-color":"","overlay-opacity":"","overlay-gradient":""},"tablet":{"background-color":"","background-image":"","background-repeat":"repeat","background-position":"center center","background-size":"auto","background-attachment":"scroll","background-type":"","background-media":"","overlay-type":"","overlay-color":"","overlay-opacity":"","overlay-gradient":""},"mobile":{"background-color":"","background-image":"","background-repeat":"repeat","background-position":"center center","background-size":"auto","background-attachment":"scroll","background-type":"","background-media":"","overlay-type":"","overlay-color":"","overlay-opacity":"","overlay-gradient":""}},"ast-content-background-meta":{"desktop":{"background-color":"var(--ast-global-color-4)","background-image":"","background-repeat":"repeat","background-position":"center center","background-size":"auto","background-attachment":"scroll","background-type":"","background-media":"","overlay-type":"","overlay-color":"","overlay-opacity":"","overlay-gradient":""},"tablet":{"background-color":"var(--ast-global-color-4)","background-image":"","background-repeat":"repeat","background-position":"center center","background-size":"auto","background-attachment":"scroll","background-type":"","background-media":"","overlay-type":"","overlay-color":"","overlay-opacity":"","overlay-gradient":""},"mobile":{"background-color":"var(--ast-global-color-4)","background-image":"","background-repeat":"repeat","background-position":"center center","background-size":"auto","background-attachment":"scroll","background-type":"","background-media":"","overlay-type":"","overlay-color":"","overlay-opacity":"","overlay-gradient":""}}},"product_brand":[37],"product_cat":[418,413,32],"product_tag":[875],"class_list":{"0":"post-147820","1":"product","2":"type-product","3":"status-publish","4":"has-post-thumbnail","6":"product_brand-tiptiptap","7":"product_cat-lekplatsutrustning","8":"product_cat-standardsortiment","9":"product_cat-lekstallningar","10":"product_tag-serie-standard","11":"desktop-align-center","12":"tablet-align-left","13":"mobile-align-left","15":"first","16":"instock","17":"taxable","18":"shipping-taxable","19":"purchasable","20":"product-type-variable","21":"has-default-attributes"},"_links":{"self":[{"href":"https:\/\/readymade.se\/lekplats\/wp-json\/wp\/v2\/product\/147820","targetHints":{"allow":["GET"]}}],"collection":[{"href":"https:\/\/readymade.se\/lekplats\/wp-json\/wp\/v2\/product"}],"about":[{"href":"https:\/\/readymade.se\/lekplats\/wp-json\/wp\/v2\/types\/product"}],"wp:featuredmedia":[{"embeddable":true,"href":"https:\/\/readymade.se\/lekplats\/wp-json\/wp\/v2\/media\/139929"}],"wp:attachment":[{"href":"https:\/\/readymade.se\/lekplats\/wp-json\/wp\/v2\/media?parent=147820"}],"wp:term":[{"taxonomy":"product_brand","embeddable":true,"href":"https:\/\/readymade.se\/lekplats\/wp-json\/wp\/v2\/product_brand?post=147820"},{"taxonomy":"product_cat","embeddable":true,"href":"https:\/\/readymade.se\/lekplats\/wp-json\/wp\/v2\/product_cat?post=147820"},{"taxonomy":"product_tag","embeddable":true,"href":"https:\/\/readymade.se\/lekplats\/wp-json\/wp\/v2\/product_tag?post=147820"}],"curies":[{"name":"wp","href":"https:\/\/api.w.org\/{rel}","templated":true}]}}