{"id":147658,"date":"2026-03-22T19:51:08","date_gmt":"2026-03-22T18:51:08","guid":{"rendered":"https:\/\/readymade.se\/lekplats\/?post_type=product&#038;p=147658"},"modified":"2026-03-22T19:51:15","modified_gmt":"2026-03-22T18:51:15","slug":"temalek-optiskt-hjul","status":"publish","type":"product","link":"https:\/\/readymade.se\/lekplats\/produkt\/temalek-optiskt-hjul\/","title":{"rendered":"Temalek Optiskt hjul"},"content":{"rendered":"<p>Det optiska hjulet \u00e4r ett pedagogiskt och visuellt redskap som l\u00e5ter barn och unga utforska optiska illusioner p\u00e5 ett lekfullt s\u00e4tt. Genom att s\u00e4tta hjulet i r\u00f6relse och variera rotationshastigheten kan anv\u00e4ndarna observera hur hj\u00e4rnan tolkar synintryck p\u00e5 olika s\u00e4tt.<\/p>\n<p>Genom att fokusera blicken p\u00e5 olika delar av hjulet uppst\u00e5r varierande visuella effekter, vilket tydligt visar samspelet mellan \u00f6ga och hj\u00e4rna. Produkten kan levereras med olika typer av skivor och l\u00e4mpar sig v\u00e4l f\u00f6r att skapa tematiska l\u00e4rstigar kring perception och fysik.<\/p>\n<p>Det optiska hjulet stimulerar nyfikenhet, koncentration och f\u00f6rst\u00e5else f\u00f6r grundl\u00e4ggande fysikaliska lagar, samtidigt som det fascinerar och underh\u00e5ller. Materialet \u00e4r behandlat med pulverlack och antikorrosionsgrundf\u00e4rg, vilket g\u00f6r konstruktionen l\u00e4mplig f\u00f6r l\u00e5ngvarigt utomhusbruk.<\/p>\n","protected":false},"excerpt":{"rendered":"<p>Interaktivt optiskt hjul som visar hur syn och hj\u00e4rna samverkar genom illusioner. Ett fascinerande l\u00e4rverktyg f\u00f6r utomhusmilj\u00f6er.<\/p>\n","protected":false},"featured_media":139580,"template":"","meta":{"site-sidebar-layout":"default","site-content-layout":"","ast-site-content-layout":"default","site-content-style":"default","site-sidebar-style":"default","ast-global-header-display":"","ast-banner-title-visibility":"","ast-main-header-display":"","ast-hfb-above-header-display":"","ast-hfb-below-header-display":"","ast-hfb-mobile-header-display":"","site-post-title":"","ast-breadcrumbs-content":"","ast-featured-img":"","footer-sml-layout":"","theme-transparent-header-meta":"default","adv-header-id-meta":"","stick-header-meta":"","header-above-stick-meta":"","header-main-stick-meta":"","header-below-stick-meta":"","astra-migrate-meta-layouts":"set","ast-page-background-enabled":"default","ast-page-background-meta":{"desktop":{"background-color":"var(--ast-global-color-5)","background-image":"","background-repeat":"repeat","background-position":"center center","background-size":"auto","background-attachment":"scroll","background-type":"","background-media":"","overlay-type":"","overlay-color":"","overlay-opacity":"","overlay-gradient":""},"tablet":{"background-color":"","background-image":"","background-repeat":"repeat","background-position":"center center","background-size":"auto","background-attachment":"scroll","background-type":"","background-media":"","overlay-type":"","overlay-color":"","overlay-opacity":"","overlay-gradient":""},"mobile":{"background-color":"","background-image":"","background-repeat":"repeat","background-position":"center center","background-size":"auto","background-attachment":"scroll","background-type":"","background-media":"","overlay-type":"","overlay-color":"","overlay-opacity":"","overlay-gradient":""}},"ast-content-background-meta":{"desktop":{"background-color":"var(--ast-global-color-4)","background-image":"","background-repeat":"repeat","background-position":"center center","background-size":"auto","background-attachment":"scroll","background-type":"","background-media":"","overlay-type":"","overlay-color":"","overlay-opacity":"","overlay-gradient":""},"tablet":{"background-color":"var(--ast-global-color-4)","background-image":"","background-repeat":"repeat","background-position":"center center","background-size":"auto","background-attachment":"scroll","background-type":"","background-media":"","overlay-type":"","overlay-color":"","overlay-opacity":"","overlay-gradient":""},"mobile":{"background-color":"var(--ast-global-color-4)","background-image":"","background-repeat":"repeat","background-position":"center center","background-size":"auto","background-attachment":"scroll","background-type":"","background-media":"","overlay-type":"","overlay-color":"","overlay-opacity":"","overlay-gradient":""}}},"product_brand":[37],"product_cat":[292],"product_tag":[885,875],"class_list":{"0":"post-147658","1":"product","2":"type-product","3":"status-publish","4":"has-post-thumbnail","6":"product_brand-tiptiptap","7":"product_cat-temalek","8":"product_tag-inte-frilagd","9":"product_tag-serie-standard","10":"pa_material-mf","11":"desktop-align-center","12":"tablet-align-left","13":"mobile-align-left","15":"first","16":"instock","17":"taxable","18":"shipping-taxable","19":"purchasable","20":"product-type-simple"},"_links":{"self":[{"href":"https:\/\/readymade.se\/lekplats\/wp-json\/wp\/v2\/product\/147658","targetHints":{"allow":["GET"]}}],"collection":[{"href":"https:\/\/readymade.se\/lekplats\/wp-json\/wp\/v2\/product"}],"about":[{"href":"https:\/\/readymade.se\/lekplats\/wp-json\/wp\/v2\/types\/product"}],"wp:featuredmedia":[{"embeddable":true,"href":"https:\/\/readymade.se\/lekplats\/wp-json\/wp\/v2\/media\/139580"}],"wp:attachment":[{"href":"https:\/\/readymade.se\/lekplats\/wp-json\/wp\/v2\/media?parent=147658"}],"wp:term":[{"taxonomy":"product_brand","embeddable":true,"href":"https:\/\/readymade.se\/lekplats\/wp-json\/wp\/v2\/product_brand?post=147658"},{"taxonomy":"product_cat","embeddable":true,"href":"https:\/\/readymade.se\/lekplats\/wp-json\/wp\/v2\/product_cat?post=147658"},{"taxonomy":"product_tag","embeddable":true,"href":"https:\/\/readymade.se\/lekplats\/wp-json\/wp\/v2\/product_tag?post=147658"}],"curies":[{"name":"wp","href":"https:\/\/api.w.org\/{rel}","templated":true}]}}