{"id":147617,"date":"2026-03-22T19:50:29","date_gmt":"2026-03-22T18:50:29","guid":{"rendered":"https:\/\/readymade.se\/lekplats\/?post_type=product&#038;p=147617"},"modified":"2026-03-22T19:51:02","modified_gmt":"2026-03-22T18:51:02","slug":"fordon-brandbil-stor","status":"publish","type":"product","link":"https:\/\/readymade.se\/lekplats\/produkt\/fordon-brandbil-stor\/","title":{"rendered":"Fordon Brandbil stor"},"content":{"rendered":"<p>Brandbil stor \u00e4r en omfattande temalekutrustning som rymmer ett helt brandmansteam. Fordonet har en f\u00f6rarhytt med ratt framtill och tv\u00e5 sittplatser baktill. Upp- och nedstigning sker via trappa med ledst\u00e4nger eller rullstolsanpassad ramp, och nedf\u00e4rd sker via en bred rutschkana med h\u00f6jd 1,2 m. Brandbilen \u00e4r \u00e4ven utrustad med stegformad kl\u00e4tterv\u00e4gg och genomkrypningsh\u00e5l. Lekv\u00e4rdet f\u00f6rst\u00e4rks av realistiska detaljer som tv\u00e5 roterande brandsirener, tv\u00e5 roterande v\u00e4xlar, en roterande brandslang, ett handtag med kedja samt tv\u00e5 sammankopplade talr\u00f6r, vilket g\u00f6r leken engagerande och samarbetsinriktad.<\/p>\n","protected":false},"excerpt":{"rendered":"<p>Stor och detaljrik brandbilslek som bjuder in till rollekar, samarbete och fartfylld r\u00f6relselek.<\/p>\n","protected":false},"featured_media":139505,"template":"","meta":{"site-sidebar-layout":"","site-content-layout":"","ast-site-content-layout":"","site-content-style":"","site-sidebar-style":"","ast-global-header-display":"","ast-banner-title-visibility":"","ast-main-header-display":"","ast-hfb-above-header-display":"","ast-hfb-below-header-display":"","ast-hfb-mobile-header-display":"","site-post-title":"","ast-breadcrumbs-content":"","ast-featured-img":"","footer-sml-layout":"","theme-transparent-header-meta":"","adv-header-id-meta":"","stick-header-meta":"","header-above-stick-meta":"","header-main-stick-meta":"","header-below-stick-meta":"","astra-migrate-meta-layouts":"","ast-page-background-enabled":"default","ast-page-background-meta":{"desktop":{"background-color":"var(--ast-global-color-5)","background-image":"","background-repeat":"repeat","background-position":"center center","background-size":"auto","background-attachment":"scroll","background-type":"","background-media":"","overlay-type":"","overlay-color":"","overlay-opacity":"","overlay-gradient":""},"tablet":{"background-color":"","background-image":"","background-repeat":"repeat","background-position":"center center","background-size":"auto","background-attachment":"scroll","background-type":"","background-media":"","overlay-type":"","overlay-color":"","overlay-opacity":"","overlay-gradient":""},"mobile":{"background-color":"","background-image":"","background-repeat":"repeat","background-position":"center center","background-size":"auto","background-attachment":"scroll","background-type":"","background-media":"","overlay-type":"","overlay-color":"","overlay-opacity":"","overlay-gradient":""}},"ast-content-background-meta":{"desktop":{"background-color":"var(--ast-global-color-4)","background-image":"","background-repeat":"repeat","background-position":"center center","background-size":"auto","background-attachment":"scroll","background-type":"","background-media":"","overlay-type":"","overlay-color":"","overlay-opacity":"","overlay-gradient":""},"tablet":{"background-color":"var(--ast-global-color-4)","background-image":"","background-repeat":"repeat","background-position":"center center","background-size":"auto","background-attachment":"scroll","background-type":"","background-media":"","overlay-type":"","overlay-color":"","overlay-opacity":"","overlay-gradient":""},"mobile":{"background-color":"var(--ast-global-color-4)","background-image":"","background-repeat":"repeat","background-position":"center center","background-size":"auto","background-attachment":"scroll","background-type":"","background-media":"","overlay-type":"","overlay-color":"","overlay-opacity":"","overlay-gradient":""}}},"product_brand":[37],"product_cat":[497,292,32],"product_tag":[875],"class_list":{"0":"post-147617","1":"product","2":"type-product","3":"status-publish","4":"has-post-thumbnail","6":"product_brand-tiptiptap","7":"product_cat-fordon","8":"product_cat-temalek","9":"product_cat-lekstallningar","10":"product_tag-serie-standard","11":"desktop-align-center","12":"tablet-align-left","13":"mobile-align-left","15":"first","16":"instock","17":"taxable","18":"shipping-taxable","19":"purchasable","20":"product-type-variable","21":"has-default-attributes"},"_links":{"self":[{"href":"https:\/\/readymade.se\/lekplats\/wp-json\/wp\/v2\/product\/147617","targetHints":{"allow":["GET"]}}],"collection":[{"href":"https:\/\/readymade.se\/lekplats\/wp-json\/wp\/v2\/product"}],"about":[{"href":"https:\/\/readymade.se\/lekplats\/wp-json\/wp\/v2\/types\/product"}],"wp:featuredmedia":[{"embeddable":true,"href":"https:\/\/readymade.se\/lekplats\/wp-json\/wp\/v2\/media\/139505"}],"wp:attachment":[{"href":"https:\/\/readymade.se\/lekplats\/wp-json\/wp\/v2\/media?parent=147617"}],"wp:term":[{"taxonomy":"product_brand","embeddable":true,"href":"https:\/\/readymade.se\/lekplats\/wp-json\/wp\/v2\/product_brand?post=147617"},{"taxonomy":"product_cat","embeddable":true,"href":"https:\/\/readymade.se\/lekplats\/wp-json\/wp\/v2\/product_cat?post=147617"},{"taxonomy":"product_tag","embeddable":true,"href":"https:\/\/readymade.se\/lekplats\/wp-json\/wp\/v2\/product_tag?post=147617"}],"curies":[{"name":"wp","href":"https:\/\/api.w.org\/{rel}","templated":true}]}}