{"id":147571,"date":"2026-03-22T19:50:03","date_gmt":"2026-03-22T18:50:03","guid":{"rendered":"https:\/\/readymade.se\/lekplats\/?post_type=product&#038;p=147571"},"modified":"2026-03-22T19:50:13","modified_gmt":"2026-03-22T18:50:13","slug":"blomlada-nurmsi-200x200-cm","status":"publish","type":"product","link":"https:\/\/readymade.se\/lekplats\/produkt\/blomlada-nurmsi-200x200-cm\/","title":{"rendered":"Bloml\u00e5da Nurmsi 200&#215;200 cm"},"content":{"rendered":"<p>Bloml\u00e5da Nurmsi 200&#215;200 cm \u00e4r en stor planteringsmodul f\u00f6r offentliga milj\u00f6er d\u00e4r b\u00e5de volym och funktion \u00e4r viktiga. Modellen har dr\u00e4neringssystem och ett avtagbart lyftsystem som m\u00f6jligg\u00f6r hantering med kran vid installation och omplacering. Konstruktionen levereras i galvaniserat och pulverlackerat st\u00e5l med tr\u00e4utf\u00f6rande i ask, och kan \u00e4ven best\u00e4llas i rostfritt st\u00e5l. F\u00e4rger kan anpassas enligt RAL-kod och tr\u00e4toner finns i flera utf\u00f6randen. Serien erbjuds i storlekarna 200x200x95 cm, 100x100x95 cm och 100x50x60 cm. Ett flexibelt val f\u00f6r st\u00f6rre planteringsprojekt med professionell drift. Produkten \u00e4r utvecklad f\u00f6r regelbunden anv\u00e4ndning i offentlig utemilj\u00f6 och ger stabil funktion \u00f6ver tid.<\/p>\n","protected":false},"excerpt":{"rendered":"<p>Stor bloml\u00e5da med dr\u00e4neringssystem och kranlyftsfunktion, i galvaniserat st\u00e5l och tr\u00e4detaljer.<\/p>\n","protected":false},"featured_media":139420,"template":"","meta":{"site-sidebar-layout":"default","site-content-layout":"","ast-site-content-layout":"default","site-content-style":"default","site-sidebar-style":"default","ast-global-header-display":"","ast-banner-title-visibility":"","ast-main-header-display":"","ast-hfb-above-header-display":"","ast-hfb-below-header-display":"","ast-hfb-mobile-header-display":"","site-post-title":"","ast-breadcrumbs-content":"","ast-featured-img":"","footer-sml-layout":"","theme-transparent-header-meta":"default","adv-header-id-meta":"","stick-header-meta":"","header-above-stick-meta":"","header-main-stick-meta":"","header-below-stick-meta":"","astra-migrate-meta-layouts":"set","ast-page-background-enabled":"default","ast-page-background-meta":{"desktop":{"background-color":"var(--ast-global-color-5)","background-image":"","background-repeat":"repeat","background-position":"center center","background-size":"auto","background-attachment":"scroll","background-type":"","background-media":"","overlay-type":"","overlay-color":"","overlay-opacity":"","overlay-gradient":""},"tablet":{"background-color":"","background-image":"","background-repeat":"repeat","background-position":"center center","background-size":"auto","background-attachment":"scroll","background-type":"","background-media":"","overlay-type":"","overlay-color":"","overlay-opacity":"","overlay-gradient":""},"mobile":{"background-color":"","background-image":"","background-repeat":"repeat","background-position":"center center","background-size":"auto","background-attachment":"scroll","background-type":"","background-media":"","overlay-type":"","overlay-color":"","overlay-opacity":"","overlay-gradient":""}},"ast-content-background-meta":{"desktop":{"background-color":"var(--ast-global-color-4)","background-image":"","background-repeat":"repeat","background-position":"center center","background-size":"auto","background-attachment":"scroll","background-type":"","background-media":"","overlay-type":"","overlay-color":"","overlay-opacity":"","overlay-gradient":""},"tablet":{"background-color":"var(--ast-global-color-4)","background-image":"","background-repeat":"repeat","background-position":"center center","background-size":"auto","background-attachment":"scroll","background-type":"","background-media":"","overlay-type":"","overlay-color":"","overlay-opacity":"","overlay-gradient":""},"mobile":{"background-color":"var(--ast-global-color-4)","background-image":"","background-repeat":"repeat","background-position":"center center","background-size":"auto","background-attachment":"scroll","background-type":"","background-media":"","overlay-type":"","overlay-color":"","overlay-opacity":"","overlay-gradient":""}}},"product_brand":[37],"product_cat":[657,444],"product_tag":[874],"class_list":{"0":"post-147571","1":"product","2":"type-product","3":"status-publish","4":"has-post-thumbnail","6":"product_brand-tiptiptap","7":"product_cat-blomlador-gata-park","8":"product_cat-gata-park","9":"product_tag-serie-urban-furniture","10":"pa_material-mf","11":"desktop-align-center","12":"tablet-align-left","13":"mobile-align-left","15":"first","16":"instock","17":"taxable","18":"shipping-taxable","19":"purchasable","20":"product-type-simple"},"_links":{"self":[{"href":"https:\/\/readymade.se\/lekplats\/wp-json\/wp\/v2\/product\/147571","targetHints":{"allow":["GET"]}}],"collection":[{"href":"https:\/\/readymade.se\/lekplats\/wp-json\/wp\/v2\/product"}],"about":[{"href":"https:\/\/readymade.se\/lekplats\/wp-json\/wp\/v2\/types\/product"}],"wp:featuredmedia":[{"embeddable":true,"href":"https:\/\/readymade.se\/lekplats\/wp-json\/wp\/v2\/media\/139420"}],"wp:attachment":[{"href":"https:\/\/readymade.se\/lekplats\/wp-json\/wp\/v2\/media?parent=147571"}],"wp:term":[{"taxonomy":"product_brand","embeddable":true,"href":"https:\/\/readymade.se\/lekplats\/wp-json\/wp\/v2\/product_brand?post=147571"},{"taxonomy":"product_cat","embeddable":true,"href":"https:\/\/readymade.se\/lekplats\/wp-json\/wp\/v2\/product_cat?post=147571"},{"taxonomy":"product_tag","embeddable":true,"href":"https:\/\/readymade.se\/lekplats\/wp-json\/wp\/v2\/product_tag?post=147571"}],"curies":[{"name":"wp","href":"https:\/\/api.w.org\/{rel}","templated":true}]}}