{"id":147552,"date":"2026-03-22T19:49:42","date_gmt":"2026-03-22T18:49:42","guid":{"rendered":"https:\/\/readymade.se\/lekplats\/?post_type=product&#038;p=147552"},"modified":"2026-03-22T19:49:52","modified_gmt":"2026-03-22T18:49:52","slug":"viloracke-kelu-330-cm","status":"publish","type":"product","link":"https:\/\/readymade.se\/lekplats\/produkt\/viloracke-kelu-330-cm\/","title":{"rendered":"Vilor\u00e4cke Kelu 330 cm"},"content":{"rendered":"<p>Vilor\u00e4cke Kelu 330 cm \u00e4r en st\u00e5b\u00e4nk f\u00f6r offentliga milj\u00f6er d\u00e4r man vill erbjuda kort vila och social paus utan traditionell sittb\u00e4nk. Konstruktionen \u00e4r tillverkad i galvaniserat och m\u00e5lat st\u00e5l med tr\u00e4yta i ask, vilket ger en slitstark l\u00f6sning f\u00f6r daglig utomhusanv\u00e4ndning. Serien finns i l\u00e4ngderna 90, 170 och 330 cm f\u00f6r olika typer av platser och fl\u00f6den. Modellen kan \u00e4ven best\u00e4llas i galvaniserat och pulverlackerat st\u00e5l eller i rostfritt st\u00e5l. F\u00e4rger kan v\u00e4ljas enligt RAL-kod och tr\u00e4ytor i flera toner, inklusive ask och m\u00f6rkare tr\u00e4alternativ. Produkten \u00e4r utvecklad f\u00f6r regelbunden anv\u00e4ndning i offentlig utemilj\u00f6 och ger stabil funktion \u00f6ver tid.<\/p>\n","protected":false},"excerpt":{"rendered":"<p>Vilor\u00e4cke 330 cm i galvaniserat och m\u00e5lat st\u00e5l med tr\u00e4yta i ask, med valbara RAL-f\u00e4rger.<\/p>\n","protected":false},"featured_media":139340,"template":"","meta":{"site-sidebar-layout":"default","site-content-layout":"","ast-site-content-layout":"default","site-content-style":"default","site-sidebar-style":"default","ast-global-header-display":"","ast-banner-title-visibility":"","ast-main-header-display":"","ast-hfb-above-header-display":"","ast-hfb-below-header-display":"","ast-hfb-mobile-header-display":"","site-post-title":"","ast-breadcrumbs-content":"","ast-featured-img":"","footer-sml-layout":"","theme-transparent-header-meta":"default","adv-header-id-meta":"","stick-header-meta":"","header-above-stick-meta":"","header-main-stick-meta":"","header-below-stick-meta":"","astra-migrate-meta-layouts":"set","ast-page-background-enabled":"default","ast-page-background-meta":{"desktop":{"background-color":"var(--ast-global-color-5)","background-image":"","background-repeat":"repeat","background-position":"center center","background-size":"auto","background-attachment":"scroll","background-type":"","background-media":"","overlay-type":"","overlay-color":"","overlay-opacity":"","overlay-gradient":""},"tablet":{"background-color":"","background-image":"","background-repeat":"repeat","background-position":"center center","background-size":"auto","background-attachment":"scroll","background-type":"","background-media":"","overlay-type":"","overlay-color":"","overlay-opacity":"","overlay-gradient":""},"mobile":{"background-color":"","background-image":"","background-repeat":"repeat","background-position":"center center","background-size":"auto","background-attachment":"scroll","background-type":"","background-media":"","overlay-type":"","overlay-color":"","overlay-opacity":"","overlay-gradient":""}},"ast-content-background-meta":{"desktop":{"background-color":"var(--ast-global-color-4)","background-image":"","background-repeat":"repeat","background-position":"center center","background-size":"auto","background-attachment":"scroll","background-type":"","background-media":"","overlay-type":"","overlay-color":"","overlay-opacity":"","overlay-gradient":""},"tablet":{"background-color":"var(--ast-global-color-4)","background-image":"","background-repeat":"repeat","background-position":"center center","background-size":"auto","background-attachment":"scroll","background-type":"","background-media":"","overlay-type":"","overlay-color":"","overlay-opacity":"","overlay-gradient":""},"mobile":{"background-color":"var(--ast-global-color-4)","background-image":"","background-repeat":"repeat","background-position":"center center","background-size":"auto","background-attachment":"scroll","background-type":"","background-media":"","overlay-type":"","overlay-color":"","overlay-opacity":"","overlay-gradient":""}}},"product_brand":[37],"product_cat":[906,444],"product_tag":[874],"class_list":{"0":"post-147552","1":"product","2":"type-product","3":"status-publish","4":"has-post-thumbnail","6":"product_brand-tiptiptap","7":"product_cat-funktion","8":"product_cat-gata-park","9":"product_tag-serie-urban-furniture","10":"pa_material-pe","11":"desktop-align-center","12":"tablet-align-left","13":"mobile-align-left","15":"first","16":"instock","17":"taxable","18":"shipping-taxable","19":"purchasable","20":"product-type-simple"},"_links":{"self":[{"href":"https:\/\/readymade.se\/lekplats\/wp-json\/wp\/v2\/product\/147552","targetHints":{"allow":["GET"]}}],"collection":[{"href":"https:\/\/readymade.se\/lekplats\/wp-json\/wp\/v2\/product"}],"about":[{"href":"https:\/\/readymade.se\/lekplats\/wp-json\/wp\/v2\/types\/product"}],"wp:featuredmedia":[{"embeddable":true,"href":"https:\/\/readymade.se\/lekplats\/wp-json\/wp\/v2\/media\/139340"}],"wp:attachment":[{"href":"https:\/\/readymade.se\/lekplats\/wp-json\/wp\/v2\/media?parent=147552"}],"wp:term":[{"taxonomy":"product_brand","embeddable":true,"href":"https:\/\/readymade.se\/lekplats\/wp-json\/wp\/v2\/product_brand?post=147552"},{"taxonomy":"product_cat","embeddable":true,"href":"https:\/\/readymade.se\/lekplats\/wp-json\/wp\/v2\/product_cat?post=147552"},{"taxonomy":"product_tag","embeddable":true,"href":"https:\/\/readymade.se\/lekplats\/wp-json\/wp\/v2\/product_tag?post=147552"}],"curies":[{"name":"wp","href":"https:\/\/api.w.org\/{rel}","templated":true}]}}