{"id":147481,"date":"2026-03-22T19:48:56","date_gmt":"2026-03-22T18:48:56","guid":{"rendered":"https:\/\/readymade.se\/lekplats\/?post_type=product&#038;p=147481"},"modified":"2026-03-22T19:49:04","modified_gmt":"2026-03-22T18:49:04","slug":"parkbank-pirgu","status":"publish","type":"product","link":"https:\/\/readymade.se\/lekplats\/produkt\/parkbank-pirgu\/","title":{"rendered":"Parkb\u00e4nk Pirgu"},"content":{"rendered":"<p>Parkb\u00e4nk Pirgu \u00e4r en parkb\u00e4nk med ryggst\u00f6d f\u00f6r placering i offentlig utemilj\u00f6. Produkten \u00e4r galvaniserad och pulverlackerad. Det finns ocks\u00e5 m\u00f6jlighet att best\u00e4lla b\u00e4nken med ben i rostfritt st\u00e5l. Kul\u00f6r anges enligt RAL-kod f\u00f6r att kunna anpassas till omgivande arkitektur och \u00f6vrig m\u00f6blering. Pirgu kan anv\u00e4ndas i parkmilj\u00f6er, l\u00e4ngs g\u00e5ngstr\u00e5k eller vid m\u00f6tesplatser d\u00e4r ryggst\u00f6d \u00e4r \u00f6nskv\u00e4rt. Information om sittdelens material, exakta m\u00e5tt, kapacitet och monteringsl\u00f6sning framg\u00e5r inte av tillg\u00e4ngliga uppgifter. Den tydliga konstruktionen g\u00f6r produkten enkel att anv\u00e4nda i vardagen och ger en l\u00f6sning som fungerar i b\u00e5de mindre och st\u00f6rre projekt. Sammantaget \u00e4r det ett h\u00e5llbart val f\u00f6r l\u00e5ngsiktig anv\u00e4ndning i offentlig utemilj\u00f6.<\/p>\n","protected":false},"excerpt":{"rendered":"<p>Parkb\u00e4nk med ryggst\u00f6d i rostfritt st\u00e5l och st\u00e5l.<\/p>\n","protected":false},"featured_media":139231,"template":"","meta":{"site-sidebar-layout":"","site-content-layout":"","ast-site-content-layout":"","site-content-style":"","site-sidebar-style":"","ast-global-header-display":"","ast-banner-title-visibility":"","ast-main-header-display":"","ast-hfb-above-header-display":"","ast-hfb-below-header-display":"","ast-hfb-mobile-header-display":"","site-post-title":"","ast-breadcrumbs-content":"","ast-featured-img":"","footer-sml-layout":"","theme-transparent-header-meta":"","adv-header-id-meta":"","stick-header-meta":"","header-above-stick-meta":"","header-main-stick-meta":"","header-below-stick-meta":"","astra-migrate-meta-layouts":"","ast-page-background-enabled":"default","ast-page-background-meta":{"desktop":{"background-color":"var(--ast-global-color-5)","background-image":"","background-repeat":"repeat","background-position":"center center","background-size":"auto","background-attachment":"scroll","background-type":"","background-media":"","overlay-type":"","overlay-color":"","overlay-opacity":"","overlay-gradient":""},"tablet":{"background-color":"","background-image":"","background-repeat":"repeat","background-position":"center center","background-size":"auto","background-attachment":"scroll","background-type":"","background-media":"","overlay-type":"","overlay-color":"","overlay-opacity":"","overlay-gradient":""},"mobile":{"background-color":"","background-image":"","background-repeat":"repeat","background-position":"center center","background-size":"auto","background-attachment":"scroll","background-type":"","background-media":"","overlay-type":"","overlay-color":"","overlay-opacity":"","overlay-gradient":""}},"ast-content-background-meta":{"desktop":{"background-color":"var(--ast-global-color-4)","background-image":"","background-repeat":"repeat","background-position":"center center","background-size":"auto","background-attachment":"scroll","background-type":"","background-media":"","overlay-type":"","overlay-color":"","overlay-opacity":"","overlay-gradient":""},"tablet":{"background-color":"var(--ast-global-color-4)","background-image":"","background-repeat":"repeat","background-position":"center center","background-size":"auto","background-attachment":"scroll","background-type":"","background-media":"","overlay-type":"","overlay-color":"","overlay-opacity":"","overlay-gradient":""},"mobile":{"background-color":"var(--ast-global-color-4)","background-image":"","background-repeat":"repeat","background-position":"center center","background-size":"auto","background-attachment":"scroll","background-type":"","background-media":"","overlay-type":"","overlay-color":"","overlay-opacity":"","overlay-gradient":""}}},"product_brand":[37],"product_cat":[444,491],"product_tag":[874],"class_list":{"0":"post-147481","1":"product","2":"type-product","3":"status-publish","4":"has-post-thumbnail","6":"product_brand-tiptiptap","7":"product_cat-gata-park","8":"product_cat-parkbankar","9":"product_tag-serie-urban-furniture","10":"pa_material-pe","11":"desktop-align-center","12":"tablet-align-left","13":"mobile-align-left","15":"first","16":"instock","17":"taxable","18":"shipping-taxable","19":"purchasable","20":"product-type-simple"},"_links":{"self":[{"href":"https:\/\/readymade.se\/lekplats\/wp-json\/wp\/v2\/product\/147481","targetHints":{"allow":["GET"]}}],"collection":[{"href":"https:\/\/readymade.se\/lekplats\/wp-json\/wp\/v2\/product"}],"about":[{"href":"https:\/\/readymade.se\/lekplats\/wp-json\/wp\/v2\/types\/product"}],"wp:featuredmedia":[{"embeddable":true,"href":"https:\/\/readymade.se\/lekplats\/wp-json\/wp\/v2\/media\/139231"}],"wp:attachment":[{"href":"https:\/\/readymade.se\/lekplats\/wp-json\/wp\/v2\/media?parent=147481"}],"wp:term":[{"taxonomy":"product_brand","embeddable":true,"href":"https:\/\/readymade.se\/lekplats\/wp-json\/wp\/v2\/product_brand?post=147481"},{"taxonomy":"product_cat","embeddable":true,"href":"https:\/\/readymade.se\/lekplats\/wp-json\/wp\/v2\/product_cat?post=147481"},{"taxonomy":"product_tag","embeddable":true,"href":"https:\/\/readymade.se\/lekplats\/wp-json\/wp\/v2\/product_tag?post=147481"}],"curies":[{"name":"wp","href":"https:\/\/api.w.org\/{rel}","templated":true}]}}