{"id":147380,"date":"2026-03-22T19:47:32","date_gmt":"2026-03-22T18:47:32","guid":{"rendered":"https:\/\/readymade.se\/lekplats\/?post_type=product&#038;p=147380"},"modified":"2026-03-22T19:47:43","modified_gmt":"2026-03-22T18:47:43","slug":"fordon-flygplan-herkules","status":"publish","type":"product","link":"https:\/\/readymade.se\/lekplats\/produkt\/fordon-flygplan-herkules\/","title":{"rendered":"Fordon Flygplan Herkules"},"content":{"rendered":"<p>Flygplanet HERKULES \u00e4r ett rymligt och lekintensivt flygplan som erbjuder m\u00e5nga olika s\u00e4tt att leka, r\u00f6ra sig och samarbeta. Barn kan ta sig in i planet via en trappa med ledst\u00e5ng eller genom att kl\u00e4ttra upp i n\u00e4ten, vilket ger variation i r\u00f6relse och tillg\u00e4nglighet.<\/p>\n<p>Fr\u00e5n planet kan barnen l\u00e4mna via en bred rutschkana som skapar fartfylld glidlek. Under flygplanet finns tre hjul som kan krypas igenom samt cylindrar under vingarna som liknar motorer, d\u00e4r barn kan kl\u00e4ttra, krypa eller vila sittande och liggande.<\/p>\n<p>L\u00e4ngst fram finns en kontrollpanel med olika funktioner f\u00f6r den unga piloten, och inne i planet finns passagerarb\u00e4nkar l\u00e4ngs sidorna. Konstruktionen uppmuntrar b\u00e5de fantasifull rolllek, fysisk aktivitet och socialt samspel mellan m\u00e5nga barn samtidigt.<\/p>\n","protected":false},"excerpt":{"rendered":"<p>Stort och actionfyllt flygplan som bjuder in till rollspel, kl\u00e4ttring och fartfylld glidlek. Perfekt f\u00f6r barn som vill leka pilot, passagerare och bes\u00e4ttning.<\/p>\n","protected":false},"featured_media":138992,"template":"","meta":{"site-sidebar-layout":"","site-content-layout":"","ast-site-content-layout":"","site-content-style":"","site-sidebar-style":"","ast-global-header-display":"","ast-banner-title-visibility":"","ast-main-header-display":"","ast-hfb-above-header-display":"","ast-hfb-below-header-display":"","ast-hfb-mobile-header-display":"","site-post-title":"","ast-breadcrumbs-content":"","ast-featured-img":"","footer-sml-layout":"","theme-transparent-header-meta":"","adv-header-id-meta":"","stick-header-meta":"","header-above-stick-meta":"","header-main-stick-meta":"","header-below-stick-meta":"","astra-migrate-meta-layouts":"","ast-page-background-enabled":"default","ast-page-background-meta":{"desktop":{"background-color":"var(--ast-global-color-5)","background-image":"","background-repeat":"repeat","background-position":"center center","background-size":"auto","background-attachment":"scroll","background-type":"","background-media":"","overlay-type":"","overlay-color":"","overlay-opacity":"","overlay-gradient":""},"tablet":{"background-color":"","background-image":"","background-repeat":"repeat","background-position":"center center","background-size":"auto","background-attachment":"scroll","background-type":"","background-media":"","overlay-type":"","overlay-color":"","overlay-opacity":"","overlay-gradient":""},"mobile":{"background-color":"","background-image":"","background-repeat":"repeat","background-position":"center center","background-size":"auto","background-attachment":"scroll","background-type":"","background-media":"","overlay-type":"","overlay-color":"","overlay-opacity":"","overlay-gradient":""}},"ast-content-background-meta":{"desktop":{"background-color":"var(--ast-global-color-4)","background-image":"","background-repeat":"repeat","background-position":"center center","background-size":"auto","background-attachment":"scroll","background-type":"","background-media":"","overlay-type":"","overlay-color":"","overlay-opacity":"","overlay-gradient":""},"tablet":{"background-color":"var(--ast-global-color-4)","background-image":"","background-repeat":"repeat","background-position":"center center","background-size":"auto","background-attachment":"scroll","background-type":"","background-media":"","overlay-type":"","overlay-color":"","overlay-opacity":"","overlay-gradient":""},"mobile":{"background-color":"var(--ast-global-color-4)","background-image":"","background-repeat":"repeat","background-position":"center center","background-size":"auto","background-attachment":"scroll","background-type":"","background-media":"","overlay-type":"","overlay-color":"","overlay-opacity":"","overlay-gradient":""}}},"product_brand":[37],"product_cat":[497,292],"product_tag":[875],"class_list":{"0":"post-147380","1":"product","2":"type-product","3":"status-publish","4":"has-post-thumbnail","6":"product_brand-tiptiptap","7":"product_cat-fordon","8":"product_cat-temalek","9":"product_tag-serie-standard","10":"pa_material-mf","11":"desktop-align-center","12":"tablet-align-left","13":"mobile-align-left","15":"first","16":"instock","17":"taxable","18":"shipping-taxable","19":"purchasable","20":"product-type-simple"},"_links":{"self":[{"href":"https:\/\/readymade.se\/lekplats\/wp-json\/wp\/v2\/product\/147380","targetHints":{"allow":["GET"]}}],"collection":[{"href":"https:\/\/readymade.se\/lekplats\/wp-json\/wp\/v2\/product"}],"about":[{"href":"https:\/\/readymade.se\/lekplats\/wp-json\/wp\/v2\/types\/product"}],"wp:featuredmedia":[{"embeddable":true,"href":"https:\/\/readymade.se\/lekplats\/wp-json\/wp\/v2\/media\/138992"}],"wp:attachment":[{"href":"https:\/\/readymade.se\/lekplats\/wp-json\/wp\/v2\/media?parent=147380"}],"wp:term":[{"taxonomy":"product_brand","embeddable":true,"href":"https:\/\/readymade.se\/lekplats\/wp-json\/wp\/v2\/product_brand?post=147380"},{"taxonomy":"product_cat","embeddable":true,"href":"https:\/\/readymade.se\/lekplats\/wp-json\/wp\/v2\/product_cat?post=147380"},{"taxonomy":"product_tag","embeddable":true,"href":"https:\/\/readymade.se\/lekplats\/wp-json\/wp\/v2\/product_tag?post=147380"}],"curies":[{"name":"wp","href":"https:\/\/api.w.org\/{rel}","templated":true}]}}