{"id":147368,"date":"2026-03-22T19:47:30","date_gmt":"2026-03-22T18:47:30","guid":{"rendered":"https:\/\/readymade.se\/lekplats\/?post_type=product&#038;p=147368"},"modified":"2026-03-22T19:47:39","modified_gmt":"2026-03-22T18:47:39","slug":"fjadergungor-traditionell-snoslade","status":"publish","type":"product","link":"https:\/\/readymade.se\/lekplats\/produkt\/fjadergungor-traditionell-snoslade\/","title":{"rendered":"Fj\u00e4dergungor Traditionell sn\u00f6sl\u00e4de"},"content":{"rendered":"<p>Fj\u00e4dergungor Traditionell sn\u00f6sl\u00e4de ing\u00e5r i serien ARCTIC theme och \u00e4r en fj\u00e4dergunga som kombinerar r\u00f6relselek, balans och social interaktion i en nordisk lekmilj\u00f6. Utformningen uppmuntrar barn att utforska, samarbeta och utveckla koordination i en tydlig temamilj\u00f6 med fokus p\u00e5 h\u00e5llbar anv\u00e4ndning i offentlig utemilj\u00f6. Specifikationer: rekommenderad \u00e5lder: 1+; max fallh\u00f6jd: 0,73 m; m\u00e5tt ca 1,13 x 2,02 x 1,15 m (L x B x H).<\/p>\n","protected":false},"excerpt":{"rendered":"<p>Arktiskt inspirerad fj\u00e4dergunga f\u00f6r aktiv lek, motorisk utveckling och fantasifulla utomhus\u00e4ventyr.<\/p>\n","protected":false},"featured_media":138973,"template":"","meta":{"site-sidebar-layout":"","site-content-layout":"","ast-site-content-layout":"","site-content-style":"","site-sidebar-style":"","ast-global-header-display":"","ast-banner-title-visibility":"","ast-main-header-display":"","ast-hfb-above-header-display":"","ast-hfb-below-header-display":"","ast-hfb-mobile-header-display":"","site-post-title":"","ast-breadcrumbs-content":"","ast-featured-img":"","footer-sml-layout":"","theme-transparent-header-meta":"","adv-header-id-meta":"","stick-header-meta":"","header-above-stick-meta":"","header-main-stick-meta":"","header-below-stick-meta":"","astra-migrate-meta-layouts":"","ast-page-background-enabled":"default","ast-page-background-meta":{"desktop":{"background-color":"var(--ast-global-color-5)","background-image":"","background-repeat":"repeat","background-position":"center center","background-size":"auto","background-attachment":"scroll","background-type":"","background-media":"","overlay-type":"","overlay-color":"","overlay-opacity":"","overlay-gradient":""},"tablet":{"background-color":"","background-image":"","background-repeat":"repeat","background-position":"center center","background-size":"auto","background-attachment":"scroll","background-type":"","background-media":"","overlay-type":"","overlay-color":"","overlay-opacity":"","overlay-gradient":""},"mobile":{"background-color":"","background-image":"","background-repeat":"repeat","background-position":"center center","background-size":"auto","background-attachment":"scroll","background-type":"","background-media":"","overlay-type":"","overlay-color":"","overlay-opacity":"","overlay-gradient":""}},"ast-content-background-meta":{"desktop":{"background-color":"var(--ast-global-color-4)","background-image":"","background-repeat":"repeat","background-position":"center center","background-size":"auto","background-attachment":"scroll","background-type":"","background-media":"","overlay-type":"","overlay-color":"","overlay-opacity":"","overlay-gradient":""},"tablet":{"background-color":"var(--ast-global-color-4)","background-image":"","background-repeat":"repeat","background-position":"center center","background-size":"auto","background-attachment":"scroll","background-type":"","background-media":"","overlay-type":"","overlay-color":"","overlay-opacity":"","overlay-gradient":""},"mobile":{"background-color":"var(--ast-global-color-4)","background-image":"","background-repeat":"repeat","background-position":"center center","background-size":"auto","background-attachment":"scroll","background-type":"","background-media":"","overlay-type":"","overlay-color":"","overlay-opacity":"","overlay-gradient":""}}},"product_brand":[37],"product_cat":[564,52],"product_tag":[914],"class_list":{"0":"post-147368","1":"product","2":"type-product","3":"status-publish","4":"has-post-thumbnail","6":"product_brand-tiptiptap","7":"product_cat-fjadergungor","8":"product_cat-vippredskap","9":"product_tag-serie-arctic-theme","10":"pa_material-mf","11":"desktop-align-center","12":"tablet-align-left","13":"mobile-align-left","15":"first","16":"instock","17":"taxable","18":"shipping-taxable","19":"purchasable","20":"product-type-simple"},"_links":{"self":[{"href":"https:\/\/readymade.se\/lekplats\/wp-json\/wp\/v2\/product\/147368","targetHints":{"allow":["GET"]}}],"collection":[{"href":"https:\/\/readymade.se\/lekplats\/wp-json\/wp\/v2\/product"}],"about":[{"href":"https:\/\/readymade.se\/lekplats\/wp-json\/wp\/v2\/types\/product"}],"wp:featuredmedia":[{"embeddable":true,"href":"https:\/\/readymade.se\/lekplats\/wp-json\/wp\/v2\/media\/138973"}],"wp:attachment":[{"href":"https:\/\/readymade.se\/lekplats\/wp-json\/wp\/v2\/media?parent=147368"}],"wp:term":[{"taxonomy":"product_brand","embeddable":true,"href":"https:\/\/readymade.se\/lekplats\/wp-json\/wp\/v2\/product_brand?post=147368"},{"taxonomy":"product_cat","embeddable":true,"href":"https:\/\/readymade.se\/lekplats\/wp-json\/wp\/v2\/product_cat?post=147368"},{"taxonomy":"product_tag","embeddable":true,"href":"https:\/\/readymade.se\/lekplats\/wp-json\/wp\/v2\/product_tag?post=147368"}],"curies":[{"name":"wp","href":"https:\/\/api.w.org\/{rel}","templated":true}]}}