{"id":147249,"date":"2026-03-22T19:46:03","date_gmt":"2026-03-22T18:46:03","guid":{"rendered":"https:\/\/readymade.se\/lekplats\/?post_type=product&#038;p=147249"},"modified":"2026-03-22T19:46:15","modified_gmt":"2026-03-22T18:46:15","slug":"tillganglig-lek-inkluderande-spinnhjul-for-barn-med-funktionsvariationer","status":"publish","type":"product","link":"https:\/\/readymade.se\/lekplats\/produkt\/tillganglig-lek-inkluderande-spinnhjul-for-barn-med-funktionsvariationer\/","title":{"rendered":"Tillg\u00e4nglig lek Inkluderande spinnhjul (f\u00f6r barn med funktionsvariationer)"},"content":{"rendered":"<p>Inkluderande spinnhjul med b\u00e5de terapeutisk och lekfull funktion. Ut\u00f6ver rehabiliteringscenter \u00e4r enheten l\u00e4mplig f\u00f6r skolor och f\u00f6rskolor. Spinnhjulet drivs av rotorer f\u00f6r de \u00f6vre extremiteterna, vilket st\u00f6djer rehabilitering av armar och axlar. Rotorerna s\u00e4tter den f\u00e4rgade kanten i r\u00f6relse och skapar en visuell upplevelse d\u00e4r anv\u00e4ndaren upplever r\u00f6relse i f\u00f6rh\u00e5llande till f\u00e4lgen. F\u00e4rgade plattor sl\u00e4pper igenom ljus och stimulerar sensorisk integration. Enheten kan anv\u00e4ndas av personer med funktionsvariationer, inklusive rullstolsburna.<\/p>\n","protected":false},"excerpt":{"rendered":"<p>Terapeutiskt och lekfullt spinnhjul f\u00f6r inkluderande anv\u00e4ndning.<\/p>\n","protected":false},"featured_media":138705,"template":"","meta":{"site-sidebar-layout":"default","site-content-layout":"","ast-site-content-layout":"default","site-content-style":"default","site-sidebar-style":"default","ast-global-header-display":"","ast-banner-title-visibility":"","ast-main-header-display":"","ast-hfb-above-header-display":"","ast-hfb-below-header-display":"","ast-hfb-mobile-header-display":"","site-post-title":"","ast-breadcrumbs-content":"","ast-featured-img":"","footer-sml-layout":"","theme-transparent-header-meta":"default","adv-header-id-meta":"","stick-header-meta":"","header-above-stick-meta":"","header-main-stick-meta":"","header-below-stick-meta":"","astra-migrate-meta-layouts":"set","ast-page-background-enabled":"default","ast-page-background-meta":{"desktop":{"background-color":"var(--ast-global-color-5)","background-image":"","background-repeat":"repeat","background-position":"center center","background-size":"auto","background-attachment":"scroll","background-type":"","background-media":"","overlay-type":"","overlay-color":"","overlay-opacity":"","overlay-gradient":""},"tablet":{"background-color":"","background-image":"","background-repeat":"repeat","background-position":"center center","background-size":"auto","background-attachment":"scroll","background-type":"","background-media":"","overlay-type":"","overlay-color":"","overlay-opacity":"","overlay-gradient":""},"mobile":{"background-color":"","background-image":"","background-repeat":"repeat","background-position":"center center","background-size":"auto","background-attachment":"scroll","background-type":"","background-media":"","overlay-type":"","overlay-color":"","overlay-opacity":"","overlay-gradient":""}},"ast-content-background-meta":{"desktop":{"background-color":"var(--ast-global-color-4)","background-image":"","background-repeat":"repeat","background-position":"center center","background-size":"auto","background-attachment":"scroll","background-type":"","background-media":"","overlay-type":"","overlay-color":"","overlay-opacity":"","overlay-gradient":""},"tablet":{"background-color":"var(--ast-global-color-4)","background-image":"","background-repeat":"repeat","background-position":"center center","background-size":"auto","background-attachment":"scroll","background-type":"","background-media":"","overlay-type":"","overlay-color":"","overlay-opacity":"","overlay-gradient":""},"mobile":{"background-color":"var(--ast-global-color-4)","background-image":"","background-repeat":"repeat","background-position":"center center","background-size":"auto","background-attachment":"scroll","background-type":"","background-media":"","overlay-type":"","overlay-color":"","overlay-opacity":"","overlay-gradient":""}}},"product_brand":[37],"product_cat":[510],"product_tag":[875],"class_list":{"0":"post-147249","1":"product","2":"type-product","3":"status-publish","4":"has-post-thumbnail","6":"product_brand-tiptiptap","7":"product_cat-tillganglig-lek","8":"product_tag-serie-standard","9":"pa_material-mf","10":"desktop-align-center","11":"tablet-align-left","12":"mobile-align-left","14":"first","15":"instock","16":"taxable","17":"shipping-taxable","18":"purchasable","19":"product-type-simple"},"_links":{"self":[{"href":"https:\/\/readymade.se\/lekplats\/wp-json\/wp\/v2\/product\/147249","targetHints":{"allow":["GET"]}}],"collection":[{"href":"https:\/\/readymade.se\/lekplats\/wp-json\/wp\/v2\/product"}],"about":[{"href":"https:\/\/readymade.se\/lekplats\/wp-json\/wp\/v2\/types\/product"}],"wp:featuredmedia":[{"embeddable":true,"href":"https:\/\/readymade.se\/lekplats\/wp-json\/wp\/v2\/media\/138705"}],"wp:attachment":[{"href":"https:\/\/readymade.se\/lekplats\/wp-json\/wp\/v2\/media?parent=147249"}],"wp:term":[{"taxonomy":"product_brand","embeddable":true,"href":"https:\/\/readymade.se\/lekplats\/wp-json\/wp\/v2\/product_brand?post=147249"},{"taxonomy":"product_cat","embeddable":true,"href":"https:\/\/readymade.se\/lekplats\/wp-json\/wp\/v2\/product_cat?post=147249"},{"taxonomy":"product_tag","embeddable":true,"href":"https:\/\/readymade.se\/lekplats\/wp-json\/wp\/v2\/product_tag?post=147249"}],"curies":[{"name":"wp","href":"https:\/\/api.w.org\/{rel}","templated":true}]}}