{"id":147234,"date":"2026-03-22T19:46:00","date_gmt":"2026-03-22T18:46:00","guid":{"rendered":"https:\/\/readymade.se\/lekplats\/?post_type=product&#038;p=147234"},"modified":"2026-03-22T19:46:07","modified_gmt":"2026-03-22T18:46:07","slug":"fjadergungor-kaniner","status":"publish","type":"product","link":"https:\/\/readymade.se\/lekplats\/produkt\/fjadergungor-kaniner\/","title":{"rendered":"Fj\u00e4dergungor Kaniner"},"content":{"rendered":"<p>Produkten \u00e4r en del av FARMLIFE-serien och \u00e4r utvecklad f\u00f6r lekplatser, f\u00f6rskoleg\u00e5rdar och andra offentliga utemilj\u00f6er. Modellen har kanintema och ger en trygg r\u00f6relseaktivitet som \u00e4r l\u00e4tt att anv\u00e4nda i tidig \u00e5lder. Produkten bidrar till lekgl\u00e4dje, motorisk tr\u00e4ning och social interaktion i g\u00e5rdsinspirerade lekytor. Konstruktionen \u00e4r anpassad f\u00f6r regelbunden anv\u00e4ndning i offentlig drift med fokus p\u00e5 l\u00e5ng livsl\u00e4ngd och trygg anv\u00e4ndning. M\u00e5tt enligt specifikation: cirka 1,79 x 1,59 x 0,96 m. Rekommenderad \u00e5lder: 1+. En h\u00e5llbar l\u00f6sning f\u00f6r aktiv och fantasifull lek i farmtematiska milj\u00f6er.<\/p>\n","protected":false},"excerpt":{"rendered":"<p>Fj\u00e4dergunga i FARMLIFE-serien med kanintema f\u00f6r trygg och social r\u00f6relselek i offentlig milj\u00f6.<\/p>\n","protected":false},"featured_media":138639,"template":"","meta":{"site-sidebar-layout":"","site-content-layout":"","ast-site-content-layout":"","site-content-style":"","site-sidebar-style":"","ast-global-header-display":"","ast-banner-title-visibility":"","ast-main-header-display":"","ast-hfb-above-header-display":"","ast-hfb-below-header-display":"","ast-hfb-mobile-header-display":"","site-post-title":"","ast-breadcrumbs-content":"","ast-featured-img":"","footer-sml-layout":"","theme-transparent-header-meta":"","adv-header-id-meta":"","stick-header-meta":"","header-above-stick-meta":"","header-main-stick-meta":"","header-below-stick-meta":"","astra-migrate-meta-layouts":"","ast-page-background-enabled":"default","ast-page-background-meta":{"desktop":{"background-color":"var(--ast-global-color-5)","background-image":"","background-repeat":"repeat","background-position":"center center","background-size":"auto","background-attachment":"scroll","background-type":"","background-media":"","overlay-type":"","overlay-color":"","overlay-opacity":"","overlay-gradient":""},"tablet":{"background-color":"","background-image":"","background-repeat":"repeat","background-position":"center center","background-size":"auto","background-attachment":"scroll","background-type":"","background-media":"","overlay-type":"","overlay-color":"","overlay-opacity":"","overlay-gradient":""},"mobile":{"background-color":"","background-image":"","background-repeat":"repeat","background-position":"center center","background-size":"auto","background-attachment":"scroll","background-type":"","background-media":"","overlay-type":"","overlay-color":"","overlay-opacity":"","overlay-gradient":""}},"ast-content-background-meta":{"desktop":{"background-color":"var(--ast-global-color-4)","background-image":"","background-repeat":"repeat","background-position":"center center","background-size":"auto","background-attachment":"scroll","background-type":"","background-media":"","overlay-type":"","overlay-color":"","overlay-opacity":"","overlay-gradient":""},"tablet":{"background-color":"var(--ast-global-color-4)","background-image":"","background-repeat":"repeat","background-position":"center center","background-size":"auto","background-attachment":"scroll","background-type":"","background-media":"","overlay-type":"","overlay-color":"","overlay-opacity":"","overlay-gradient":""},"mobile":{"background-color":"var(--ast-global-color-4)","background-image":"","background-repeat":"repeat","background-position":"center center","background-size":"auto","background-attachment":"scroll","background-type":"","background-media":"","overlay-type":"","overlay-color":"","overlay-opacity":"","overlay-gradient":""}}},"product_brand":[37],"product_cat":[564,52],"product_tag":[899],"class_list":{"0":"post-147234","1":"product","2":"type-product","3":"status-publish","4":"has-post-thumbnail","6":"product_brand-tiptiptap","7":"product_cat-fjadergungor","8":"product_cat-vippredskap","9":"product_tag-serie-farmlife","10":"pa_material-mf","11":"desktop-align-center","12":"tablet-align-left","13":"mobile-align-left","15":"first","16":"instock","17":"taxable","18":"shipping-taxable","19":"purchasable","20":"product-type-simple"},"_links":{"self":[{"href":"https:\/\/readymade.se\/lekplats\/wp-json\/wp\/v2\/product\/147234","targetHints":{"allow":["GET"]}}],"collection":[{"href":"https:\/\/readymade.se\/lekplats\/wp-json\/wp\/v2\/product"}],"about":[{"href":"https:\/\/readymade.se\/lekplats\/wp-json\/wp\/v2\/types\/product"}],"wp:featuredmedia":[{"embeddable":true,"href":"https:\/\/readymade.se\/lekplats\/wp-json\/wp\/v2\/media\/138639"}],"wp:attachment":[{"href":"https:\/\/readymade.se\/lekplats\/wp-json\/wp\/v2\/media?parent=147234"}],"wp:term":[{"taxonomy":"product_brand","embeddable":true,"href":"https:\/\/readymade.se\/lekplats\/wp-json\/wp\/v2\/product_brand?post=147234"},{"taxonomy":"product_cat","embeddable":true,"href":"https:\/\/readymade.se\/lekplats\/wp-json\/wp\/v2\/product_cat?post=147234"},{"taxonomy":"product_tag","embeddable":true,"href":"https:\/\/readymade.se\/lekplats\/wp-json\/wp\/v2\/product_tag?post=147234"}],"curies":[{"name":"wp","href":"https:\/\/api.w.org\/{rel}","templated":true}]}}