{"id":147006,"date":"2026-03-22T19:43:08","date_gmt":"2026-03-22T18:43:08","guid":{"rendered":"https:\/\/readymade.se\/lekplats\/?post_type=product&#038;p=147006"},"modified":"2026-03-22T19:43:40","modified_gmt":"2026-03-22T18:43:40","slug":"sandlada-sandlekkomplex-med-plattform","status":"publish","type":"product","link":"https:\/\/readymade.se\/lekplats\/produkt\/sandlada-sandlekkomplex-med-plattform\/","title":{"rendered":"Sandl\u00e5da Sandlekkomplex med plattform"},"content":{"rendered":"<p>Multifunktionellt sandlekkomplex f\u00f6r yngre barn. Den \u00f6vre plattformen inneh\u00e5ller ett lerk\u00f6k och en r\u00e4nna d\u00e4r barn kan skicka ner sandkakor. R\u00e4nnan har en spak som stoppar sandfl\u00f6det. Under r\u00e4nnan finns en sandkvarn som b\u00f6rjar rotera n\u00e4r sand passerar. Den nedre sandsk\u00e5len har en hink som g\u00f6r det m\u00f6jligt att lyfta sand tillbaka till det \u00f6vre lerk\u00f6ket. Plattformen \u00e4r \u00e4ven utrustad med teleskop, kulram och en aktivitetspanel med lastbilsmotiv. En ramp med plastkl\u00e4tterstenar anv\u00e4nds f\u00f6r att ta sig upp och ner fr\u00e5n plattformen.<\/p>\n","protected":false},"excerpt":{"rendered":"<p>Stort sandlekkomplex som kombinerar sandlek, rolllek och r\u00f6relse i flera niv\u00e5er. Skapat f\u00f6r yngre barn och rik p\u00e5 lekfunktioner.<\/p>\n","protected":false},"featured_media":138203,"template":"","meta":{"site-sidebar-layout":"","site-content-layout":"","ast-site-content-layout":"","site-content-style":"","site-sidebar-style":"","ast-global-header-display":"","ast-banner-title-visibility":"","ast-main-header-display":"","ast-hfb-above-header-display":"","ast-hfb-below-header-display":"","ast-hfb-mobile-header-display":"","site-post-title":"","ast-breadcrumbs-content":"","ast-featured-img":"","footer-sml-layout":"","theme-transparent-header-meta":"","adv-header-id-meta":"","stick-header-meta":"","header-above-stick-meta":"","header-main-stick-meta":"","header-below-stick-meta":"","astra-migrate-meta-layouts":"","ast-page-background-enabled":"default","ast-page-background-meta":{"desktop":{"background-color":"var(--ast-global-color-5)","background-image":"","background-repeat":"repeat","background-position":"center center","background-size":"auto","background-attachment":"scroll","background-type":"","background-media":"","overlay-type":"","overlay-color":"","overlay-opacity":"","overlay-gradient":""},"tablet":{"background-color":"","background-image":"","background-repeat":"repeat","background-position":"center center","background-size":"auto","background-attachment":"scroll","background-type":"","background-media":"","overlay-type":"","overlay-color":"","overlay-opacity":"","overlay-gradient":""},"mobile":{"background-color":"","background-image":"","background-repeat":"repeat","background-position":"center center","background-size":"auto","background-attachment":"scroll","background-type":"","background-media":"","overlay-type":"","overlay-color":"","overlay-opacity":"","overlay-gradient":""}},"ast-content-background-meta":{"desktop":{"background-color":"var(--ast-global-color-4)","background-image":"","background-repeat":"repeat","background-position":"center center","background-size":"auto","background-attachment":"scroll","background-type":"","background-media":"","overlay-type":"","overlay-color":"","overlay-opacity":"","overlay-gradient":""},"tablet":{"background-color":"var(--ast-global-color-4)","background-image":"","background-repeat":"repeat","background-position":"center center","background-size":"auto","background-attachment":"scroll","background-type":"","background-media":"","overlay-type":"","overlay-color":"","overlay-opacity":"","overlay-gradient":""},"mobile":{"background-color":"var(--ast-global-color-4)","background-image":"","background-repeat":"repeat","background-position":"center center","background-size":"auto","background-attachment":"scroll","background-type":"","background-media":"","overlay-type":"","overlay-color":"","overlay-opacity":"","overlay-gradient":""}}},"product_brand":[37],"product_cat":[466,486],"product_tag":[875],"class_list":{"0":"post-147006","1":"product","2":"type-product","3":"status-publish","4":"has-post-thumbnail","6":"product_brand-tiptiptap","7":"product_cat-sand-vattenlek","8":"product_cat-sandlador","9":"product_tag-serie-standard","10":"desktop-align-center","11":"tablet-align-left","12":"mobile-align-left","14":"first","15":"instock","16":"taxable","17":"shipping-taxable","18":"purchasable","19":"product-type-variable","20":"has-default-attributes"},"_links":{"self":[{"href":"https:\/\/readymade.se\/lekplats\/wp-json\/wp\/v2\/product\/147006","targetHints":{"allow":["GET"]}}],"collection":[{"href":"https:\/\/readymade.se\/lekplats\/wp-json\/wp\/v2\/product"}],"about":[{"href":"https:\/\/readymade.se\/lekplats\/wp-json\/wp\/v2\/types\/product"}],"wp:featuredmedia":[{"embeddable":true,"href":"https:\/\/readymade.se\/lekplats\/wp-json\/wp\/v2\/media\/138203"}],"wp:attachment":[{"href":"https:\/\/readymade.se\/lekplats\/wp-json\/wp\/v2\/media?parent=147006"}],"wp:term":[{"taxonomy":"product_brand","embeddable":true,"href":"https:\/\/readymade.se\/lekplats\/wp-json\/wp\/v2\/product_brand?post=147006"},{"taxonomy":"product_cat","embeddable":true,"href":"https:\/\/readymade.se\/lekplats\/wp-json\/wp\/v2\/product_cat?post=147006"},{"taxonomy":"product_tag","embeddable":true,"href":"https:\/\/readymade.se\/lekplats\/wp-json\/wp\/v2\/product_tag?post=147006"}],"curies":[{"name":"wp","href":"https:\/\/api.w.org\/{rel}","templated":true}]}}