{"id":146802,"date":"2026-03-22T19:40:37","date_gmt":"2026-03-22T18:40:37","guid":{"rendered":"https:\/\/readymade.se\/lekplats\/?post_type=product&#038;p=146802"},"modified":"2026-03-22T19:40:50","modified_gmt":"2026-03-22T18:40:50","slug":"forrad-scenen-6x6-m","status":"publish","type":"product","link":"https:\/\/readymade.se\/lekplats\/produkt\/forrad-scenen-6x6-m\/","title":{"rendered":"F\u00f6rr\u00e5d Scenen 6&#215;6 m"},"content":{"rendered":"<p>F\u00f6rr\u00e5d Scenen 6&#215;6 m \u00e4r ett stort \u00f6ppet skydd som fungerar som samlingsyta, scenmilj\u00f6 eller flexibel plats f\u00f6r undervisning och aktiviteter utomhus. Formatet 6&#215;6 meter ger en gener\u00f6s yta som kan anv\u00e4ndas f\u00f6r b\u00e5de vardagsverksamhet och tillf\u00e4lliga evenemang. Den \u00f6ppna planl\u00f6sningen g\u00f6r det enkelt att anpassa m\u00f6blering och fl\u00f6den efter behov i skolor, parker och andra offentliga milj\u00f6er. Produktunderlaget inneh\u00e5ller begr\u00e4nsad detaljinformation om material och tillval, men grundutf\u00f6randet \u00e4r utformat f\u00f6r anv\u00e4ndning i utemilj\u00f6 d\u00e4r tydlig funktion, god tillg\u00e4nglighet och robust drift \u00f6ver tid \u00e4r viktig. L\u00f6sningen fungerar v\u00e4l i projekt d\u00e4r man beh\u00f6ver tydliga ytor f\u00f6r b\u00e5de aktivitet, v\u00e4ntzon och strukturerad f\u00f6rvaring.<\/p>\n","protected":false},"excerpt":{"rendered":"<p>\u00d6ppet f\u00f6rr\u00e5dsskydd 6&#215;6 m f\u00f6r samlingar, upptr\u00e4danden och flexibel utomhusanv\u00e4ndning.<\/p>\n","protected":false},"featured_media":137818,"template":"","meta":{"site-sidebar-layout":"","site-content-layout":"","ast-site-content-layout":"","site-content-style":"","site-sidebar-style":"","ast-global-header-display":"","ast-banner-title-visibility":"","ast-main-header-display":"","ast-hfb-above-header-display":"","ast-hfb-below-header-display":"","ast-hfb-mobile-header-display":"","site-post-title":"","ast-breadcrumbs-content":"","ast-featured-img":"","footer-sml-layout":"","theme-transparent-header-meta":"","adv-header-id-meta":"","stick-header-meta":"","header-above-stick-meta":"","header-main-stick-meta":"","header-below-stick-meta":"","astra-migrate-meta-layouts":"","ast-page-background-enabled":"default","ast-page-background-meta":{"desktop":{"background-color":"var(--ast-global-color-5)","background-image":"","background-repeat":"repeat","background-position":"center center","background-size":"auto","background-attachment":"scroll","background-type":"","background-media":"","overlay-type":"","overlay-color":"","overlay-opacity":"","overlay-gradient":""},"tablet":{"background-color":"","background-image":"","background-repeat":"repeat","background-position":"center center","background-size":"auto","background-attachment":"scroll","background-type":"","background-media":"","overlay-type":"","overlay-color":"","overlay-opacity":"","overlay-gradient":""},"mobile":{"background-color":"","background-image":"","background-repeat":"repeat","background-position":"center center","background-size":"auto","background-attachment":"scroll","background-type":"","background-media":"","overlay-type":"","overlay-color":"","overlay-opacity":"","overlay-gradient":""}},"ast-content-background-meta":{"desktop":{"background-color":"var(--ast-global-color-4)","background-image":"","background-repeat":"repeat","background-position":"center center","background-size":"auto","background-attachment":"scroll","background-type":"","background-media":"","overlay-type":"","overlay-color":"","overlay-opacity":"","overlay-gradient":""},"tablet":{"background-color":"var(--ast-global-color-4)","background-image":"","background-repeat":"repeat","background-position":"center center","background-size":"auto","background-attachment":"scroll","background-type":"","background-media":"","overlay-type":"","overlay-color":"","overlay-opacity":"","overlay-gradient":""},"mobile":{"background-color":"var(--ast-global-color-4)","background-image":"","background-repeat":"repeat","background-position":"center center","background-size":"auto","background-attachment":"scroll","background-type":"","background-media":"","overlay-type":"","overlay-color":"","overlay-opacity":"","overlay-gradient":""}}},"product_brand":[37],"product_cat":[493,444],"product_tag":[],"class_list":{"0":"post-146802","1":"product","2":"type-product","3":"status-publish","4":"has-post-thumbnail","6":"product_brand-tiptiptap","7":"product_cat-forrad","8":"product_cat-gata-park","9":"pa_material-w","10":"desktop-align-center","11":"tablet-align-left","12":"mobile-align-left","14":"first","15":"instock","16":"taxable","17":"shipping-taxable","18":"purchasable","19":"product-type-simple"},"_links":{"self":[{"href":"https:\/\/readymade.se\/lekplats\/wp-json\/wp\/v2\/product\/146802","targetHints":{"allow":["GET"]}}],"collection":[{"href":"https:\/\/readymade.se\/lekplats\/wp-json\/wp\/v2\/product"}],"about":[{"href":"https:\/\/readymade.se\/lekplats\/wp-json\/wp\/v2\/types\/product"}],"wp:featuredmedia":[{"embeddable":true,"href":"https:\/\/readymade.se\/lekplats\/wp-json\/wp\/v2\/media\/137818"}],"wp:attachment":[{"href":"https:\/\/readymade.se\/lekplats\/wp-json\/wp\/v2\/media?parent=146802"}],"wp:term":[{"taxonomy":"product_brand","embeddable":true,"href":"https:\/\/readymade.se\/lekplats\/wp-json\/wp\/v2\/product_brand?post=146802"},{"taxonomy":"product_cat","embeddable":true,"href":"https:\/\/readymade.se\/lekplats\/wp-json\/wp\/v2\/product_cat?post=146802"},{"taxonomy":"product_tag","embeddable":true,"href":"https:\/\/readymade.se\/lekplats\/wp-json\/wp\/v2\/product_tag?post=146802"}],"curies":[{"name":"wp","href":"https:\/\/api.w.org\/{rel}","templated":true}]}}