{"id":146772,"date":"2026-03-22T19:40:17","date_gmt":"2026-03-22T18:40:17","guid":{"rendered":"https:\/\/readymade.se\/lekplats\/?post_type=product&#038;p=146772"},"modified":"2026-03-22T19:40:52","modified_gmt":"2026-03-22T18:40:52","slug":"sandbord-valeris","status":"publish","type":"product","link":"https:\/\/readymade.se\/lekplats\/produkt\/sandbord-valeris\/","title":{"rendered":"Sandbord Valeris"},"content":{"rendered":"<p>Sandbord Valeris \u00e4r en del av ZODIAC-serien och \u00e4r framtagen f\u00f6r lekplatser, f\u00f6rskoleg\u00e5rdar och andra offentliga utemilj\u00f6er. Produkten g\u00f6r det l\u00e4tt att samla barn kring kreativ sandlek med fokus p\u00e5 samarbete och finmotorik. Konstruktionen \u00e4r anpassad f\u00f6r \u00e5terkommande anv\u00e4ndning i offentlig drift med fokus p\u00e5 h\u00e5llbar funktion \u00f6ver tid. M\u00e5tt enligt specifikation: cirka 0,4 x 0,4 x 0,5 m. Rekommenderad \u00e5lder: 1+. En h\u00e5llbar l\u00f6sning f\u00f6r trygg och inspirerande lek i offentlig milj\u00f6.<\/p>\n","protected":false},"excerpt":{"rendered":"<p>Sandbord i ZODIAC-serien f\u00f6r offentlig utemilj\u00f6 som uppmuntrar kreativ och social lek p\u00e5 markniv\u00e5.<\/p>\n","protected":false},"featured_media":137767,"template":"","meta":{"site-sidebar-layout":"","site-content-layout":"","ast-site-content-layout":"","site-content-style":"","site-sidebar-style":"","ast-global-header-display":"","ast-banner-title-visibility":"","ast-main-header-display":"","ast-hfb-above-header-display":"","ast-hfb-below-header-display":"","ast-hfb-mobile-header-display":"","site-post-title":"","ast-breadcrumbs-content":"","ast-featured-img":"","footer-sml-layout":"","theme-transparent-header-meta":"","adv-header-id-meta":"","stick-header-meta":"","header-above-stick-meta":"","header-main-stick-meta":"","header-below-stick-meta":"","astra-migrate-meta-layouts":"","ast-page-background-enabled":"default","ast-page-background-meta":{"desktop":{"background-color":"var(--ast-global-color-5)","background-image":"","background-repeat":"repeat","background-position":"center center","background-size":"auto","background-attachment":"scroll","background-type":"","background-media":"","overlay-type":"","overlay-color":"","overlay-opacity":"","overlay-gradient":""},"tablet":{"background-color":"","background-image":"","background-repeat":"repeat","background-position":"center center","background-size":"auto","background-attachment":"scroll","background-type":"","background-media":"","overlay-type":"","overlay-color":"","overlay-opacity":"","overlay-gradient":""},"mobile":{"background-color":"","background-image":"","background-repeat":"repeat","background-position":"center center","background-size":"auto","background-attachment":"scroll","background-type":"","background-media":"","overlay-type":"","overlay-color":"","overlay-opacity":"","overlay-gradient":""}},"ast-content-background-meta":{"desktop":{"background-color":"var(--ast-global-color-4)","background-image":"","background-repeat":"repeat","background-position":"center center","background-size":"auto","background-attachment":"scroll","background-type":"","background-media":"","overlay-type":"","overlay-color":"","overlay-opacity":"","overlay-gradient":""},"tablet":{"background-color":"var(--ast-global-color-4)","background-image":"","background-repeat":"repeat","background-position":"center center","background-size":"auto","background-attachment":"scroll","background-type":"","background-media":"","overlay-type":"","overlay-color":"","overlay-opacity":"","overlay-gradient":""},"mobile":{"background-color":"var(--ast-global-color-4)","background-image":"","background-repeat":"repeat","background-position":"center center","background-size":"auto","background-attachment":"scroll","background-type":"","background-media":"","overlay-type":"","overlay-color":"","overlay-opacity":"","overlay-gradient":""}}},"product_brand":[37],"product_cat":[487],"product_tag":[909],"class_list":{"0":"post-146772","1":"product","2":"type-product","3":"status-publish","4":"has-post-thumbnail","6":"product_brand-tiptiptap","7":"product_cat-sandbord","8":"product_tag-serie-zodiac","9":"desktop-align-center","10":"tablet-align-left","11":"mobile-align-left","13":"first","14":"instock","15":"taxable","16":"shipping-taxable","17":"purchasable","18":"product-type-variable","19":"has-default-attributes"},"_links":{"self":[{"href":"https:\/\/readymade.se\/lekplats\/wp-json\/wp\/v2\/product\/146772","targetHints":{"allow":["GET"]}}],"collection":[{"href":"https:\/\/readymade.se\/lekplats\/wp-json\/wp\/v2\/product"}],"about":[{"href":"https:\/\/readymade.se\/lekplats\/wp-json\/wp\/v2\/types\/product"}],"wp:featuredmedia":[{"embeddable":true,"href":"https:\/\/readymade.se\/lekplats\/wp-json\/wp\/v2\/media\/137767"}],"wp:attachment":[{"href":"https:\/\/readymade.se\/lekplats\/wp-json\/wp\/v2\/media?parent=146772"}],"wp:term":[{"taxonomy":"product_brand","embeddable":true,"href":"https:\/\/readymade.se\/lekplats\/wp-json\/wp\/v2\/product_brand?post=146772"},{"taxonomy":"product_cat","embeddable":true,"href":"https:\/\/readymade.se\/lekplats\/wp-json\/wp\/v2\/product_cat?post=146772"},{"taxonomy":"product_tag","embeddable":true,"href":"https:\/\/readymade.se\/lekplats\/wp-json\/wp\/v2\/product_tag?post=146772"}],"curies":[{"name":"wp","href":"https:\/\/api.w.org\/{rel}","templated":true}]}}