{"id":146498,"date":"2026-03-22T19:37:00","date_gmt":"2026-03-22T18:37:00","guid":{"rendered":"https:\/\/readymade.se\/lekplats\/?post_type=product&#038;p=146498"},"modified":"2026-03-22T19:37:35","modified_gmt":"2026-03-22T18:37:35","slug":"skateboard-dagny","status":"publish","type":"product","link":"https:\/\/readymade.se\/lekplats\/produkt\/skateboard-dagny\/","title":{"rendered":"Skateboard Dagny"},"content":{"rendered":"<p>Banker liknar Quarterpipes men utan den b\u00f6jda ytan och kan vara plana eller ha en l\u00e4tt kr\u00f6kning. Denna bank har en svag kr\u00f6kning i botten som ger mjuka \u00f6verg\u00e5ngar vid \u00e5kning. Den placeras vanligtvis vid skateparkens omkrets och anv\u00e4nds f\u00f6r dropp-in, start av \u00e5kpass och tekniska trick. Banken fungerar \u00e4ven som ett effektivt element f\u00f6r olika typer av man\u00f6vrar. Utrustningen levereras utan s\u00e4kerhetsr\u00e4cken. F\u00f6r \u00f6kad s\u00e4kerhet rekommenderas s\u00e4kerhetsskenor till element upp till 1 m h\u00f6jd. Fr\u00e5n 1 m och upp\u00e5t \u00e4r s\u00e4kerhetsr\u00e4cken obligatoriska enligt g\u00e4llande s\u00e4kerhetsstandarder. S\u00e4kerhetsskena kan l\u00e4ggas till separat.<\/p>\n","protected":false},"excerpt":{"rendered":"<p>L\u00e5g bank med l\u00e4tt kr\u00f6kning f\u00f6r teknisk skate\u00e5kning.<\/p>\n","protected":false},"featured_media":137182,"template":"","meta":{"site-sidebar-layout":"","site-content-layout":"","ast-site-content-layout":"","site-content-style":"","site-sidebar-style":"","ast-global-header-display":"","ast-banner-title-visibility":"","ast-main-header-display":"","ast-hfb-above-header-display":"","ast-hfb-below-header-display":"","ast-hfb-mobile-header-display":"","site-post-title":"","ast-breadcrumbs-content":"","ast-featured-img":"","footer-sml-layout":"","theme-transparent-header-meta":"","adv-header-id-meta":"","stick-header-meta":"","header-above-stick-meta":"","header-main-stick-meta":"","header-below-stick-meta":"","astra-migrate-meta-layouts":"","ast-page-background-enabled":"default","ast-page-background-meta":{"desktop":{"background-color":"var(--ast-global-color-5)","background-image":"","background-repeat":"repeat","background-position":"center center","background-size":"auto","background-attachment":"scroll","background-type":"","background-media":"","overlay-type":"","overlay-color":"","overlay-opacity":"","overlay-gradient":""},"tablet":{"background-color":"","background-image":"","background-repeat":"repeat","background-position":"center center","background-size":"auto","background-attachment":"scroll","background-type":"","background-media":"","overlay-type":"","overlay-color":"","overlay-opacity":"","overlay-gradient":""},"mobile":{"background-color":"","background-image":"","background-repeat":"repeat","background-position":"center center","background-size":"auto","background-attachment":"scroll","background-type":"","background-media":"","overlay-type":"","overlay-color":"","overlay-opacity":"","overlay-gradient":""}},"ast-content-background-meta":{"desktop":{"background-color":"var(--ast-global-color-4)","background-image":"","background-repeat":"repeat","background-position":"center center","background-size":"auto","background-attachment":"scroll","background-type":"","background-media":"","overlay-type":"","overlay-color":"","overlay-opacity":"","overlay-gradient":""},"tablet":{"background-color":"var(--ast-global-color-4)","background-image":"","background-repeat":"repeat","background-position":"center center","background-size":"auto","background-attachment":"scroll","background-type":"","background-media":"","overlay-type":"","overlay-color":"","overlay-opacity":"","overlay-gradient":""},"mobile":{"background-color":"var(--ast-global-color-4)","background-image":"","background-repeat":"repeat","background-position":"center center","background-size":"auto","background-attachment":"scroll","background-type":"","background-media":"","overlay-type":"","overlay-color":"","overlay-opacity":"","overlay-gradient":""}}},"product_brand":[37],"product_cat":[374,907],"product_tag":[887],"class_list":{"0":"post-146498","1":"product","2":"type-product","3":"status-publish","4":"has-post-thumbnail","6":"product_brand-tiptiptap","7":"product_cat-skateboard","8":"product_cat-skateparks","9":"product_tag-serie-skateparks","10":"desktop-align-center","11":"tablet-align-left","12":"mobile-align-left","14":"first","15":"instock","16":"taxable","17":"shipping-taxable","18":"purchasable","19":"product-type-variable","20":"has-default-attributes"},"_links":{"self":[{"href":"https:\/\/readymade.se\/lekplats\/wp-json\/wp\/v2\/product\/146498","targetHints":{"allow":["GET"]}}],"collection":[{"href":"https:\/\/readymade.se\/lekplats\/wp-json\/wp\/v2\/product"}],"about":[{"href":"https:\/\/readymade.se\/lekplats\/wp-json\/wp\/v2\/types\/product"}],"wp:featuredmedia":[{"embeddable":true,"href":"https:\/\/readymade.se\/lekplats\/wp-json\/wp\/v2\/media\/137182"}],"wp:attachment":[{"href":"https:\/\/readymade.se\/lekplats\/wp-json\/wp\/v2\/media?parent=146498"}],"wp:term":[{"taxonomy":"product_brand","embeddable":true,"href":"https:\/\/readymade.se\/lekplats\/wp-json\/wp\/v2\/product_brand?post=146498"},{"taxonomy":"product_cat","embeddable":true,"href":"https:\/\/readymade.se\/lekplats\/wp-json\/wp\/v2\/product_cat?post=146498"},{"taxonomy":"product_tag","embeddable":true,"href":"https:\/\/readymade.se\/lekplats\/wp-json\/wp\/v2\/product_tag?post=146498"}],"curies":[{"name":"wp","href":"https:\/\/api.w.org\/{rel}","templated":true}]}}