{"id":146157,"date":"2026-03-22T19:32:44","date_gmt":"2026-03-22T18:32:44","guid":{"rendered":"https:\/\/readymade.se\/lekplats\/?post_type=product&#038;p=146157"},"modified":"2026-03-22T19:32:51","modified_gmt":"2026-03-22T18:32:51","slug":"gym-colorado-set","status":"publish","type":"product","link":"https:\/\/readymade.se\/lekplats\/produkt\/gym-colorado-set\/","title":{"rendered":"Gym Colorado-set"},"content":{"rendered":"<p>Ett omfattande street workout-set f\u00f6r mer kr\u00e4vande anv\u00e4ndare. Setet best\u00e5r av tv\u00e5 horisontella och tv\u00e5 vertikala stegar, sicksack-stege, tre parallella st\u00e4nger, monkey bar, fyra chinsr\u00e4cken, tub, chins- och ryggmuskelst\u00e4nger i olika greppbredder och riktningar, b\u00e4nk f\u00f6r sit-ups och ryggtr\u00e4ning, separat b\u00e4nk samt stege med gymnastikringar. Konstruktionen \u00e4r uppbyggd av vertikala st\u00e5lprofiler (80\u00d780 mm, 5 mm godstjocklek) med bultmonterade tr\u00e4ningsenheter. Material: pulverlackerad metall, varmf\u00f6rzinkning och pulverlackering p\u00e5 beg\u00e4ran. F\u00f6rankras genom gjutning med m\u00f6jlighet till ankarbultsl\u00f6sning. T\u00dcV-certifierad enligt EN 16630:2015.<\/p>\n","protected":false},"excerpt":{"rendered":"<p>Stort street workout-set f\u00f6r professionell tr\u00e4ning.<\/p>\n","protected":false},"featured_media":136459,"template":"","meta":{"site-sidebar-layout":"","site-content-layout":"","ast-site-content-layout":"","site-content-style":"","site-sidebar-style":"","ast-global-header-display":"","ast-banner-title-visibility":"","ast-main-header-display":"","ast-hfb-above-header-display":"","ast-hfb-below-header-display":"","ast-hfb-mobile-header-display":"","site-post-title":"","ast-breadcrumbs-content":"","ast-featured-img":"","footer-sml-layout":"","theme-transparent-header-meta":"","adv-header-id-meta":"","stick-header-meta":"","header-above-stick-meta":"","header-main-stick-meta":"","header-below-stick-meta":"","astra-migrate-meta-layouts":"","ast-page-background-enabled":"default","ast-page-background-meta":{"desktop":{"background-color":"var(--ast-global-color-5)","background-image":"","background-repeat":"repeat","background-position":"center center","background-size":"auto","background-attachment":"scroll","background-type":"","background-media":"","overlay-type":"","overlay-color":"","overlay-opacity":"","overlay-gradient":""},"tablet":{"background-color":"","background-image":"","background-repeat":"repeat","background-position":"center center","background-size":"auto","background-attachment":"scroll","background-type":"","background-media":"","overlay-type":"","overlay-color":"","overlay-opacity":"","overlay-gradient":""},"mobile":{"background-color":"","background-image":"","background-repeat":"repeat","background-position":"center center","background-size":"auto","background-attachment":"scroll","background-type":"","background-media":"","overlay-type":"","overlay-color":"","overlay-opacity":"","overlay-gradient":""}},"ast-content-background-meta":{"desktop":{"background-color":"var(--ast-global-color-4)","background-image":"","background-repeat":"repeat","background-position":"center center","background-size":"auto","background-attachment":"scroll","background-type":"","background-media":"","overlay-type":"","overlay-color":"","overlay-opacity":"","overlay-gradient":""},"tablet":{"background-color":"var(--ast-global-color-4)","background-image":"","background-repeat":"repeat","background-position":"center center","background-size":"auto","background-attachment":"scroll","background-type":"","background-media":"","overlay-type":"","overlay-color":"","overlay-opacity":"","overlay-gradient":""},"mobile":{"background-color":"var(--ast-global-color-4)","background-image":"","background-repeat":"repeat","background-position":"center center","background-size":"auto","background-attachment":"scroll","background-type":"","background-media":"","overlay-type":"","overlay-color":"","overlay-opacity":"","overlay-gradient":""}}},"product_brand":[37],"product_cat":[385,369],"product_tag":[],"class_list":{"0":"post-146157","1":"product","2":"type-product","3":"status-publish","4":"has-post-thumbnail","6":"product_brand-tiptiptap","7":"product_cat-gym","8":"product_cat-sport-rorelse","9":"desktop-align-center","10":"tablet-align-left","11":"mobile-align-left","13":"first","14":"instock","15":"taxable","16":"shipping-taxable","17":"purchasable","18":"product-type-simple"},"_links":{"self":[{"href":"https:\/\/readymade.se\/lekplats\/wp-json\/wp\/v2\/product\/146157","targetHints":{"allow":["GET"]}}],"collection":[{"href":"https:\/\/readymade.se\/lekplats\/wp-json\/wp\/v2\/product"}],"about":[{"href":"https:\/\/readymade.se\/lekplats\/wp-json\/wp\/v2\/types\/product"}],"wp:featuredmedia":[{"embeddable":true,"href":"https:\/\/readymade.se\/lekplats\/wp-json\/wp\/v2\/media\/136459"}],"wp:attachment":[{"href":"https:\/\/readymade.se\/lekplats\/wp-json\/wp\/v2\/media?parent=146157"}],"wp:term":[{"taxonomy":"product_brand","embeddable":true,"href":"https:\/\/readymade.se\/lekplats\/wp-json\/wp\/v2\/product_brand?post=146157"},{"taxonomy":"product_cat","embeddable":true,"href":"https:\/\/readymade.se\/lekplats\/wp-json\/wp\/v2\/product_cat?post=146157"},{"taxonomy":"product_tag","embeddable":true,"href":"https:\/\/readymade.se\/lekplats\/wp-json\/wp\/v2\/product_tag?post=146157"}],"curies":[{"name":"wp","href":"https:\/\/api.w.org\/{rel}","templated":true}]}}