{"id":145661,"date":"2026-03-22T19:26:13","date_gmt":"2026-03-22T18:26:13","guid":{"rendered":"https:\/\/readymade.se\/lekplats\/?post_type=product&#038;p=145661"},"modified":"2026-03-22T19:26:24","modified_gmt":"2026-03-22T18:26:24","slug":"epdm-sfar-d700","status":"publish","type":"product","link":"https:\/\/readymade.se\/lekplats\/produkt\/epdm-sfar-d700\/","title":{"rendered":"EPDM-sf\u00e4r D700"},"content":{"rendered":"<p>EPDM-sf\u00e4r D700 \u00e4r ett formgjutet EPDM-element f\u00f6r lekplatser, skolg\u00e5rdar och andra offentliga utemilj\u00f6er d\u00e4r man vill skapa varierade balans- och motorikstr\u00e5k. Elementet fungerar b\u00e5de som sj\u00e4lvst\u00e4ndig lekpunkt och som del av en sammanh\u00e4ngande yta tillsammans med andra markelement. Den gummibaserade konstruktionen ger god slitstyrka, v\u00e4dert\u00e5lighet och ett mjukare intryck i r\u00f6relsezoner med h\u00f6g anv\u00e4ndning. M\u00e5tt: diameter\/diameterm\u00e5tt cirka 700 mm, h\u00f6jd cirka 700 mm.<\/p>\n","protected":false},"excerpt":{"rendered":"<p>EPDM-formelement sf\u00e4r D700 f\u00f6r balansstr\u00e5k och lekytor i offentlig utemilj\u00f6.<\/p>\n","protected":false},"featured_media":135448,"template":"","meta":{"site-sidebar-layout":"","site-content-layout":"","ast-site-content-layout":"","site-content-style":"","site-sidebar-style":"","ast-global-header-display":"","ast-banner-title-visibility":"","ast-main-header-display":"","ast-hfb-above-header-display":"","ast-hfb-below-header-display":"","ast-hfb-mobile-header-display":"","site-post-title":"","ast-breadcrumbs-content":"","ast-featured-img":"","footer-sml-layout":"","theme-transparent-header-meta":"","adv-header-id-meta":"","stick-header-meta":"","header-above-stick-meta":"","header-main-stick-meta":"","header-below-stick-meta":"","astra-migrate-meta-layouts":"","ast-page-background-enabled":"default","ast-page-background-meta":{"desktop":{"background-color":"var(--ast-global-color-5)","background-image":"","background-repeat":"repeat","background-position":"center center","background-size":"auto","background-attachment":"scroll","background-type":"","background-media":"","overlay-type":"","overlay-color":"","overlay-opacity":"","overlay-gradient":""},"tablet":{"background-color":"","background-image":"","background-repeat":"repeat","background-position":"center center","background-size":"auto","background-attachment":"scroll","background-type":"","background-media":"","overlay-type":"","overlay-color":"","overlay-opacity":"","overlay-gradient":""},"mobile":{"background-color":"","background-image":"","background-repeat":"repeat","background-position":"center center","background-size":"auto","background-attachment":"scroll","background-type":"","background-media":"","overlay-type":"","overlay-color":"","overlay-opacity":"","overlay-gradient":""}},"ast-content-background-meta":{"desktop":{"background-color":"var(--ast-global-color-4)","background-image":"","background-repeat":"repeat","background-position":"center center","background-size":"auto","background-attachment":"scroll","background-type":"","background-media":"","overlay-type":"","overlay-color":"","overlay-opacity":"","overlay-gradient":""},"tablet":{"background-color":"var(--ast-global-color-4)","background-image":"","background-repeat":"repeat","background-position":"center center","background-size":"auto","background-attachment":"scroll","background-type":"","background-media":"","overlay-type":"","overlay-color":"","overlay-opacity":"","overlay-gradient":""},"mobile":{"background-color":"var(--ast-global-color-4)","background-image":"","background-repeat":"repeat","background-position":"center center","background-size":"auto","background-attachment":"scroll","background-type":"","background-media":"","overlay-type":"","overlay-color":"","overlay-opacity":"","overlay-gradient":""}}},"product_brand":[37],"product_cat":[55,912],"product_tag":[898,875],"class_list":{"0":"post-145661","1":"product","2":"type-product","3":"status-publish","4":"has-post-thumbnail","6":"product_brand-tiptiptap","7":"product_cat-balans-motorik","8":"product_cat-epdm-stotyta","9":"product_tag-serie-safety-surfaces","10":"product_tag-serie-standard","11":"desktop-align-center","12":"tablet-align-left","13":"mobile-align-left","15":"first","16":"instock","17":"taxable","18":"shipping-taxable","19":"purchasable","20":"product-type-simple"},"_links":{"self":[{"href":"https:\/\/readymade.se\/lekplats\/wp-json\/wp\/v2\/product\/145661","targetHints":{"allow":["GET"]}}],"collection":[{"href":"https:\/\/readymade.se\/lekplats\/wp-json\/wp\/v2\/product"}],"about":[{"href":"https:\/\/readymade.se\/lekplats\/wp-json\/wp\/v2\/types\/product"}],"wp:featuredmedia":[{"embeddable":true,"href":"https:\/\/readymade.se\/lekplats\/wp-json\/wp\/v2\/media\/135448"}],"wp:attachment":[{"href":"https:\/\/readymade.se\/lekplats\/wp-json\/wp\/v2\/media?parent=145661"}],"wp:term":[{"taxonomy":"product_brand","embeddable":true,"href":"https:\/\/readymade.se\/lekplats\/wp-json\/wp\/v2\/product_brand?post=145661"},{"taxonomy":"product_cat","embeddable":true,"href":"https:\/\/readymade.se\/lekplats\/wp-json\/wp\/v2\/product_cat?post=145661"},{"taxonomy":"product_tag","embeddable":true,"href":"https:\/\/readymade.se\/lekplats\/wp-json\/wp\/v2\/product_tag?post=145661"}],"curies":[{"name":"wp","href":"https:\/\/api.w.org\/{rel}","templated":true}]}}