{"id":145434,"date":"2026-03-22T19:23:29","date_gmt":"2026-03-22T18:23:29","guid":{"rendered":"https:\/\/readymade.se\/lekplats\/?post_type=product&#038;p=145434"},"modified":"2026-03-22T19:23:39","modified_gmt":"2026-03-22T18:23:39","slug":"informationsskylt-clara-sakerhet","status":"publish","type":"product","link":"https:\/\/readymade.se\/lekplats\/produkt\/informationsskylt-clara-sakerhet\/","title":{"rendered":"Informationsskylt Clara S\u00e4kerhet"},"content":{"rendered":"<p>Informationsskylt Clara S\u00e4kerhet \u00e4r framtagen f\u00f6r lekplatser d\u00e4r tydliga regler och kontaktv\u00e4gar beh\u00f6ver kommuniceras direkt p\u00e5 plats. Skylten anv\u00e4nds f\u00f6r exempelvis \u00e5ldersrekommendationer, ordningsregler och viktiga kontaktuppgifter. Inneh\u00e5llet fastst\u00e4lls i samband med best\u00e4llning s\u00e5 att informationen blir korrekt f\u00f6r varje anl\u00e4ggning. Ramen \u00e4r tillverkad i galvaniserat st\u00e5l och panelen i aluminiumkomposit, vilket ger god h\u00e5llbarhet i nordiskt utomhusklimat. Clara \u00e4r ett praktiskt val f\u00f6r kommuner, bostadsr\u00e4ttsf\u00f6reningar och entrepren\u00f6rer som vill kombinera s\u00e4kerhetsinformation med en ren och professionell helhet p\u00e5 lekplatsen.<\/p>\n","protected":false},"excerpt":{"rendered":"<p>Informationsskylt med s\u00e4kerhetsinformation f\u00f6r lekplatser, inklusive \u00e5ldersrekommendationer och kontaktuppgifter.<\/p>\n","protected":false},"featured_media":135043,"template":"","meta":{"site-sidebar-layout":"default","site-content-layout":"","ast-site-content-layout":"default","site-content-style":"default","site-sidebar-style":"default","ast-global-header-display":"","ast-banner-title-visibility":"","ast-main-header-display":"","ast-hfb-above-header-display":"","ast-hfb-below-header-display":"","ast-hfb-mobile-header-display":"","site-post-title":"","ast-breadcrumbs-content":"","ast-featured-img":"","footer-sml-layout":"","theme-transparent-header-meta":"default","adv-header-id-meta":"","stick-header-meta":"","header-above-stick-meta":"","header-main-stick-meta":"","header-below-stick-meta":"","astra-migrate-meta-layouts":"set","ast-page-background-enabled":"default","ast-page-background-meta":{"desktop":{"background-color":"var(--ast-global-color-5)","background-image":"","background-repeat":"repeat","background-position":"center center","background-size":"auto","background-attachment":"scroll","background-type":"","background-media":"","overlay-type":"","overlay-color":"","overlay-opacity":"","overlay-gradient":""},"tablet":{"background-color":"","background-image":"","background-repeat":"repeat","background-position":"center center","background-size":"auto","background-attachment":"scroll","background-type":"","background-media":"","overlay-type":"","overlay-color":"","overlay-opacity":"","overlay-gradient":""},"mobile":{"background-color":"","background-image":"","background-repeat":"repeat","background-position":"center center","background-size":"auto","background-attachment":"scroll","background-type":"","background-media":"","overlay-type":"","overlay-color":"","overlay-opacity":"","overlay-gradient":""}},"ast-content-background-meta":{"desktop":{"background-color":"var(--ast-global-color-4)","background-image":"","background-repeat":"repeat","background-position":"center center","background-size":"auto","background-attachment":"scroll","background-type":"","background-media":"","overlay-type":"","overlay-color":"","overlay-opacity":"","overlay-gradient":""},"tablet":{"background-color":"var(--ast-global-color-4)","background-image":"","background-repeat":"repeat","background-position":"center center","background-size":"auto","background-attachment":"scroll","background-type":"","background-media":"","overlay-type":"","overlay-color":"","overlay-opacity":"","overlay-gradient":""},"mobile":{"background-color":"var(--ast-global-color-4)","background-image":"","background-repeat":"repeat","background-position":"center center","background-size":"auto","background-attachment":"scroll","background-type":"","background-media":"","overlay-type":"","overlay-color":"","overlay-opacity":"","overlay-gradient":""}}},"product_brand":[37],"product_cat":[444,495],"product_tag":[573,885],"class_list":{"0":"post-145434","1":"product","2":"type-product","3":"status-publish","4":"has-post-thumbnail","6":"product_brand-tiptiptap","7":"product_cat-gata-park","8":"product_cat-skyltar","9":"product_tag-core-gata-park","10":"product_tag-inte-frilagd","11":"pa_material-mf","12":"desktop-align-center","13":"tablet-align-left","14":"mobile-align-left","16":"first","17":"instock","18":"taxable","19":"shipping-taxable","20":"purchasable","21":"product-type-simple"},"_links":{"self":[{"href":"https:\/\/readymade.se\/lekplats\/wp-json\/wp\/v2\/product\/145434","targetHints":{"allow":["GET"]}}],"collection":[{"href":"https:\/\/readymade.se\/lekplats\/wp-json\/wp\/v2\/product"}],"about":[{"href":"https:\/\/readymade.se\/lekplats\/wp-json\/wp\/v2\/types\/product"}],"wp:featuredmedia":[{"embeddable":true,"href":"https:\/\/readymade.se\/lekplats\/wp-json\/wp\/v2\/media\/135043"}],"wp:attachment":[{"href":"https:\/\/readymade.se\/lekplats\/wp-json\/wp\/v2\/media?parent=145434"}],"wp:term":[{"taxonomy":"product_brand","embeddable":true,"href":"https:\/\/readymade.se\/lekplats\/wp-json\/wp\/v2\/product_brand?post=145434"},{"taxonomy":"product_cat","embeddable":true,"href":"https:\/\/readymade.se\/lekplats\/wp-json\/wp\/v2\/product_cat?post=145434"},{"taxonomy":"product_tag","embeddable":true,"href":"https:\/\/readymade.se\/lekplats\/wp-json\/wp\/v2\/product_tag?post=145434"}],"curies":[{"name":"wp","href":"https:\/\/api.w.org\/{rel}","templated":true}]}}