{"id":145395,"date":"2026-03-22T19:23:07","date_gmt":"2026-03-22T18:23:07","guid":{"rendered":"https:\/\/readymade.se\/lekplats\/?post_type=product&#038;p=145395"},"modified":"2026-03-22T19:23:13","modified_gmt":"2026-03-22T18:23:13","slug":"ombytningsbas","status":"publish","type":"product","link":"https:\/\/readymade.se\/lekplats\/produkt\/ombytningsbas\/","title":{"rendered":"Ombytningsb\u00e5s"},"content":{"rendered":"<p>Ombytningsb\u00e5s \u00e4r en slitstark omkl\u00e4dningshytt f\u00f6r str\u00e4nder, campingplatser, badplatser och andra rekreationsmilj\u00f6er. V\u00e4ggarna \u00e4r tillverkade av vattent\u00e4t plywood i brun kul\u00f6r, medan huvudkonstruktion och golv best\u00e5r av v\u00e4derbest\u00e4ndigt limtr\u00e4. F\u00f6r stabil f\u00f6rankring gjuts hytten i marken med varmf\u00f6rzinkade metallr\u00f6r. Den robusta uppbyggnaden g\u00f6r produkten l\u00e4mplig f\u00f6r offentliga milj\u00f6er med h\u00f6g belastning och varierande v\u00e4der. Konstruktionen \u00e4r enkel att anv\u00e4nda, l\u00e4tt att integrera i befintliga anl\u00e4ggningar och ger en trygg och avskild ombytesfunktion f\u00f6r b\u00e5de bes\u00f6kare och verksamhetens dagliga drift. Produkten \u00e4r utvecklad f\u00f6r daglig anv\u00e4ndning i offentlig milj\u00f6 och ger en drifts\u00e4ker l\u00f6sning \u00f6ver l\u00e5ng tid.<\/p>\n","protected":false},"excerpt":{"rendered":"<p>Ombytningsb\u00e5s i limtr\u00e4 och vattent\u00e4t plywood f\u00f6r str\u00e4nder, parker och rekreationsmilj\u00f6er.<\/p>\n","protected":false},"featured_media":134967,"template":"","meta":{"site-sidebar-layout":"default","site-content-layout":"","ast-site-content-layout":"default","site-content-style":"default","site-sidebar-style":"default","ast-global-header-display":"","ast-banner-title-visibility":"","ast-main-header-display":"","ast-hfb-above-header-display":"","ast-hfb-below-header-display":"","ast-hfb-mobile-header-display":"","site-post-title":"","ast-breadcrumbs-content":"","ast-featured-img":"","footer-sml-layout":"","theme-transparent-header-meta":"default","adv-header-id-meta":"","stick-header-meta":"","header-above-stick-meta":"","header-main-stick-meta":"","header-below-stick-meta":"","astra-migrate-meta-layouts":"set","ast-page-background-enabled":"default","ast-page-background-meta":{"desktop":{"background-color":"var(--ast-global-color-5)","background-image":"","background-repeat":"repeat","background-position":"center center","background-size":"auto","background-attachment":"scroll","background-type":"","background-media":"","overlay-type":"","overlay-color":"","overlay-opacity":"","overlay-gradient":""},"tablet":{"background-color":"","background-image":"","background-repeat":"repeat","background-position":"center center","background-size":"auto","background-attachment":"scroll","background-type":"","background-media":"","overlay-type":"","overlay-color":"","overlay-opacity":"","overlay-gradient":""},"mobile":{"background-color":"","background-image":"","background-repeat":"repeat","background-position":"center center","background-size":"auto","background-attachment":"scroll","background-type":"","background-media":"","overlay-type":"","overlay-color":"","overlay-opacity":"","overlay-gradient":""}},"ast-content-background-meta":{"desktop":{"background-color":"var(--ast-global-color-4)","background-image":"","background-repeat":"repeat","background-position":"center center","background-size":"auto","background-attachment":"scroll","background-type":"","background-media":"","overlay-type":"","overlay-color":"","overlay-opacity":"","overlay-gradient":""},"tablet":{"background-color":"var(--ast-global-color-4)","background-image":"","background-repeat":"repeat","background-position":"center center","background-size":"auto","background-attachment":"scroll","background-type":"","background-media":"","overlay-type":"","overlay-color":"","overlay-opacity":"","overlay-gradient":""},"mobile":{"background-color":"var(--ast-global-color-4)","background-image":"","background-repeat":"repeat","background-position":"center center","background-size":"auto","background-attachment":"scroll","background-type":"","background-media":"","overlay-type":"","overlay-color":"","overlay-opacity":"","overlay-gradient":""}}},"product_brand":[37],"product_cat":[493,444],"product_tag":[573],"class_list":{"0":"post-145395","1":"product","2":"type-product","3":"status-publish","4":"has-post-thumbnail","6":"product_brand-tiptiptap","7":"product_cat-forrad","8":"product_cat-gata-park","9":"product_tag-core-gata-park","10":"pa_material-w","11":"desktop-align-center","12":"tablet-align-left","13":"mobile-align-left","15":"first","16":"instock","17":"taxable","18":"shipping-taxable","19":"purchasable","20":"product-type-simple"},"_links":{"self":[{"href":"https:\/\/readymade.se\/lekplats\/wp-json\/wp\/v2\/product\/145395","targetHints":{"allow":["GET"]}}],"collection":[{"href":"https:\/\/readymade.se\/lekplats\/wp-json\/wp\/v2\/product"}],"about":[{"href":"https:\/\/readymade.se\/lekplats\/wp-json\/wp\/v2\/types\/product"}],"wp:featuredmedia":[{"embeddable":true,"href":"https:\/\/readymade.se\/lekplats\/wp-json\/wp\/v2\/media\/134967"}],"wp:attachment":[{"href":"https:\/\/readymade.se\/lekplats\/wp-json\/wp\/v2\/media?parent=145395"}],"wp:term":[{"taxonomy":"product_brand","embeddable":true,"href":"https:\/\/readymade.se\/lekplats\/wp-json\/wp\/v2\/product_brand?post=145395"},{"taxonomy":"product_cat","embeddable":true,"href":"https:\/\/readymade.se\/lekplats\/wp-json\/wp\/v2\/product_cat?post=145395"},{"taxonomy":"product_tag","embeddable":true,"href":"https:\/\/readymade.se\/lekplats\/wp-json\/wp\/v2\/product_tag?post=145395"}],"curies":[{"name":"wp","href":"https:\/\/api.w.org\/{rel}","templated":true}]}}