{"id":145349,"date":"2026-03-22T19:22:24","date_gmt":"2026-03-22T18:22:24","guid":{"rendered":"https:\/\/readymade.se\/lekplats\/?post_type=product&#038;p=145349"},"modified":"2026-03-22T19:22:31","modified_gmt":"2026-03-22T18:22:31","slug":"sandlada-plastnatskydd-for-sandlada-3x3-m","status":"publish","type":"product","link":"https:\/\/readymade.se\/lekplats\/produkt\/sandlada-plastnatskydd-for-sandlada-3x3-m\/","title":{"rendered":"Sandl\u00e5da Plastn\u00e4tskydd f\u00f6r sandl\u00e5da 3&#215;3 m"},"content":{"rendered":"<p>Sandl\u00e5dans skydd \u00e4r tillverkat av h\u00f6gh\u00e5llfast PVC-n\u00e4tmaterial f\u00f6r utomhusbruk. Det f\u00f6rhindrar att djur kommer \u00e5t sanden och motverkar m\u00f6gelbildning. Ett kraftigt gummisn\u00f6re g\u00e5r genom metall\u00f6glor i de f\u00e5llade kanterna och s\u00e4krar skyddet runt sandl\u00e5dan. Materialet \u00e4r mycket h\u00e5llbart och rivt\u00e5ligt. Tekniska parametrar: vikt 250 g\/m\u00b2, rivh\u00e5llfasthet 250 N\/5 cm, dragh\u00e5llfasthet 900 N\/5 cm. \u00d6verdraget har tryckt imitation av gr\u00f6nt gr\u00e4s och kan best\u00e4llas med egna motiv. Specialstorlekar kan tillverkas.<\/p>\n","protected":false},"excerpt":{"rendered":"<p>N\u00e4tskydd i slitstark PVC som skyddar sandl\u00e5dan mot djur och smuts och hj\u00e4lper till att h\u00e5lla sanden hygienisk.<\/p>\n","protected":false},"featured_media":134861,"template":"","meta":{"site-sidebar-layout":"default","site-content-layout":"","ast-site-content-layout":"default","site-content-style":"default","site-sidebar-style":"default","ast-global-header-display":"","ast-banner-title-visibility":"","ast-main-header-display":"","ast-hfb-above-header-display":"","ast-hfb-below-header-display":"","ast-hfb-mobile-header-display":"","site-post-title":"","ast-breadcrumbs-content":"","ast-featured-img":"","footer-sml-layout":"","theme-transparent-header-meta":"default","adv-header-id-meta":"","stick-header-meta":"","header-above-stick-meta":"","header-main-stick-meta":"","header-below-stick-meta":"","astra-migrate-meta-layouts":"set","ast-page-background-enabled":"default","ast-page-background-meta":{"desktop":{"background-color":"var(--ast-global-color-5)","background-image":"","background-repeat":"repeat","background-position":"center center","background-size":"auto","background-attachment":"scroll","background-type":"","background-media":"","overlay-type":"","overlay-color":"","overlay-opacity":"","overlay-gradient":""},"tablet":{"background-color":"","background-image":"","background-repeat":"repeat","background-position":"center center","background-size":"auto","background-attachment":"scroll","background-type":"","background-media":"","overlay-type":"","overlay-color":"","overlay-opacity":"","overlay-gradient":""},"mobile":{"background-color":"","background-image":"","background-repeat":"repeat","background-position":"center center","background-size":"auto","background-attachment":"scroll","background-type":"","background-media":"","overlay-type":"","overlay-color":"","overlay-opacity":"","overlay-gradient":""}},"ast-content-background-meta":{"desktop":{"background-color":"var(--ast-global-color-4)","background-image":"","background-repeat":"repeat","background-position":"center center","background-size":"auto","background-attachment":"scroll","background-type":"","background-media":"","overlay-type":"","overlay-color":"","overlay-opacity":"","overlay-gradient":""},"tablet":{"background-color":"var(--ast-global-color-4)","background-image":"","background-repeat":"repeat","background-position":"center center","background-size":"auto","background-attachment":"scroll","background-type":"","background-media":"","overlay-type":"","overlay-color":"","overlay-opacity":"","overlay-gradient":""},"mobile":{"background-color":"var(--ast-global-color-4)","background-image":"","background-repeat":"repeat","background-position":"center center","background-size":"auto","background-attachment":"scroll","background-type":"","background-media":"","overlay-type":"","overlay-color":"","overlay-opacity":"","overlay-gradient":""}}},"product_brand":[37],"product_cat":[486],"product_tag":[885,875],"class_list":{"0":"post-145349","1":"product","2":"type-product","3":"status-publish","4":"has-post-thumbnail","6":"product_brand-tiptiptap","7":"product_cat-sandlador","8":"product_tag-inte-frilagd","9":"product_tag-serie-standard","10":"pa_material-mf","11":"desktop-align-center","12":"tablet-align-left","13":"mobile-align-left","15":"first","16":"instock","17":"taxable","18":"shipping-taxable","19":"purchasable","20":"product-type-simple"},"_links":{"self":[{"href":"https:\/\/readymade.se\/lekplats\/wp-json\/wp\/v2\/product\/145349","targetHints":{"allow":["GET"]}}],"collection":[{"href":"https:\/\/readymade.se\/lekplats\/wp-json\/wp\/v2\/product"}],"about":[{"href":"https:\/\/readymade.se\/lekplats\/wp-json\/wp\/v2\/types\/product"}],"wp:featuredmedia":[{"embeddable":true,"href":"https:\/\/readymade.se\/lekplats\/wp-json\/wp\/v2\/media\/134861"}],"wp:attachment":[{"href":"https:\/\/readymade.se\/lekplats\/wp-json\/wp\/v2\/media?parent=145349"}],"wp:term":[{"taxonomy":"product_brand","embeddable":true,"href":"https:\/\/readymade.se\/lekplats\/wp-json\/wp\/v2\/product_brand?post=145349"},{"taxonomy":"product_cat","embeddable":true,"href":"https:\/\/readymade.se\/lekplats\/wp-json\/wp\/v2\/product_cat?post=145349"},{"taxonomy":"product_tag","embeddable":true,"href":"https:\/\/readymade.se\/lekplats\/wp-json\/wp\/v2\/product_tag?post=145349"}],"curies":[{"name":"wp","href":"https:\/\/api.w.org\/{rel}","templated":true}]}}