{"id":145348,"date":"2026-03-22T19:22:24","date_gmt":"2026-03-22T18:22:24","guid":{"rendered":"https:\/\/readymade.se\/lekplats\/?post_type=product&#038;p=145348"},"modified":"2026-03-22T19:22:31","modified_gmt":"2026-03-22T18:22:31","slug":"sandlada-plastnatskydd-for-sandlada-2x2-m","status":"publish","type":"product","link":"https:\/\/readymade.se\/lekplats\/produkt\/sandlada-plastnatskydd-for-sandlada-2x2-m\/","title":{"rendered":"Sandl\u00e5da Plastn\u00e4tskydd f\u00f6r sandl\u00e5da 2&#215;2 m"},"content":{"rendered":"<p>Sandl\u00e5deskydd tillverkat av h\u00f6gh\u00e5llfast PVC-n\u00e4tmaterial f\u00f6r utomhusbruk. Skyddet f\u00f6rhindrar att djur tar sig ner i sanden och minskar risken f\u00f6r m\u00f6gel. Ett kraftigt gummisn\u00f6re l\u00f6per genom p\u00e5sydda kanter med metall\u00f6glor och f\u00e4ster skyddet runt sandl\u00e5dan. Materialet \u00e4r mycket slitstarkt och motst\u00e5ndskraftigt mot rivning. Tekniska data: vikt 250 g\/m\u00b2, rivh\u00e5llfasthet 250 N\/5 cm, dragh\u00e5llfasthet 900 N\/5 cm. Tryckt gr\u00e4simitation. M\u00f6jlighet till specialtryck och anpassade m\u00e5tt.<\/p>\n","protected":false},"excerpt":{"rendered":"<p>Robust n\u00e4tskydd i PVC som h\u00e5ller sanden ren fr\u00e5n djur, l\u00f6v och fukt och f\u00f6rl\u00e4nger sandl\u00e5dans livsl\u00e4ngd.<\/p>\n","protected":false},"featured_media":134858,"template":"","meta":{"site-sidebar-layout":"default","site-content-layout":"","ast-site-content-layout":"default","site-content-style":"default","site-sidebar-style":"default","ast-global-header-display":"","ast-banner-title-visibility":"","ast-main-header-display":"","ast-hfb-above-header-display":"","ast-hfb-below-header-display":"","ast-hfb-mobile-header-display":"","site-post-title":"","ast-breadcrumbs-content":"","ast-featured-img":"","footer-sml-layout":"","theme-transparent-header-meta":"default","adv-header-id-meta":"","stick-header-meta":"","header-above-stick-meta":"","header-main-stick-meta":"","header-below-stick-meta":"","astra-migrate-meta-layouts":"set","ast-page-background-enabled":"default","ast-page-background-meta":{"desktop":{"background-color":"var(--ast-global-color-5)","background-image":"","background-repeat":"repeat","background-position":"center center","background-size":"auto","background-attachment":"scroll","background-type":"","background-media":"","overlay-type":"","overlay-color":"","overlay-opacity":"","overlay-gradient":""},"tablet":{"background-color":"","background-image":"","background-repeat":"repeat","background-position":"center center","background-size":"auto","background-attachment":"scroll","background-type":"","background-media":"","overlay-type":"","overlay-color":"","overlay-opacity":"","overlay-gradient":""},"mobile":{"background-color":"","background-image":"","background-repeat":"repeat","background-position":"center center","background-size":"auto","background-attachment":"scroll","background-type":"","background-media":"","overlay-type":"","overlay-color":"","overlay-opacity":"","overlay-gradient":""}},"ast-content-background-meta":{"desktop":{"background-color":"var(--ast-global-color-4)","background-image":"","background-repeat":"repeat","background-position":"center center","background-size":"auto","background-attachment":"scroll","background-type":"","background-media":"","overlay-type":"","overlay-color":"","overlay-opacity":"","overlay-gradient":""},"tablet":{"background-color":"var(--ast-global-color-4)","background-image":"","background-repeat":"repeat","background-position":"center center","background-size":"auto","background-attachment":"scroll","background-type":"","background-media":"","overlay-type":"","overlay-color":"","overlay-opacity":"","overlay-gradient":""},"mobile":{"background-color":"var(--ast-global-color-4)","background-image":"","background-repeat":"repeat","background-position":"center center","background-size":"auto","background-attachment":"scroll","background-type":"","background-media":"","overlay-type":"","overlay-color":"","overlay-opacity":"","overlay-gradient":""}}},"product_brand":[37],"product_cat":[486],"product_tag":[885,875],"class_list":{"0":"post-145348","1":"product","2":"type-product","3":"status-publish","4":"has-post-thumbnail","6":"product_brand-tiptiptap","7":"product_cat-sandlador","8":"product_tag-inte-frilagd","9":"product_tag-serie-standard","10":"pa_material-mf","11":"desktop-align-center","12":"tablet-align-left","13":"mobile-align-left","15":"first","16":"instock","17":"taxable","18":"shipping-taxable","19":"purchasable","20":"product-type-simple"},"_links":{"self":[{"href":"https:\/\/readymade.se\/lekplats\/wp-json\/wp\/v2\/product\/145348","targetHints":{"allow":["GET"]}}],"collection":[{"href":"https:\/\/readymade.se\/lekplats\/wp-json\/wp\/v2\/product"}],"about":[{"href":"https:\/\/readymade.se\/lekplats\/wp-json\/wp\/v2\/types\/product"}],"wp:featuredmedia":[{"embeddable":true,"href":"https:\/\/readymade.se\/lekplats\/wp-json\/wp\/v2\/media\/134858"}],"wp:attachment":[{"href":"https:\/\/readymade.se\/lekplats\/wp-json\/wp\/v2\/media?parent=145348"}],"wp:term":[{"taxonomy":"product_brand","embeddable":true,"href":"https:\/\/readymade.se\/lekplats\/wp-json\/wp\/v2\/product_brand?post=145348"},{"taxonomy":"product_cat","embeddable":true,"href":"https:\/\/readymade.se\/lekplats\/wp-json\/wp\/v2\/product_cat?post=145348"},{"taxonomy":"product_tag","embeddable":true,"href":"https:\/\/readymade.se\/lekplats\/wp-json\/wp\/v2\/product_tag?post=145348"}],"curies":[{"name":"wp","href":"https:\/\/api.w.org\/{rel}","templated":true}]}}