{"id":145051,"date":"2026-03-22T19:18:50","date_gmt":"2026-03-22T18:18:50","guid":{"rendered":"https:\/\/readymade.se\/lekplats\/?post_type=product&#038;p=145051"},"modified":"2026-03-22T19:18:58","modified_gmt":"2026-03-22T18:18:58","slug":"paviljong-maja-6-m2-sexkant-malad","status":"publish","type":"product","link":"https:\/\/readymade.se\/lekplats\/produkt\/paviljong-maja-6-m2-sexkant-malad\/","title":{"rendered":"Paviljong Maja 6 m2 Sexkant M\u00e5lad"},"content":{"rendered":"<p>Paviljong Maja 6 m2 Sexkant M\u00e5lad \u00e4r en f\u00e4rdigbehandlad sexkantig paviljong i naturligt torkad gran eller furu. Paviljongen har en diagonal diameter p\u00e5 cirka 3,0 m med b\u00e4nkar och sidl\u00e4ngd 1,5 m, vilket ger en kompakt men funktionell samlingsyta. Tr\u00e4ytan \u00e4r behandlad med Remmers tonad tr\u00e4skyddsbets och nyans kan v\u00e4ljas f\u00f6r att anpassas till omgivningen. Behandlingen bidrar till b\u00e4ttre motst\u00e5nd mot v\u00e4der och slitage vid daglig utomhusanv\u00e4ndning. Maja passar s\u00e4rskilt bra i f\u00f6rskoleg\u00e5rdar, parkmilj\u00f6er och bostadsn\u00e4ra ytor d\u00e4r man vill kombinera skydd, social funktion och tydligt formspr\u00e5k. Produkten \u00e4r utvecklad f\u00f6r regelbunden anv\u00e4ndning i offentlig utemilj\u00f6 och ger stabil funktion \u00f6ver tid.<\/p>\n","protected":false},"excerpt":{"rendered":"<p>M\u00e5lad sexkantig paviljong 6 m2 i torkad gran eller furu med tonad Remmers-bets.<\/p>\n","protected":false},"featured_media":134272,"template":"","meta":{"site-sidebar-layout":"default","site-content-layout":"","ast-site-content-layout":"default","site-content-style":"default","site-sidebar-style":"default","ast-global-header-display":"","ast-banner-title-visibility":"","ast-main-header-display":"","ast-hfb-above-header-display":"","ast-hfb-below-header-display":"","ast-hfb-mobile-header-display":"","site-post-title":"","ast-breadcrumbs-content":"","ast-featured-img":"","footer-sml-layout":"","theme-transparent-header-meta":"default","adv-header-id-meta":"","stick-header-meta":"","header-above-stick-meta":"","header-main-stick-meta":"","header-below-stick-meta":"","astra-migrate-meta-layouts":"set","ast-page-background-enabled":"default","ast-page-background-meta":{"desktop":{"background-color":"var(--ast-global-color-5)","background-image":"","background-repeat":"repeat","background-position":"center center","background-size":"auto","background-attachment":"scroll","background-type":"","background-media":"","overlay-type":"","overlay-color":"","overlay-opacity":"","overlay-gradient":""},"tablet":{"background-color":"","background-image":"","background-repeat":"repeat","background-position":"center center","background-size":"auto","background-attachment":"scroll","background-type":"","background-media":"","overlay-type":"","overlay-color":"","overlay-opacity":"","overlay-gradient":""},"mobile":{"background-color":"","background-image":"","background-repeat":"repeat","background-position":"center center","background-size":"auto","background-attachment":"scroll","background-type":"","background-media":"","overlay-type":"","overlay-color":"","overlay-opacity":"","overlay-gradient":""}},"ast-content-background-meta":{"desktop":{"background-color":"var(--ast-global-color-4)","background-image":"","background-repeat":"repeat","background-position":"center center","background-size":"auto","background-attachment":"scroll","background-type":"","background-media":"","overlay-type":"","overlay-color":"","overlay-opacity":"","overlay-gradient":""},"tablet":{"background-color":"var(--ast-global-color-4)","background-image":"","background-repeat":"repeat","background-position":"center center","background-size":"auto","background-attachment":"scroll","background-type":"","background-media":"","overlay-type":"","overlay-color":"","overlay-opacity":"","overlay-gradient":""},"mobile":{"background-color":"var(--ast-global-color-4)","background-image":"","background-repeat":"repeat","background-position":"center center","background-size":"auto","background-attachment":"scroll","background-type":"","background-media":"","overlay-type":"","overlay-color":"","overlay-opacity":"","overlay-gradient":""}}},"product_brand":[37],"product_cat":[444,500],"product_tag":[573],"class_list":{"0":"post-145051","1":"product","2":"type-product","3":"status-publish","4":"has-post-thumbnail","6":"product_brand-tiptiptap","7":"product_cat-gata-park","8":"product_cat-paviljonger","9":"product_tag-core-gata-park","10":"pa_material-w","11":"desktop-align-center","12":"tablet-align-left","13":"mobile-align-left","15":"first","16":"instock","17":"taxable","18":"shipping-taxable","19":"purchasable","20":"product-type-simple"},"_links":{"self":[{"href":"https:\/\/readymade.se\/lekplats\/wp-json\/wp\/v2\/product\/145051","targetHints":{"allow":["GET"]}}],"collection":[{"href":"https:\/\/readymade.se\/lekplats\/wp-json\/wp\/v2\/product"}],"about":[{"href":"https:\/\/readymade.se\/lekplats\/wp-json\/wp\/v2\/types\/product"}],"wp:featuredmedia":[{"embeddable":true,"href":"https:\/\/readymade.se\/lekplats\/wp-json\/wp\/v2\/media\/134272"}],"wp:attachment":[{"href":"https:\/\/readymade.se\/lekplats\/wp-json\/wp\/v2\/media?parent=145051"}],"wp:term":[{"taxonomy":"product_brand","embeddable":true,"href":"https:\/\/readymade.se\/lekplats\/wp-json\/wp\/v2\/product_brand?post=145051"},{"taxonomy":"product_cat","embeddable":true,"href":"https:\/\/readymade.se\/lekplats\/wp-json\/wp\/v2\/product_cat?post=145051"},{"taxonomy":"product_tag","embeddable":true,"href":"https:\/\/readymade.se\/lekplats\/wp-json\/wp\/v2\/product_tag?post=145051"}],"curies":[{"name":"wp","href":"https:\/\/api.w.org\/{rel}","templated":true}]}}