{"id":145049,"date":"2026-03-22T19:18:50","date_gmt":"2026-03-22T18:18:50","guid":{"rendered":"https:\/\/readymade.se\/lekplats\/?post_type=product&#038;p=145049"},"modified":"2026-03-22T19:18:57","modified_gmt":"2026-03-22T18:18:57","slug":"paviljong-alva-95-m2-sexkant-malad","status":"publish","type":"product","link":"https:\/\/readymade.se\/lekplats\/produkt\/paviljong-alva-95-m2-sexkant-malad\/","title":{"rendered":"Paviljong Alva 9,5 m2 Sexkant M\u00e5lad"},"content":{"rendered":"<p>Paviljong Alva 9,5 m2 Sexkant M\u00e5lad \u00e4r en st\u00f6rre sexkantig paviljong i naturligt torkad gran eller furu, f\u00e4rdigbehandlad med Remmers tonad tr\u00e4skyddsbets. Modellen har en diagonal diameter p\u00e5 cirka 3,8 m med b\u00e4nkar och sidl\u00e4ngd 1,9 m, vilket ger en rymlig yta f\u00f6r samling och vistelse. Den m\u00e5lade ytbehandlingen ger ett skyddande lager mot v\u00e4derp\u00e5verkan och bidrar till l\u00e4ngre livsl\u00e4ngd i offentlig utemilj\u00f6. Nyanser kan v\u00e4ljas f\u00f6r att matcha projektets helhet. Alva \u00e4r ett starkt alternativ f\u00f6r parker, g\u00e5rdar och rekreationsytor med h\u00f6ga krav p\u00e5 b\u00e5de funktion och uttryck. Produkten \u00e4r utvecklad f\u00f6r regelbunden anv\u00e4ndning i offentlig utemilj\u00f6 och ger stabil funktion \u00f6ver tid.<\/p>\n","protected":false},"excerpt":{"rendered":"<p>M\u00e5lad sexkantig paviljong 9,5 m2 i torkad gran eller furu med Remmers tr\u00e4skyddsbets.<\/p>\n","protected":false},"featured_media":134270,"template":"","meta":{"site-sidebar-layout":"default","site-content-layout":"","ast-site-content-layout":"default","site-content-style":"default","site-sidebar-style":"default","ast-global-header-display":"","ast-banner-title-visibility":"","ast-main-header-display":"","ast-hfb-above-header-display":"","ast-hfb-below-header-display":"","ast-hfb-mobile-header-display":"","site-post-title":"","ast-breadcrumbs-content":"","ast-featured-img":"","footer-sml-layout":"","theme-transparent-header-meta":"default","adv-header-id-meta":"","stick-header-meta":"","header-above-stick-meta":"","header-main-stick-meta":"","header-below-stick-meta":"","astra-migrate-meta-layouts":"set","ast-page-background-enabled":"default","ast-page-background-meta":{"desktop":{"background-color":"var(--ast-global-color-5)","background-image":"","background-repeat":"repeat","background-position":"center center","background-size":"auto","background-attachment":"scroll","background-type":"","background-media":"","overlay-type":"","overlay-color":"","overlay-opacity":"","overlay-gradient":""},"tablet":{"background-color":"","background-image":"","background-repeat":"repeat","background-position":"center center","background-size":"auto","background-attachment":"scroll","background-type":"","background-media":"","overlay-type":"","overlay-color":"","overlay-opacity":"","overlay-gradient":""},"mobile":{"background-color":"","background-image":"","background-repeat":"repeat","background-position":"center center","background-size":"auto","background-attachment":"scroll","background-type":"","background-media":"","overlay-type":"","overlay-color":"","overlay-opacity":"","overlay-gradient":""}},"ast-content-background-meta":{"desktop":{"background-color":"var(--ast-global-color-4)","background-image":"","background-repeat":"repeat","background-position":"center center","background-size":"auto","background-attachment":"scroll","background-type":"","background-media":"","overlay-type":"","overlay-color":"","overlay-opacity":"","overlay-gradient":""},"tablet":{"background-color":"var(--ast-global-color-4)","background-image":"","background-repeat":"repeat","background-position":"center center","background-size":"auto","background-attachment":"scroll","background-type":"","background-media":"","overlay-type":"","overlay-color":"","overlay-opacity":"","overlay-gradient":""},"mobile":{"background-color":"var(--ast-global-color-4)","background-image":"","background-repeat":"repeat","background-position":"center center","background-size":"auto","background-attachment":"scroll","background-type":"","background-media":"","overlay-type":"","overlay-color":"","overlay-opacity":"","overlay-gradient":""}}},"product_brand":[37],"product_cat":[444,500],"product_tag":[573,885],"class_list":{"0":"post-145049","1":"product","2":"type-product","3":"status-publish","4":"has-post-thumbnail","6":"product_brand-tiptiptap","7":"product_cat-gata-park","8":"product_cat-paviljonger","9":"product_tag-core-gata-park","10":"product_tag-inte-frilagd","11":"pa_material-w","12":"desktop-align-center","13":"tablet-align-left","14":"mobile-align-left","16":"first","17":"instock","18":"taxable","19":"shipping-taxable","20":"purchasable","21":"product-type-simple"},"_links":{"self":[{"href":"https:\/\/readymade.se\/lekplats\/wp-json\/wp\/v2\/product\/145049","targetHints":{"allow":["GET"]}}],"collection":[{"href":"https:\/\/readymade.se\/lekplats\/wp-json\/wp\/v2\/product"}],"about":[{"href":"https:\/\/readymade.se\/lekplats\/wp-json\/wp\/v2\/types\/product"}],"wp:featuredmedia":[{"embeddable":true,"href":"https:\/\/readymade.se\/lekplats\/wp-json\/wp\/v2\/media\/134270"}],"wp:attachment":[{"href":"https:\/\/readymade.se\/lekplats\/wp-json\/wp\/v2\/media?parent=145049"}],"wp:term":[{"taxonomy":"product_brand","embeddable":true,"href":"https:\/\/readymade.se\/lekplats\/wp-json\/wp\/v2\/product_brand?post=145049"},{"taxonomy":"product_cat","embeddable":true,"href":"https:\/\/readymade.se\/lekplats\/wp-json\/wp\/v2\/product_cat?post=145049"},{"taxonomy":"product_tag","embeddable":true,"href":"https:\/\/readymade.se\/lekplats\/wp-json\/wp\/v2\/product_tag?post=145049"}],"curies":[{"name":"wp","href":"https:\/\/api.w.org\/{rel}","templated":true}]}}