{"id":144907,"date":"2026-03-22T19:17:08","date_gmt":"2026-03-22T18:17:08","guid":{"rendered":"https:\/\/readymade.se\/lekplats\/?post_type=product&#038;p=144907"},"modified":"2026-03-22T19:17:20","modified_gmt":"2026-03-22T18:17:20","slug":"gungsits-ergonomisk-sakerhetsbygel-for-gungsits","status":"publish","type":"product","link":"https:\/\/readymade.se\/lekplats\/produkt\/gungsits-ergonomisk-sakerhetsbygel-for-gungsits\/","title":{"rendered":"Gungsits Ergonomisk s\u00e4kerhetsbygel f\u00f6r gungsits"},"content":{"rendered":"<p>Gungsits Ergonomisk s\u00e4kerhetsbygel f\u00f6r gungsits \u00e4r ett tillbeh\u00f6r till gungsits som tagits fram f\u00f6r lekplatser, f\u00f6rskoleg\u00e5rdar och andra offentliga utemilj\u00f6er. Produkten kompletterar gungsitsen med st\u00f6d och funktion, vilket g\u00f6r den l\u00e4mplig i milj\u00f6er med \u00e5terkommande anv\u00e4ndning. Konstruktionen \u00e4r avsedd f\u00f6r regelbunden anv\u00e4ndning \u00f6ver tid och passar projekt d\u00e4r man vill kombinera lekv\u00e4rde med h\u00e5llbar drift. Rekommenderad \u00e5lder: 2+. En praktisk l\u00f6sning f\u00f6r l\u00e5ngsiktig och trygg lekmilj\u00f6.<\/p>\n","protected":false},"excerpt":{"rendered":"<p>Tillbeh\u00f6r till gungsits f\u00f6r offentlig utemilj\u00f6, utvecklat f\u00f6r trygg och stabil anv\u00e4ndning.<\/p>\n","protected":false},"featured_media":133997,"template":"","meta":{"site-sidebar-layout":"","site-content-layout":"","ast-site-content-layout":"","site-content-style":"","site-sidebar-style":"","ast-global-header-display":"","ast-banner-title-visibility":"","ast-main-header-display":"","ast-hfb-above-header-display":"","ast-hfb-below-header-display":"","ast-hfb-mobile-header-display":"","site-post-title":"","ast-breadcrumbs-content":"","ast-featured-img":"","footer-sml-layout":"","theme-transparent-header-meta":"","adv-header-id-meta":"","stick-header-meta":"","header-above-stick-meta":"","header-main-stick-meta":"","header-below-stick-meta":"","astra-migrate-meta-layouts":"","ast-page-background-enabled":"default","ast-page-background-meta":{"desktop":{"background-color":"var(--ast-global-color-5)","background-image":"","background-repeat":"repeat","background-position":"center center","background-size":"auto","background-attachment":"scroll","background-type":"","background-media":"","overlay-type":"","overlay-color":"","overlay-opacity":"","overlay-gradient":""},"tablet":{"background-color":"","background-image":"","background-repeat":"repeat","background-position":"center center","background-size":"auto","background-attachment":"scroll","background-type":"","background-media":"","overlay-type":"","overlay-color":"","overlay-opacity":"","overlay-gradient":""},"mobile":{"background-color":"","background-image":"","background-repeat":"repeat","background-position":"center center","background-size":"auto","background-attachment":"scroll","background-type":"","background-media":"","overlay-type":"","overlay-color":"","overlay-opacity":"","overlay-gradient":""}},"ast-content-background-meta":{"desktop":{"background-color":"var(--ast-global-color-4)","background-image":"","background-repeat":"repeat","background-position":"center center","background-size":"auto","background-attachment":"scroll","background-type":"","background-media":"","overlay-type":"","overlay-color":"","overlay-opacity":"","overlay-gradient":""},"tablet":{"background-color":"var(--ast-global-color-4)","background-image":"","background-repeat":"repeat","background-position":"center center","background-size":"auto","background-attachment":"scroll","background-type":"","background-media":"","overlay-type":"","overlay-color":"","overlay-opacity":"","overlay-gradient":""},"mobile":{"background-color":"var(--ast-global-color-4)","background-image":"","background-repeat":"repeat","background-position":"center center","background-size":"auto","background-attachment":"scroll","background-type":"","background-media":"","overlay-type":"","overlay-color":"","overlay-opacity":"","overlay-gradient":""}}},"product_brand":[37],"product_cat":[432,482],"product_tag":[875],"class_list":{"0":"post-144907","1":"product","2":"type-product","3":"status-publish","4":"has-post-thumbnail","6":"product_brand-tiptiptap","7":"product_cat-gungor","8":"product_cat-gungsitsar","9":"product_tag-serie-standard","10":"pa_material-mf","11":"desktop-align-center","12":"tablet-align-left","13":"mobile-align-left","15":"first","16":"instock","17":"taxable","18":"shipping-taxable","19":"purchasable","20":"product-type-simple"},"_links":{"self":[{"href":"https:\/\/readymade.se\/lekplats\/wp-json\/wp\/v2\/product\/144907","targetHints":{"allow":["GET"]}}],"collection":[{"href":"https:\/\/readymade.se\/lekplats\/wp-json\/wp\/v2\/product"}],"about":[{"href":"https:\/\/readymade.se\/lekplats\/wp-json\/wp\/v2\/types\/product"}],"wp:featuredmedia":[{"embeddable":true,"href":"https:\/\/readymade.se\/lekplats\/wp-json\/wp\/v2\/media\/133997"}],"wp:attachment":[{"href":"https:\/\/readymade.se\/lekplats\/wp-json\/wp\/v2\/media?parent=144907"}],"wp:term":[{"taxonomy":"product_brand","embeddable":true,"href":"https:\/\/readymade.se\/lekplats\/wp-json\/wp\/v2\/product_brand?post=144907"},{"taxonomy":"product_cat","embeddable":true,"href":"https:\/\/readymade.se\/lekplats\/wp-json\/wp\/v2\/product_cat?post=144907"},{"taxonomy":"product_tag","embeddable":true,"href":"https:\/\/readymade.se\/lekplats\/wp-json\/wp\/v2\/product_tag?post=144907"}],"curies":[{"name":"wp","href":"https:\/\/api.w.org\/{rel}","templated":true}]}}