{"id":144723,"date":"2026-03-22T19:14:49","date_gmt":"2026-03-22T18:14:49","guid":{"rendered":"https:\/\/readymade.se\/lekplats\/?post_type=product&#038;p=144723"},"modified":"2026-03-22T19:15:01","modified_gmt":"2026-03-22T18:15:01","slug":"forrad-nordan-4x6-m-med-tragolv","status":"publish","type":"product","link":"https:\/\/readymade.se\/lekplats\/produkt\/forrad-nordan-4x6-m-med-tragolv\/","title":{"rendered":"F\u00f6rr\u00e5d Nordan 4&#215;6 m med tr\u00e4golv"},"content":{"rendered":"<p>F\u00f6rr\u00e5d Nordan 4&#215;6 m med tr\u00e4golv \u00e4r ett stort skydd f\u00f6r undervisning, samlingsplatser och f\u00f6rvaring d\u00e4r flera anv\u00e4ndare beh\u00f6ver plats samtidigt. Konstruktionen \u00e4r \u00f6ppen p\u00e5 b\u00e5da sidor och ger ett bra fl\u00f6de mellan skydd och omgivning, med effektivt skydd mot v\u00e4derp\u00e5verkan. Stommen \u00e4r tillverkad i limmat laminerat tr\u00e4 och v\u00e4ggar samt golv i djupimpregnerat, hyvlat tr\u00e4. Taket best\u00e5r av transparent och slagt\u00e5lig polykarbonat som ger ljus och v\u00e4derskydd under hela dagen. Modellen kan kompletteras med extra f\u00f6rr\u00e5dsl\u00f6sningar och aktivitetspaneler f\u00f6r att passa skolor, parker och andra offentliga milj\u00f6er. L\u00f6sningen fungerar v\u00e4l i projekt d\u00e4r man beh\u00f6ver tydliga ytor f\u00f6r b\u00e5de aktivitet, v\u00e4ntzon och strukturerad f\u00f6rvaring.<\/p>\n","protected":false},"excerpt":{"rendered":"<p>Stort f\u00f6rr\u00e5dsskydd 4&#215;6 m med tr\u00e4golv i limtr\u00e4, impregnerat tr\u00e4 och tak i polykarbonat.<\/p>\n","protected":false},"featured_media":133639,"template":"","meta":{"site-sidebar-layout":"","site-content-layout":"","ast-site-content-layout":"","site-content-style":"","site-sidebar-style":"","ast-global-header-display":"","ast-banner-title-visibility":"","ast-main-header-display":"","ast-hfb-above-header-display":"","ast-hfb-below-header-display":"","ast-hfb-mobile-header-display":"","site-post-title":"","ast-breadcrumbs-content":"","ast-featured-img":"","footer-sml-layout":"","theme-transparent-header-meta":"","adv-header-id-meta":"","stick-header-meta":"","header-above-stick-meta":"","header-main-stick-meta":"","header-below-stick-meta":"","astra-migrate-meta-layouts":"","ast-page-background-enabled":"default","ast-page-background-meta":{"desktop":{"background-color":"var(--ast-global-color-5)","background-image":"","background-repeat":"repeat","background-position":"center center","background-size":"auto","background-attachment":"scroll","background-type":"","background-media":"","overlay-type":"","overlay-color":"","overlay-opacity":"","overlay-gradient":""},"tablet":{"background-color":"","background-image":"","background-repeat":"repeat","background-position":"center center","background-size":"auto","background-attachment":"scroll","background-type":"","background-media":"","overlay-type":"","overlay-color":"","overlay-opacity":"","overlay-gradient":""},"mobile":{"background-color":"","background-image":"","background-repeat":"repeat","background-position":"center center","background-size":"auto","background-attachment":"scroll","background-type":"","background-media":"","overlay-type":"","overlay-color":"","overlay-opacity":"","overlay-gradient":""}},"ast-content-background-meta":{"desktop":{"background-color":"var(--ast-global-color-4)","background-image":"","background-repeat":"repeat","background-position":"center center","background-size":"auto","background-attachment":"scroll","background-type":"","background-media":"","overlay-type":"","overlay-color":"","overlay-opacity":"","overlay-gradient":""},"tablet":{"background-color":"var(--ast-global-color-4)","background-image":"","background-repeat":"repeat","background-position":"center center","background-size":"auto","background-attachment":"scroll","background-type":"","background-media":"","overlay-type":"","overlay-color":"","overlay-opacity":"","overlay-gradient":""},"mobile":{"background-color":"var(--ast-global-color-4)","background-image":"","background-repeat":"repeat","background-position":"center center","background-size":"auto","background-attachment":"scroll","background-type":"","background-media":"","overlay-type":"","overlay-color":"","overlay-opacity":"","overlay-gradient":""}}},"product_brand":[37],"product_cat":[493,444],"product_tag":[573],"class_list":{"0":"post-144723","1":"product","2":"type-product","3":"status-publish","4":"has-post-thumbnail","6":"product_brand-tiptiptap","7":"product_cat-forrad","8":"product_cat-gata-park","9":"product_tag-core-gata-park","10":"pa_material-w","11":"desktop-align-center","12":"tablet-align-left","13":"mobile-align-left","15":"first","16":"instock","17":"taxable","18":"shipping-taxable","19":"purchasable","20":"product-type-simple"},"_links":{"self":[{"href":"https:\/\/readymade.se\/lekplats\/wp-json\/wp\/v2\/product\/144723","targetHints":{"allow":["GET"]}}],"collection":[{"href":"https:\/\/readymade.se\/lekplats\/wp-json\/wp\/v2\/product"}],"about":[{"href":"https:\/\/readymade.se\/lekplats\/wp-json\/wp\/v2\/types\/product"}],"wp:featuredmedia":[{"embeddable":true,"href":"https:\/\/readymade.se\/lekplats\/wp-json\/wp\/v2\/media\/133639"}],"wp:attachment":[{"href":"https:\/\/readymade.se\/lekplats\/wp-json\/wp\/v2\/media?parent=144723"}],"wp:term":[{"taxonomy":"product_brand","embeddable":true,"href":"https:\/\/readymade.se\/lekplats\/wp-json\/wp\/v2\/product_brand?post=144723"},{"taxonomy":"product_cat","embeddable":true,"href":"https:\/\/readymade.se\/lekplats\/wp-json\/wp\/v2\/product_cat?post=144723"},{"taxonomy":"product_tag","embeddable":true,"href":"https:\/\/readymade.se\/lekplats\/wp-json\/wp\/v2\/product_tag?post=144723"}],"curies":[{"name":"wp","href":"https:\/\/api.w.org\/{rel}","templated":true}]}}