{"id":143841,"date":"2026-03-22T19:03:59","date_gmt":"2026-03-22T18:03:59","guid":{"rendered":"https:\/\/readymade.se\/lekplats\/?post_type=product&#038;p=143841"},"modified":"2026-03-22T19:04:16","modified_gmt":"2026-03-22T18:04:16","slug":"bankbord-sandlada","status":"publish","type":"product","link":"https:\/\/readymade.se\/lekplats\/produkt\/bankbord-sandlada\/","title":{"rendered":"B\u00e4nkbord Sandl\u00e5da"},"content":{"rendered":"<p>B\u00e4nkbord Sandl\u00e5da kombinerar bordsyta och sittplatser f\u00f6r att skapa en mer funktionell sandl\u00e5demilj\u00f6. Bordet och b\u00e4nkarna \u00e4r tillverkade av UV- och v\u00e4derbest\u00e4ndig HDPE som t\u00e5l intensiv anv\u00e4ndning i utomhusmilj\u00f6. De stabila metallst\u00f6den monteras genom ingjutning i betong, vilket ger en trygg och h\u00e5llbar konstruktion. L\u00f6sningen ger barn plats f\u00f6r sandlek, skapande aktivitet och lugna pauser, samtidigt som personalen f\u00e5r en tydligt organiserad lekyta. B\u00e4nkbord Sandl\u00e5da passar f\u00f6rskolor, lekplatser och skolg\u00e5rdar d\u00e4r man vill f\u00f6rena lek, vila och pedagogisk anv\u00e4ndning i samma produkt. Produkten \u00e4r utformad f\u00f6r daglig anv\u00e4ndning i offentlig milj\u00f6 och ger stabil funktion \u00f6ver l\u00e5ng tid.<\/p>\n","protected":false},"excerpt":{"rendered":"<p>B\u00e4nkbord f\u00f6r sandl\u00e5da i UV- och v\u00e4derbest\u00e4ndig HDPE med metallst\u00f6d f\u00f6r ingjutning.<\/p>\n","protected":false},"featured_media":131924,"template":"","meta":{"site-sidebar-layout":"","site-content-layout":"","ast-site-content-layout":"","site-content-style":"","site-sidebar-style":"","ast-global-header-display":"","ast-banner-title-visibility":"","ast-main-header-display":"","ast-hfb-above-header-display":"","ast-hfb-below-header-display":"","ast-hfb-mobile-header-display":"","site-post-title":"","ast-breadcrumbs-content":"","ast-featured-img":"","footer-sml-layout":"","theme-transparent-header-meta":"","adv-header-id-meta":"","stick-header-meta":"","header-above-stick-meta":"","header-main-stick-meta":"","header-below-stick-meta":"","astra-migrate-meta-layouts":"","ast-page-background-enabled":"default","ast-page-background-meta":{"desktop":{"background-color":"var(--ast-global-color-5)","background-image":"","background-repeat":"repeat","background-position":"center center","background-size":"auto","background-attachment":"scroll","background-type":"","background-media":"","overlay-type":"","overlay-color":"","overlay-opacity":"","overlay-gradient":""},"tablet":{"background-color":"","background-image":"","background-repeat":"repeat","background-position":"center center","background-size":"auto","background-attachment":"scroll","background-type":"","background-media":"","overlay-type":"","overlay-color":"","overlay-opacity":"","overlay-gradient":""},"mobile":{"background-color":"","background-image":"","background-repeat":"repeat","background-position":"center center","background-size":"auto","background-attachment":"scroll","background-type":"","background-media":"","overlay-type":"","overlay-color":"","overlay-opacity":"","overlay-gradient":""}},"ast-content-background-meta":{"desktop":{"background-color":"var(--ast-global-color-4)","background-image":"","background-repeat":"repeat","background-position":"center center","background-size":"auto","background-attachment":"scroll","background-type":"","background-media":"","overlay-type":"","overlay-color":"","overlay-opacity":"","overlay-gradient":""},"tablet":{"background-color":"var(--ast-global-color-4)","background-image":"","background-repeat":"repeat","background-position":"center center","background-size":"auto","background-attachment":"scroll","background-type":"","background-media":"","overlay-type":"","overlay-color":"","overlay-opacity":"","overlay-gradient":""},"mobile":{"background-color":"var(--ast-global-color-4)","background-image":"","background-repeat":"repeat","background-position":"center center","background-size":"auto","background-attachment":"scroll","background-type":"","background-media":"","overlay-type":"","overlay-color":"","overlay-opacity":"","overlay-gradient":""}}},"product_brand":[37],"product_cat":[904,444,487],"product_tag":[],"class_list":{"0":"post-143841","1":"product","2":"type-product","3":"status-publish","4":"has-post-thumbnail","6":"product_brand-tiptiptap","7":"product_cat-bankbord","8":"product_cat-gata-park","9":"product_cat-sandbord","10":"desktop-align-center","11":"tablet-align-left","12":"mobile-align-left","14":"first","15":"instock","16":"taxable","17":"shipping-taxable","18":"purchasable","19":"product-type-variable","20":"has-default-attributes"},"_links":{"self":[{"href":"https:\/\/readymade.se\/lekplats\/wp-json\/wp\/v2\/product\/143841","targetHints":{"allow":["GET"]}}],"collection":[{"href":"https:\/\/readymade.se\/lekplats\/wp-json\/wp\/v2\/product"}],"about":[{"href":"https:\/\/readymade.se\/lekplats\/wp-json\/wp\/v2\/types\/product"}],"wp:featuredmedia":[{"embeddable":true,"href":"https:\/\/readymade.se\/lekplats\/wp-json\/wp\/v2\/media\/131924"}],"wp:attachment":[{"href":"https:\/\/readymade.se\/lekplats\/wp-json\/wp\/v2\/media?parent=143841"}],"wp:term":[{"taxonomy":"product_brand","embeddable":true,"href":"https:\/\/readymade.se\/lekplats\/wp-json\/wp\/v2\/product_brand?post=143841"},{"taxonomy":"product_cat","embeddable":true,"href":"https:\/\/readymade.se\/lekplats\/wp-json\/wp\/v2\/product_cat?post=143841"},{"taxonomy":"product_tag","embeddable":true,"href":"https:\/\/readymade.se\/lekplats\/wp-json\/wp\/v2\/product_tag?post=143841"}],"curies":[{"name":"wp","href":"https:\/\/api.w.org\/{rel}","templated":true}]}}