{"id":143833,"date":"2026-03-22T19:03:58","date_gmt":"2026-03-22T18:03:58","guid":{"rendered":"https:\/\/readymade.se\/lekplats\/?post_type=product&#038;p=143833"},"modified":"2026-03-22T19:04:03","modified_gmt":"2026-03-22T18:04:03","slug":"parkbank-pa-betongben-rae","status":"publish","type":"product","link":"https:\/\/readymade.se\/lekplats\/produkt\/parkbank-pa-betongben-rae\/","title":{"rendered":"Parkb\u00e4nk p\u00e5 betongben Rae"},"content":{"rendered":"<p>Parkb\u00e4nk p\u00e5 betongben Rae \u00e4r en parkb\u00e4nk med ben i betong med frilagd ballast. B\u00e4nken beskrivs som kraftig och vandals\u00e4ker f\u00f6r placering i offentliga utemilj\u00f6er. Sittdelens tr\u00e4detaljer \u00e4r tillverkade av v\u00e4derskyddad l\u00e4rk. Kombinationen av betong och l\u00e4rk ger en tydlig materialk\u00e4nsla och g\u00f6r b\u00e4nken l\u00e4mplig f\u00f6r platser d\u00e4r m\u00f6bler uts\u00e4tts f\u00f6r daglig anv\u00e4ndning. Rae kan anv\u00e4ndas som frist\u00e5ende sittplats l\u00e4ngs g\u00e5ngstr\u00e5k, vid entr\u00e9er eller i mindre m\u00f6tesytor. De exponerade betongbenen bidrar till en stabil grund, medan l\u00e4rken utg\u00f6r b\u00e4nkens tr\u00e4delar d\u00e4r man sitter. Passar i parker och p\u00e5 g\u00e5rdar ocks\u00e5.<\/p>\n","protected":false},"excerpt":{"rendered":"<p>Parkb\u00e4nk i betong och l\u00e4rk.<\/p>\n","protected":false},"featured_media":131911,"template":"","meta":{"site-sidebar-layout":"","site-content-layout":"","ast-site-content-layout":"","site-content-style":"","site-sidebar-style":"","ast-global-header-display":"","ast-banner-title-visibility":"","ast-main-header-display":"","ast-hfb-above-header-display":"","ast-hfb-below-header-display":"","ast-hfb-mobile-header-display":"","site-post-title":"","ast-breadcrumbs-content":"","ast-featured-img":"","footer-sml-layout":"","theme-transparent-header-meta":"","adv-header-id-meta":"","stick-header-meta":"","header-above-stick-meta":"","header-main-stick-meta":"","header-below-stick-meta":"","astra-migrate-meta-layouts":"","ast-page-background-enabled":"default","ast-page-background-meta":{"desktop":{"background-color":"var(--ast-global-color-5)","background-image":"","background-repeat":"repeat","background-position":"center center","background-size":"auto","background-attachment":"scroll","background-type":"","background-media":"","overlay-type":"","overlay-color":"","overlay-opacity":"","overlay-gradient":""},"tablet":{"background-color":"","background-image":"","background-repeat":"repeat","background-position":"center center","background-size":"auto","background-attachment":"scroll","background-type":"","background-media":"","overlay-type":"","overlay-color":"","overlay-opacity":"","overlay-gradient":""},"mobile":{"background-color":"","background-image":"","background-repeat":"repeat","background-position":"center center","background-size":"auto","background-attachment":"scroll","background-type":"","background-media":"","overlay-type":"","overlay-color":"","overlay-opacity":"","overlay-gradient":""}},"ast-content-background-meta":{"desktop":{"background-color":"var(--ast-global-color-4)","background-image":"","background-repeat":"repeat","background-position":"center center","background-size":"auto","background-attachment":"scroll","background-type":"","background-media":"","overlay-type":"","overlay-color":"","overlay-opacity":"","overlay-gradient":""},"tablet":{"background-color":"var(--ast-global-color-4)","background-image":"","background-repeat":"repeat","background-position":"center center","background-size":"auto","background-attachment":"scroll","background-type":"","background-media":"","overlay-type":"","overlay-color":"","overlay-opacity":"","overlay-gradient":""},"mobile":{"background-color":"var(--ast-global-color-4)","background-image":"","background-repeat":"repeat","background-position":"center center","background-size":"auto","background-attachment":"scroll","background-type":"","background-media":"","overlay-type":"","overlay-color":"","overlay-opacity":"","overlay-gradient":""}}},"product_brand":[37],"product_cat":[444,491],"product_tag":[874],"class_list":{"0":"post-143833","1":"product","2":"type-product","3":"status-publish","4":"has-post-thumbnail","6":"product_brand-tiptiptap","7":"product_cat-gata-park","8":"product_cat-parkbankar","9":"product_tag-serie-urban-furniture","10":"pa_material-pe","11":"desktop-align-center","12":"tablet-align-left","13":"mobile-align-left","15":"first","16":"instock","17":"taxable","18":"shipping-taxable","19":"purchasable","20":"product-type-simple"},"_links":{"self":[{"href":"https:\/\/readymade.se\/lekplats\/wp-json\/wp\/v2\/product\/143833","targetHints":{"allow":["GET"]}}],"collection":[{"href":"https:\/\/readymade.se\/lekplats\/wp-json\/wp\/v2\/product"}],"about":[{"href":"https:\/\/readymade.se\/lekplats\/wp-json\/wp\/v2\/types\/product"}],"wp:featuredmedia":[{"embeddable":true,"href":"https:\/\/readymade.se\/lekplats\/wp-json\/wp\/v2\/media\/131911"}],"wp:attachment":[{"href":"https:\/\/readymade.se\/lekplats\/wp-json\/wp\/v2\/media?parent=143833"}],"wp:term":[{"taxonomy":"product_brand","embeddable":true,"href":"https:\/\/readymade.se\/lekplats\/wp-json\/wp\/v2\/product_brand?post=143833"},{"taxonomy":"product_cat","embeddable":true,"href":"https:\/\/readymade.se\/lekplats\/wp-json\/wp\/v2\/product_cat?post=143833"},{"taxonomy":"product_tag","embeddable":true,"href":"https:\/\/readymade.se\/lekplats\/wp-json\/wp\/v2\/product_tag?post=143833"}],"curies":[{"name":"wp","href":"https:\/\/api.w.org\/{rel}","templated":true}]}}