{"id":143813,"date":"2026-03-22T19:03:39","date_gmt":"2026-03-22T18:03:39","guid":{"rendered":"https:\/\/readymade.se\/lekplats\/?post_type=product&#038;p=143813"},"modified":"2026-03-22T19:04:16","modified_gmt":"2026-03-22T18:04:16","slug":"lekstallning-marcus","status":"publish","type":"product","link":"https:\/\/readymade.se\/lekplats\/produkt\/lekstallning-marcus\/","title":{"rendered":"Lekst\u00e4llning Marcus"},"content":{"rendered":"<p>Lekst\u00e4llning Marcus \u00e4r ett lekcenter med tv\u00e5 plattformar som erbjuder b\u00e5de fartfylld r\u00f6relselek och lugnare rollspel. Anl\u00e4ggningen har tv\u00e5 rutschkanor, trappor med ledst\u00e4nger samt en ramp med rep som utmanar barnens balans och koordination. Under den centrala delen finns en skyddad lekh\u00f6rna med b\u00e4nk, som kan utrustas med k\u00f6ks- eller bilinstrumentpanel f\u00f6r fantasifull lek. Fr\u00e5n den \u00f6vre plattformen leder en tunnelrutschkana som ger extra sp\u00e4nning. Sidopanelerna kan bytas mot olika aktivitetsv\u00e4ggar eller tematiska tryck (djur, f\u00e5glar, fiskar, tr\u00e4d, b\u00e4r m.m.), vilka fastst\u00e4lls i samr\u00e5d med kund vid best\u00e4llning.<\/p>\n","protected":false},"excerpt":{"rendered":"<p>M\u00e5ngsidigt lekcenter med tv\u00e5 plattformar som kombinerar rutschlek, kl\u00e4ttring och rolleksmoment i en sammanh\u00e4ngande l\u00f6sning. Med flera rutschkanor, ramp och lekh\u00f6rna erbjuder Marcus b\u00e5de fartfylld och kreativ lek f\u00f6r barn i olika \u00e5ldrar.<\/p>\n","protected":false},"featured_media":131885,"template":"","meta":{"site-sidebar-layout":"default","site-content-layout":"","ast-site-content-layout":"default","site-content-style":"default","site-sidebar-style":"default","ast-global-header-display":"","ast-banner-title-visibility":"","ast-main-header-display":"","ast-hfb-above-header-display":"","ast-hfb-below-header-display":"","ast-hfb-mobile-header-display":"","site-post-title":"","ast-breadcrumbs-content":"","ast-featured-img":"","footer-sml-layout":"","theme-transparent-header-meta":"default","adv-header-id-meta":"","stick-header-meta":"","header-above-stick-meta":"","header-main-stick-meta":"","header-below-stick-meta":"","astra-migrate-meta-layouts":"set","ast-page-background-enabled":"default","ast-page-background-meta":{"desktop":{"background-color":"var(--ast-global-color-5)","background-image":"","background-repeat":"repeat","background-position":"center center","background-size":"auto","background-attachment":"scroll","background-type":"","background-media":"","overlay-type":"","overlay-color":"","overlay-opacity":"","overlay-gradient":""},"tablet":{"background-color":"","background-image":"","background-repeat":"repeat","background-position":"center center","background-size":"auto","background-attachment":"scroll","background-type":"","background-media":"","overlay-type":"","overlay-color":"","overlay-opacity":"","overlay-gradient":""},"mobile":{"background-color":"","background-image":"","background-repeat":"repeat","background-position":"center center","background-size":"auto","background-attachment":"scroll","background-type":"","background-media":"","overlay-type":"","overlay-color":"","overlay-opacity":"","overlay-gradient":""}},"ast-content-background-meta":{"desktop":{"background-color":"var(--ast-global-color-4)","background-image":"","background-repeat":"repeat","background-position":"center center","background-size":"auto","background-attachment":"scroll","background-type":"","background-media":"","overlay-type":"","overlay-color":"","overlay-opacity":"","overlay-gradient":""},"tablet":{"background-color":"var(--ast-global-color-4)","background-image":"","background-repeat":"repeat","background-position":"center center","background-size":"auto","background-attachment":"scroll","background-type":"","background-media":"","overlay-type":"","overlay-color":"","overlay-opacity":"","overlay-gradient":""},"mobile":{"background-color":"var(--ast-global-color-4)","background-image":"","background-repeat":"repeat","background-position":"center center","background-size":"auto","background-attachment":"scroll","background-type":"","background-media":"","overlay-type":"","overlay-color":"","overlay-opacity":"","overlay-gradient":""}}},"product_brand":[37],"product_cat":[32],"product_tag":[97,875],"class_list":{"0":"post-143813","1":"product","2":"type-product","3":"status-publish","4":"has-post-thumbnail","6":"product_brand-tiptiptap","7":"product_cat-lekstallningar","8":"product_tag-bastsaljare","9":"product_tag-serie-standard","10":"desktop-align-center","11":"tablet-align-left","12":"mobile-align-left","14":"first","15":"instock","16":"taxable","17":"shipping-taxable","18":"purchasable","19":"product-type-variable","20":"has-default-attributes"},"_links":{"self":[{"href":"https:\/\/readymade.se\/lekplats\/wp-json\/wp\/v2\/product\/143813","targetHints":{"allow":["GET"]}}],"collection":[{"href":"https:\/\/readymade.se\/lekplats\/wp-json\/wp\/v2\/product"}],"about":[{"href":"https:\/\/readymade.se\/lekplats\/wp-json\/wp\/v2\/types\/product"}],"wp:featuredmedia":[{"embeddable":true,"href":"https:\/\/readymade.se\/lekplats\/wp-json\/wp\/v2\/media\/131885"}],"wp:attachment":[{"href":"https:\/\/readymade.se\/lekplats\/wp-json\/wp\/v2\/media?parent=143813"}],"wp:term":[{"taxonomy":"product_brand","embeddable":true,"href":"https:\/\/readymade.se\/lekplats\/wp-json\/wp\/v2\/product_brand?post=143813"},{"taxonomy":"product_cat","embeddable":true,"href":"https:\/\/readymade.se\/lekplats\/wp-json\/wp\/v2\/product_cat?post=143813"},{"taxonomy":"product_tag","embeddable":true,"href":"https:\/\/readymade.se\/lekplats\/wp-json\/wp\/v2\/product_tag?post=143813"}],"curies":[{"name":"wp","href":"https:\/\/api.w.org\/{rel}","templated":true}]}}