{"id":143766,"date":"2026-03-22T19:02:53","date_gmt":"2026-03-22T18:02:53","guid":{"rendered":"https:\/\/readymade.se\/lekplats\/?post_type=product&#038;p=143766"},"modified":"2026-03-22T19:03:06","modified_gmt":"2026-03-22T18:03:06","slug":"trastangsel-spjal-15-m","status":"publish","type":"product","link":"https:\/\/readymade.se\/lekplats\/produkt\/trastangsel-spjal-15-m\/","title":{"rendered":"Tr\u00e4st\u00e4ngsel Spj\u00e4l 1,5 m"},"content":{"rendered":"<p>Tr\u00e4st\u00e4ngsel Spj\u00e4l 1,5 m \u00e4r den h\u00f6gre varianten i serien och passar d\u00e4r man beh\u00f6ver en tydligare fysisk avgr\u00e4nsning. Konstruktionen \u00e4r utf\u00f6rd i barrtr\u00e4 och behandlad med primer samt tv\u00e5 lager tonad impregnering som ger en transparent och v\u00e4dert\u00e5lig yta. H\u00f6jden 1,5 meter g\u00f6r modellen l\u00e4mplig f\u00f6r milj\u00f6er med krav p\u00e5 mer avsk\u00e4rmning, till exempel kring lekytor, servicezoner eller gr\u00e4nser mot g\u00e5ngstr\u00e5k. St\u00e4ngslet beh\u00e5ller ett klassiskt tr\u00e4uttryck och \u00e4r enkelt att integrera i olika utemilj\u00f6er. En robust l\u00f6sning f\u00f6r l\u00e5ngsiktig och tydlig omr\u00e5desindelning. Produkten \u00e4r anpassad f\u00f6r daglig anv\u00e4ndning i utemilj\u00f6 och ger stabil funktion \u00f6ver tid.<\/p>\n","protected":false},"excerpt":{"rendered":"<p>Tr\u00e4st\u00e4ngsel spj\u00e4l 1,5 m i barrtr\u00e4 med primer och tonad impregnering i tv\u00e5 lager.<\/p>\n","protected":false},"featured_media":131778,"template":"","meta":{"site-sidebar-layout":"","site-content-layout":"","ast-site-content-layout":"","site-content-style":"","site-sidebar-style":"","ast-global-header-display":"","ast-banner-title-visibility":"","ast-main-header-display":"","ast-hfb-above-header-display":"","ast-hfb-below-header-display":"","ast-hfb-mobile-header-display":"","site-post-title":"","ast-breadcrumbs-content":"","ast-featured-img":"","footer-sml-layout":"","theme-transparent-header-meta":"","adv-header-id-meta":"","stick-header-meta":"","header-above-stick-meta":"","header-main-stick-meta":"","header-below-stick-meta":"","astra-migrate-meta-layouts":"","ast-page-background-enabled":"default","ast-page-background-meta":{"desktop":{"background-color":"var(--ast-global-color-5)","background-image":"","background-repeat":"repeat","background-position":"center center","background-size":"auto","background-attachment":"scroll","background-type":"","background-media":"","overlay-type":"","overlay-color":"","overlay-opacity":"","overlay-gradient":""},"tablet":{"background-color":"","background-image":"","background-repeat":"repeat","background-position":"center center","background-size":"auto","background-attachment":"scroll","background-type":"","background-media":"","overlay-type":"","overlay-color":"","overlay-opacity":"","overlay-gradient":""},"mobile":{"background-color":"","background-image":"","background-repeat":"repeat","background-position":"center center","background-size":"auto","background-attachment":"scroll","background-type":"","background-media":"","overlay-type":"","overlay-color":"","overlay-opacity":"","overlay-gradient":""}},"ast-content-background-meta":{"desktop":{"background-color":"var(--ast-global-color-4)","background-image":"","background-repeat":"repeat","background-position":"center center","background-size":"auto","background-attachment":"scroll","background-type":"","background-media":"","overlay-type":"","overlay-color":"","overlay-opacity":"","overlay-gradient":""},"tablet":{"background-color":"var(--ast-global-color-4)","background-image":"","background-repeat":"repeat","background-position":"center center","background-size":"auto","background-attachment":"scroll","background-type":"","background-media":"","overlay-type":"","overlay-color":"","overlay-opacity":"","overlay-gradient":""},"mobile":{"background-color":"var(--ast-global-color-4)","background-image":"","background-repeat":"repeat","background-position":"center center","background-size":"auto","background-attachment":"scroll","background-type":"","background-media":"","overlay-type":"","overlay-color":"","overlay-opacity":"","overlay-gradient":""}}},"product_brand":[37],"product_cat":[444,494],"product_tag":[885,874],"class_list":{"0":"post-143766","1":"product","2":"type-product","3":"status-publish","4":"has-post-thumbnail","6":"product_brand-tiptiptap","7":"product_cat-gata-park","8":"product_cat-staket","9":"product_tag-inte-frilagd","10":"product_tag-serie-urban-furniture","11":"desktop-align-center","12":"tablet-align-left","13":"mobile-align-left","15":"first","16":"instock","17":"taxable","18":"shipping-taxable","19":"purchasable","20":"product-type-simple"},"_links":{"self":[{"href":"https:\/\/readymade.se\/lekplats\/wp-json\/wp\/v2\/product\/143766","targetHints":{"allow":["GET"]}}],"collection":[{"href":"https:\/\/readymade.se\/lekplats\/wp-json\/wp\/v2\/product"}],"about":[{"href":"https:\/\/readymade.se\/lekplats\/wp-json\/wp\/v2\/types\/product"}],"wp:featuredmedia":[{"embeddable":true,"href":"https:\/\/readymade.se\/lekplats\/wp-json\/wp\/v2\/media\/131778"}],"wp:attachment":[{"href":"https:\/\/readymade.se\/lekplats\/wp-json\/wp\/v2\/media?parent=143766"}],"wp:term":[{"taxonomy":"product_brand","embeddable":true,"href":"https:\/\/readymade.se\/lekplats\/wp-json\/wp\/v2\/product_brand?post=143766"},{"taxonomy":"product_cat","embeddable":true,"href":"https:\/\/readymade.se\/lekplats\/wp-json\/wp\/v2\/product_cat?post=143766"},{"taxonomy":"product_tag","embeddable":true,"href":"https:\/\/readymade.se\/lekplats\/wp-json\/wp\/v2\/product_tag?post=143766"}],"curies":[{"name":"wp","href":"https:\/\/api.w.org\/{rel}","templated":true}]}}