{"id":143760,"date":"2026-03-22T19:02:52","date_gmt":"2026-03-22T18:02:52","guid":{"rendered":"https:\/\/readymade.se\/lekplats\/?post_type=product&#038;p=143760"},"modified":"2026-03-22T19:03:03","modified_gmt":"2026-03-22T18:03:03","slug":"kedjelanksstaket-svetsad-10-m","status":"publish","type":"product","link":"https:\/\/readymade.se\/lekplats\/produkt\/kedjelanksstaket-svetsad-10-m\/","title":{"rendered":"Kedjel\u00e4nksstaket Svetsad 1,0 m"},"content":{"rendered":"<p>Kedjel\u00e4nksstaket Svetsad 1,0 m \u00e4r ett praktiskt avgr\u00e4nsningsstaket f\u00f6r tomter, parkytor och lantliga milj\u00f6er. St\u00e4ngslet \u00e4r tillverkat av PVC-belagd zinktr\u00e5d som ger god v\u00e4derbest\u00e4ndighet och l\u00e5ng h\u00e5llbarhet utomhus. N\u00e4tet monteras p\u00e5 metallstolpar med s\u00e4rskild profil, vilket ger en stabil konstruktion och ett tydligt linj\u00e4rt uttryck. L\u00f6sningen \u00e4r l\u00e4tt att installera och enkel att underh\u00e5lla i den dagliga driften. Modellen passar n\u00e4r du vill skapa en robust, kostnadseffektiv och tydlig avgr\u00e4nsning utan att bygga t\u00e4ta sk\u00e4rmar eller tunga staketsektioner. Produkten \u00e4r anpassad f\u00f6r daglig anv\u00e4ndning i utemilj\u00f6 och ger stabil funktion \u00f6ver tid.<\/p>\n","protected":false},"excerpt":{"rendered":"<p>Svetsat kedjel\u00e4nksstaket 1,0 m i PVC-belagd zinktr\u00e5d med metallstolpar i profil.<\/p>\n","protected":false},"featured_media":131770,"template":"","meta":{"site-sidebar-layout":"default","site-content-layout":"","ast-site-content-layout":"default","site-content-style":"default","site-sidebar-style":"default","ast-global-header-display":"","ast-banner-title-visibility":"","ast-main-header-display":"","ast-hfb-above-header-display":"","ast-hfb-below-header-display":"","ast-hfb-mobile-header-display":"","site-post-title":"","ast-breadcrumbs-content":"","ast-featured-img":"","footer-sml-layout":"","theme-transparent-header-meta":"default","adv-header-id-meta":"","stick-header-meta":"","header-above-stick-meta":"","header-main-stick-meta":"","header-below-stick-meta":"","astra-migrate-meta-layouts":"set","ast-page-background-enabled":"default","ast-page-background-meta":{"desktop":{"background-color":"var(--ast-global-color-5)","background-image":"","background-repeat":"repeat","background-position":"center center","background-size":"auto","background-attachment":"scroll","background-type":"","background-media":"","overlay-type":"","overlay-color":"","overlay-opacity":"","overlay-gradient":""},"tablet":{"background-color":"","background-image":"","background-repeat":"repeat","background-position":"center center","background-size":"auto","background-attachment":"scroll","background-type":"","background-media":"","overlay-type":"","overlay-color":"","overlay-opacity":"","overlay-gradient":""},"mobile":{"background-color":"","background-image":"","background-repeat":"repeat","background-position":"center center","background-size":"auto","background-attachment":"scroll","background-type":"","background-media":"","overlay-type":"","overlay-color":"","overlay-opacity":"","overlay-gradient":""}},"ast-content-background-meta":{"desktop":{"background-color":"var(--ast-global-color-4)","background-image":"","background-repeat":"repeat","background-position":"center center","background-size":"auto","background-attachment":"scroll","background-type":"","background-media":"","overlay-type":"","overlay-color":"","overlay-opacity":"","overlay-gradient":""},"tablet":{"background-color":"var(--ast-global-color-4)","background-image":"","background-repeat":"repeat","background-position":"center center","background-size":"auto","background-attachment":"scroll","background-type":"","background-media":"","overlay-type":"","overlay-color":"","overlay-opacity":"","overlay-gradient":""},"mobile":{"background-color":"var(--ast-global-color-4)","background-image":"","background-repeat":"repeat","background-position":"center center","background-size":"auto","background-attachment":"scroll","background-type":"","background-media":"","overlay-type":"","overlay-color":"","overlay-opacity":"","overlay-gradient":""}}},"product_brand":[37],"product_cat":[444,494],"product_tag":[885,874],"class_list":{"0":"post-143760","1":"product","2":"type-product","3":"status-publish","4":"has-post-thumbnail","6":"product_brand-tiptiptap","7":"product_cat-gata-park","8":"product_cat-staket","9":"product_tag-inte-frilagd","10":"product_tag-serie-urban-furniture","11":"desktop-align-center","12":"tablet-align-left","13":"mobile-align-left","15":"first","16":"instock","17":"taxable","18":"shipping-taxable","19":"purchasable","20":"product-type-simple"},"_links":{"self":[{"href":"https:\/\/readymade.se\/lekplats\/wp-json\/wp\/v2\/product\/143760","targetHints":{"allow":["GET"]}}],"collection":[{"href":"https:\/\/readymade.se\/lekplats\/wp-json\/wp\/v2\/product"}],"about":[{"href":"https:\/\/readymade.se\/lekplats\/wp-json\/wp\/v2\/types\/product"}],"wp:featuredmedia":[{"embeddable":true,"href":"https:\/\/readymade.se\/lekplats\/wp-json\/wp\/v2\/media\/131770"}],"wp:attachment":[{"href":"https:\/\/readymade.se\/lekplats\/wp-json\/wp\/v2\/media?parent=143760"}],"wp:term":[{"taxonomy":"product_brand","embeddable":true,"href":"https:\/\/readymade.se\/lekplats\/wp-json\/wp\/v2\/product_brand?post=143760"},{"taxonomy":"product_cat","embeddable":true,"href":"https:\/\/readymade.se\/lekplats\/wp-json\/wp\/v2\/product_cat?post=143760"},{"taxonomy":"product_tag","embeddable":true,"href":"https:\/\/readymade.se\/lekplats\/wp-json\/wp\/v2\/product_tag?post=143760"}],"curies":[{"name":"wp","href":"https:\/\/api.w.org\/{rel}","templated":true}]}}