{"id":143735,"date":"2026-03-22T19:02:33","date_gmt":"2026-03-22T18:02:33","guid":{"rendered":"https:\/\/readymade.se\/lekplats\/?post_type=product&#038;p=143735"},"modified":"2026-03-22T19:02:45","modified_gmt":"2026-03-22T18:02:45","slug":"cykelstall-niven-6","status":"publish","type":"product","link":"https:\/\/readymade.se\/lekplats\/produkt\/cykelstall-niven-6\/","title":{"rendered":"Cykelst\u00e4ll Niven 6"},"content":{"rendered":"<p>Cykelst\u00e4ll Niven 6 \u00e4r ett cykelst\u00e4ll med 6 platser f\u00f6r cykelparkering. Det kan anv\u00e4ndas f\u00f6r att l\u00e5sa fast 3\u20136 cyklar och f\u00f6rankras i marken med fastbultning. Materialet \u00e4r varmf\u00f6rzinkat st\u00e5l och plast, och den varmf\u00f6rzinkade konstruktionen \u00e4r avsedd f\u00f6r placering d\u00e4r st\u00e4llet ska st\u00e5 stadigt. Niven 6 ger en ordnad uppst\u00e4llning och passar d\u00e4r flera cyklar beh\u00f6ver samlas p\u00e5 en tydligt avgr\u00e4nsad yta, exempelvis vid entr\u00e9er, g\u00e5rdar eller intill servicepunkter. St\u00e4llet \u00e4r ett alternativ n\u00e4r du vill kombinera flera platser i en enhet och samtidigt ha markf\u00f6rankring som h\u00e5ller cykelparkeringen p\u00e5 plats.<\/p>\n","protected":false},"excerpt":{"rendered":"<p>Cykelst\u00e4ll med 6 platser i varmf\u00f6rzinkat st\u00e5l och plast, anpassad f\u00f6r fastbultning i mark.<\/p>\n","protected":false},"featured_media":131722,"template":"","meta":{"site-sidebar-layout":"","site-content-layout":"","ast-site-content-layout":"","site-content-style":"","site-sidebar-style":"","ast-global-header-display":"","ast-banner-title-visibility":"","ast-main-header-display":"","ast-hfb-above-header-display":"","ast-hfb-below-header-display":"","ast-hfb-mobile-header-display":"","site-post-title":"","ast-breadcrumbs-content":"","ast-featured-img":"","footer-sml-layout":"","theme-transparent-header-meta":"","adv-header-id-meta":"","stick-header-meta":"","header-above-stick-meta":"","header-main-stick-meta":"","header-below-stick-meta":"","astra-migrate-meta-layouts":"","ast-page-background-enabled":"default","ast-page-background-meta":{"desktop":{"background-color":"var(--ast-global-color-5)","background-image":"","background-repeat":"repeat","background-position":"center center","background-size":"auto","background-attachment":"scroll","background-type":"","background-media":"","overlay-type":"","overlay-color":"","overlay-opacity":"","overlay-gradient":""},"tablet":{"background-color":"","background-image":"","background-repeat":"repeat","background-position":"center center","background-size":"auto","background-attachment":"scroll","background-type":"","background-media":"","overlay-type":"","overlay-color":"","overlay-opacity":"","overlay-gradient":""},"mobile":{"background-color":"","background-image":"","background-repeat":"repeat","background-position":"center center","background-size":"auto","background-attachment":"scroll","background-type":"","background-media":"","overlay-type":"","overlay-color":"","overlay-opacity":"","overlay-gradient":""}},"ast-content-background-meta":{"desktop":{"background-color":"var(--ast-global-color-4)","background-image":"","background-repeat":"repeat","background-position":"center center","background-size":"auto","background-attachment":"scroll","background-type":"","background-media":"","overlay-type":"","overlay-color":"","overlay-opacity":"","overlay-gradient":""},"tablet":{"background-color":"var(--ast-global-color-4)","background-image":"","background-repeat":"repeat","background-position":"center center","background-size":"auto","background-attachment":"scroll","background-type":"","background-media":"","overlay-type":"","overlay-color":"","overlay-opacity":"","overlay-gradient":""},"mobile":{"background-color":"var(--ast-global-color-4)","background-image":"","background-repeat":"repeat","background-position":"center center","background-size":"auto","background-attachment":"scroll","background-type":"","background-media":"","overlay-type":"","overlay-color":"","overlay-opacity":"","overlay-gradient":""}}},"product_brand":[37],"product_cat":[490,444],"product_tag":[874],"class_list":{"0":"post-143735","1":"product","2":"type-product","3":"status-publish","4":"has-post-thumbnail","6":"product_brand-tiptiptap","7":"product_cat-cykelstall","8":"product_cat-gata-park","9":"product_tag-serie-urban-furniture","10":"desktop-align-center","11":"tablet-align-left","12":"mobile-align-left","14":"first","15":"instock","16":"taxable","17":"shipping-taxable","18":"purchasable","19":"product-type-simple"},"_links":{"self":[{"href":"https:\/\/readymade.se\/lekplats\/wp-json\/wp\/v2\/product\/143735","targetHints":{"allow":["GET"]}}],"collection":[{"href":"https:\/\/readymade.se\/lekplats\/wp-json\/wp\/v2\/product"}],"about":[{"href":"https:\/\/readymade.se\/lekplats\/wp-json\/wp\/v2\/types\/product"}],"wp:featuredmedia":[{"embeddable":true,"href":"https:\/\/readymade.se\/lekplats\/wp-json\/wp\/v2\/media\/131722"}],"wp:attachment":[{"href":"https:\/\/readymade.se\/lekplats\/wp-json\/wp\/v2\/media?parent=143735"}],"wp:term":[{"taxonomy":"product_brand","embeddable":true,"href":"https:\/\/readymade.se\/lekplats\/wp-json\/wp\/v2\/product_brand?post=143735"},{"taxonomy":"product_cat","embeddable":true,"href":"https:\/\/readymade.se\/lekplats\/wp-json\/wp\/v2\/product_cat?post=143735"},{"taxonomy":"product_tag","embeddable":true,"href":"https:\/\/readymade.se\/lekplats\/wp-json\/wp\/v2\/product_tag?post=143735"}],"curies":[{"name":"wp","href":"https:\/\/api.w.org\/{rel}","templated":true}]}}