{"id":143576,"date":"2026-03-22T19:00:42","date_gmt":"2026-03-22T18:00:42","guid":{"rendered":"https:\/\/readymade.se\/lekplats\/?post_type=product&#038;p=143576"},"modified":"2026-03-22T19:01:17","modified_gmt":"2026-03-22T18:01:17","slug":"gym-hangstanger","status":"publish","type":"product","link":"https:\/\/readymade.se\/lekplats\/produkt\/gym-hangstanger\/","title":{"rendered":"Gym H\u00e4ngst\u00e4nger"},"content":{"rendered":"<h2>H\u00e4ngst\u00e4nger i tre h\u00f6jder \u2013 f\u00f6r styrka, r\u00f6rlighet och lekfull tr\u00e4ning<\/h2>\n<p>Ett set med h\u00e4ngst\u00e4nger i tre olika h\u00f6jder som g\u00f6r det m\u00f6jligt f\u00f6r barn, ungdomar och vuxna att tr\u00e4na p\u00e5 sin egen niv\u00e5. Konstruktionen passar b\u00e5de f\u00f6r styrketr\u00e4ning och r\u00f6rlighetstr\u00e4ning, d\u00e4r anv\u00e4ndaren kan h\u00e4nga, str\u00e4cka ut kroppen, g\u00f6ra pull-ups eller utf\u00f6ra olika r\u00f6relser p\u00e5 ett tryggt och lekfullt s\u00e4tt.<\/p>\n<p>De tre h\u00f6jderna g\u00f6r utrustningen tillg\u00e4nglig f\u00f6r flera anv\u00e4ndare samtidigt och skapar en naturlig samlingspunkt i utegym, parker eller p\u00e5 skolg\u00e5rdar. Tr\u00e4ningen aktiverar fr\u00e4mst arm- och ryggmuskler, men engagerar \u00e4ven b\u00e5l och skuldror.<\/p>\n","protected":false},"excerpt":{"rendered":"<p>H\u00e4ngst\u00e4nger i tre h\u00f6jder f\u00f6r styrka, r\u00f6rlighet och lekfull tr\u00e4ning f\u00f6r alla \u00e5ldrar.<\/p>\n","protected":false},"featured_media":131391,"template":"","meta":{"site-sidebar-layout":"default","site-content-layout":"","ast-site-content-layout":"default","site-content-style":"default","site-sidebar-style":"default","ast-global-header-display":"","ast-banner-title-visibility":"","ast-main-header-display":"","ast-hfb-above-header-display":"","ast-hfb-below-header-display":"","ast-hfb-mobile-header-display":"","site-post-title":"","ast-breadcrumbs-content":"","ast-featured-img":"","footer-sml-layout":"","theme-transparent-header-meta":"default","adv-header-id-meta":"","stick-header-meta":"","header-above-stick-meta":"","header-main-stick-meta":"","header-below-stick-meta":"","astra-migrate-meta-layouts":"set","ast-page-background-enabled":"default","ast-page-background-meta":{"desktop":{"background-color":"var(--ast-global-color-5)","background-image":"","background-repeat":"repeat","background-position":"center center","background-size":"auto","background-attachment":"scroll","background-type":"","background-media":"","overlay-type":"","overlay-color":"","overlay-opacity":"","overlay-gradient":""},"tablet":{"background-color":"","background-image":"","background-repeat":"repeat","background-position":"center center","background-size":"auto","background-attachment":"scroll","background-type":"","background-media":"","overlay-type":"","overlay-color":"","overlay-opacity":"","overlay-gradient":""},"mobile":{"background-color":"","background-image":"","background-repeat":"repeat","background-position":"center center","background-size":"auto","background-attachment":"scroll","background-type":"","background-media":"","overlay-type":"","overlay-color":"","overlay-opacity":"","overlay-gradient":""}},"ast-content-background-meta":{"desktop":{"background-color":"var(--ast-global-color-4)","background-image":"","background-repeat":"repeat","background-position":"center center","background-size":"auto","background-attachment":"scroll","background-type":"","background-media":"","overlay-type":"","overlay-color":"","overlay-opacity":"","overlay-gradient":""},"tablet":{"background-color":"var(--ast-global-color-4)","background-image":"","background-repeat":"repeat","background-position":"center center","background-size":"auto","background-attachment":"scroll","background-type":"","background-media":"","overlay-type":"","overlay-color":"","overlay-opacity":"","overlay-gradient":""},"mobile":{"background-color":"var(--ast-global-color-4)","background-image":"","background-repeat":"repeat","background-position":"center center","background-size":"auto","background-attachment":"scroll","background-type":"","background-media":"","overlay-type":"","overlay-color":"","overlay-opacity":"","overlay-gradient":""}}},"product_brand":[37],"product_cat":[385,369,413,421],"product_tag":[],"class_list":{"0":"post-143576","1":"product","2":"type-product","3":"status-publish","4":"has-post-thumbnail","6":"product_brand-tiptiptap","7":"product_cat-gym","8":"product_cat-sport-rorelse","9":"product_cat-standardsortiment","10":"product_cat-traningsstationer-trastal","11":"desktop-align-center","12":"tablet-align-left","13":"mobile-align-left","15":"first","16":"instock","17":"taxable","18":"shipping-taxable","19":"purchasable","20":"product-type-variable","21":"has-default-attributes"},"_links":{"self":[{"href":"https:\/\/readymade.se\/lekplats\/wp-json\/wp\/v2\/product\/143576","targetHints":{"allow":["GET"]}}],"collection":[{"href":"https:\/\/readymade.se\/lekplats\/wp-json\/wp\/v2\/product"}],"about":[{"href":"https:\/\/readymade.se\/lekplats\/wp-json\/wp\/v2\/types\/product"}],"wp:featuredmedia":[{"embeddable":true,"href":"https:\/\/readymade.se\/lekplats\/wp-json\/wp\/v2\/media\/131391"}],"wp:attachment":[{"href":"https:\/\/readymade.se\/lekplats\/wp-json\/wp\/v2\/media?parent=143576"}],"wp:term":[{"taxonomy":"product_brand","embeddable":true,"href":"https:\/\/readymade.se\/lekplats\/wp-json\/wp\/v2\/product_brand?post=143576"},{"taxonomy":"product_cat","embeddable":true,"href":"https:\/\/readymade.se\/lekplats\/wp-json\/wp\/v2\/product_cat?post=143576"},{"taxonomy":"product_tag","embeddable":true,"href":"https:\/\/readymade.se\/lekplats\/wp-json\/wp\/v2\/product_tag?post=143576"}],"curies":[{"name":"wp","href":"https:\/\/api.w.org\/{rel}","templated":true}]}}