{"id":143516,"date":"2026-03-22T18:59:48","date_gmt":"2026-03-22T17:59:48","guid":{"rendered":"https:\/\/readymade.se\/lekplats\/?post_type=product&#038;p=143516"},"modified":"2026-03-22T19:00:37","modified_gmt":"2026-03-22T18:00:37","slug":"lekstallning-benny","status":"publish","type":"product","link":"https:\/\/readymade.se\/lekplats\/produkt\/lekstallning-benny\/","title":{"rendered":"Lekst\u00e4llning BENNY"},"content":{"rendered":"<p>Lekst\u00e4llningen best\u00e5r av en rutschkana med r\u00e4nna samt en ramp med stegpinnar som ger barnen flera s\u00e4tt att ta sig upp. Under plattformen finns en lekh\u00f6rna med b\u00e4nk som kan kompletteras med antingen k\u00f6ks- eller bilinstrumentpanel f\u00f6r fantasifull rolllek. Utsidan \u00e4r utrustad med en aktivitets\u00adpanel i form av en klocka som hj\u00e4lper barnen att bekanta sig med tid. Sidopanelerna kan bytas ut mot olika aktivitetsv\u00e4ggar eller tematiska tryckta motiv s\u00e5som djur, f\u00e5glar, fiskar, tr\u00e4d eller b\u00e4r. Utformningen av panelerna fastst\u00e4lls i samr\u00e5d med kunden vid best\u00e4llning.<\/p>\n","protected":false},"excerpt":{"rendered":"<p>M\u00e5ngsidig lekst\u00e4llning med rutschkana, ramp och pedagogiska lekpaneler som uppmuntrar b\u00e5de r\u00f6relselek och l\u00e4rande f\u00f6r sm\u00e5 barn.<\/p>\n","protected":false},"featured_media":131263,"template":"","meta":{"site-sidebar-layout":"default","site-content-layout":"","ast-site-content-layout":"default","site-content-style":"default","site-sidebar-style":"default","ast-global-header-display":"","ast-banner-title-visibility":"","ast-main-header-display":"","ast-hfb-above-header-display":"","ast-hfb-below-header-display":"","ast-hfb-mobile-header-display":"","site-post-title":"","ast-breadcrumbs-content":"","ast-featured-img":"","footer-sml-layout":"","theme-transparent-header-meta":"default","adv-header-id-meta":"","stick-header-meta":"","header-above-stick-meta":"","header-main-stick-meta":"","header-below-stick-meta":"","astra-migrate-meta-layouts":"set","ast-page-background-enabled":"default","ast-page-background-meta":{"desktop":{"background-color":"var(--ast-global-color-5)","background-image":"","background-repeat":"repeat","background-position":"center center","background-size":"auto","background-attachment":"scroll","background-type":"","background-media":"","overlay-type":"","overlay-color":"","overlay-opacity":"","overlay-gradient":""},"tablet":{"background-color":"","background-image":"","background-repeat":"repeat","background-position":"center center","background-size":"auto","background-attachment":"scroll","background-type":"","background-media":"","overlay-type":"","overlay-color":"","overlay-opacity":"","overlay-gradient":""},"mobile":{"background-color":"","background-image":"","background-repeat":"repeat","background-position":"center center","background-size":"auto","background-attachment":"scroll","background-type":"","background-media":"","overlay-type":"","overlay-color":"","overlay-opacity":"","overlay-gradient":""}},"ast-content-background-meta":{"desktop":{"background-color":"var(--ast-global-color-4)","background-image":"","background-repeat":"repeat","background-position":"center center","background-size":"auto","background-attachment":"scroll","background-type":"","background-media":"","overlay-type":"","overlay-color":"","overlay-opacity":"","overlay-gradient":""},"tablet":{"background-color":"var(--ast-global-color-4)","background-image":"","background-repeat":"repeat","background-position":"center center","background-size":"auto","background-attachment":"scroll","background-type":"","background-media":"","overlay-type":"","overlay-color":"","overlay-opacity":"","overlay-gradient":""},"mobile":{"background-color":"var(--ast-global-color-4)","background-image":"","background-repeat":"repeat","background-position":"center center","background-size":"auto","background-attachment":"scroll","background-type":"","background-media":"","overlay-type":"","overlay-color":"","overlay-opacity":"","overlay-gradient":""}}},"product_brand":[37],"product_cat":[418,413,32],"product_tag":[875],"class_list":{"0":"post-143516","1":"product","2":"type-product","3":"status-publish","4":"has-post-thumbnail","6":"product_brand-tiptiptap","7":"product_cat-lekplatsutrustning","8":"product_cat-standardsortiment","9":"product_cat-lekstallningar","10":"product_tag-serie-standard","11":"desktop-align-center","12":"tablet-align-left","13":"mobile-align-left","15":"first","16":"instock","17":"taxable","18":"shipping-taxable","19":"purchasable","20":"product-type-variable","21":"has-default-attributes"},"_links":{"self":[{"href":"https:\/\/readymade.se\/lekplats\/wp-json\/wp\/v2\/product\/143516","targetHints":{"allow":["GET"]}}],"collection":[{"href":"https:\/\/readymade.se\/lekplats\/wp-json\/wp\/v2\/product"}],"about":[{"href":"https:\/\/readymade.se\/lekplats\/wp-json\/wp\/v2\/types\/product"}],"wp:featuredmedia":[{"embeddable":true,"href":"https:\/\/readymade.se\/lekplats\/wp-json\/wp\/v2\/media\/131263"}],"wp:attachment":[{"href":"https:\/\/readymade.se\/lekplats\/wp-json\/wp\/v2\/media?parent=143516"}],"wp:term":[{"taxonomy":"product_brand","embeddable":true,"href":"https:\/\/readymade.se\/lekplats\/wp-json\/wp\/v2\/product_brand?post=143516"},{"taxonomy":"product_cat","embeddable":true,"href":"https:\/\/readymade.se\/lekplats\/wp-json\/wp\/v2\/product_cat?post=143516"},{"taxonomy":"product_tag","embeddable":true,"href":"https:\/\/readymade.se\/lekplats\/wp-json\/wp\/v2\/product_tag?post=143516"}],"curies":[{"name":"wp","href":"https:\/\/api.w.org\/{rel}","templated":true}]}}