{"id":143373,"date":"2026-03-22T18:58:06","date_gmt":"2026-03-22T17:58:06","guid":{"rendered":"https:\/\/readymade.se\/lekplats\/?post_type=product&#038;p=143373"},"modified":"2026-03-22T18:58:41","modified_gmt":"2026-03-22T17:58:41","slug":"lekhus-applet","status":"publish","type":"product","link":"https:\/\/readymade.se\/lekplats\/produkt\/lekhus-applet\/","title":{"rendered":"Lekhus \u00c4pplet"},"content":{"rendered":"<p>Playhouse \u00c4PPLE \u00e4r ett h\u00e4rligt takhus d\u00e4r barn kan leka m\u00e5nga lekar och ta skydd mot regn och sol. Inne i huset finns b\u00e4nkar p\u00e5 tv\u00e5 sidor som bekv\u00e4mt har plats f\u00f6r 8-10 barn. P\u00e5 den tredje sidan finns ett ovalt bord f\u00f6r spel och p\u00e5 andra sidan av huset finns ett h\u00e4rligt skydd med en sittplats som liknar ett \u00e4ppeltr\u00e4d.<\/p>\n","protected":false},"excerpt":{"rendered":"<p>Playhouse \u00c4PPLE \u00e4r ett h\u00e4rligt takhus d\u00e4r barn kan leka m\u00e5nga lekar och ta skydd mot regn och sol. Inne i huset finns b\u00e4nkar p\u00e5 tv\u00e5 sidor som bekv\u00e4mt har plats f\u00f6r 8-10 barn. P\u00e5 den tredje sidan finns ett ovalt bord f\u00f6r spel och p\u00e5 andra sidan av huset finns ett h\u00e4rligt skydd med en sittplats som liknar ett \u00e4ppeltr\u00e4d.<\/p>\n","protected":false},"featured_media":131038,"template":"","meta":{"site-sidebar-layout":"","site-content-layout":"","ast-site-content-layout":"","site-content-style":"","site-sidebar-style":"","ast-global-header-display":"","ast-banner-title-visibility":"","ast-main-header-display":"","ast-hfb-above-header-display":"","ast-hfb-below-header-display":"","ast-hfb-mobile-header-display":"","site-post-title":"","ast-breadcrumbs-content":"","ast-featured-img":"","footer-sml-layout":"","theme-transparent-header-meta":"","adv-header-id-meta":"","stick-header-meta":"","header-above-stick-meta":"","header-main-stick-meta":"","header-below-stick-meta":"","astra-migrate-meta-layouts":"","ast-page-background-enabled":"default","ast-page-background-meta":{"desktop":{"background-color":"var(--ast-global-color-5)","background-image":"","background-repeat":"repeat","background-position":"center center","background-size":"auto","background-attachment":"scroll","background-type":"","background-media":"","overlay-type":"","overlay-color":"","overlay-opacity":"","overlay-gradient":""},"tablet":{"background-color":"","background-image":"","background-repeat":"repeat","background-position":"center center","background-size":"auto","background-attachment":"scroll","background-type":"","background-media":"","overlay-type":"","overlay-color":"","overlay-opacity":"","overlay-gradient":""},"mobile":{"background-color":"","background-image":"","background-repeat":"repeat","background-position":"center center","background-size":"auto","background-attachment":"scroll","background-type":"","background-media":"","overlay-type":"","overlay-color":"","overlay-opacity":"","overlay-gradient":""}},"ast-content-background-meta":{"desktop":{"background-color":"var(--ast-global-color-4)","background-image":"","background-repeat":"repeat","background-position":"center center","background-size":"auto","background-attachment":"scroll","background-type":"","background-media":"","overlay-type":"","overlay-color":"","overlay-opacity":"","overlay-gradient":""},"tablet":{"background-color":"var(--ast-global-color-4)","background-image":"","background-repeat":"repeat","background-position":"center center","background-size":"auto","background-attachment":"scroll","background-type":"","background-media":"","overlay-type":"","overlay-color":"","overlay-opacity":"","overlay-gradient":""},"mobile":{"background-color":"var(--ast-global-color-4)","background-image":"","background-repeat":"repeat","background-position":"center center","background-size":"auto","background-attachment":"scroll","background-type":"","background-media":"","overlay-type":"","overlay-color":"","overlay-opacity":"","overlay-gradient":""}}},"product_brand":[37],"product_cat":[148],"product_tag":[875],"class_list":{"0":"post-143373","1":"product","2":"type-product","3":"status-publish","4":"has-post-thumbnail","6":"product_brand-tiptiptap","7":"product_cat-lekhus","8":"product_tag-serie-standard","9":"desktop-align-center","10":"tablet-align-left","11":"mobile-align-left","13":"first","14":"instock","15":"taxable","16":"shipping-taxable","17":"purchasable","18":"product-type-variable","19":"has-default-attributes"},"_links":{"self":[{"href":"https:\/\/readymade.se\/lekplats\/wp-json\/wp\/v2\/product\/143373","targetHints":{"allow":["GET"]}}],"collection":[{"href":"https:\/\/readymade.se\/lekplats\/wp-json\/wp\/v2\/product"}],"about":[{"href":"https:\/\/readymade.se\/lekplats\/wp-json\/wp\/v2\/types\/product"}],"wp:featuredmedia":[{"embeddable":true,"href":"https:\/\/readymade.se\/lekplats\/wp-json\/wp\/v2\/media\/131038"}],"wp:attachment":[{"href":"https:\/\/readymade.se\/lekplats\/wp-json\/wp\/v2\/media?parent=143373"}],"wp:term":[{"taxonomy":"product_brand","embeddable":true,"href":"https:\/\/readymade.se\/lekplats\/wp-json\/wp\/v2\/product_brand?post=143373"},{"taxonomy":"product_cat","embeddable":true,"href":"https:\/\/readymade.se\/lekplats\/wp-json\/wp\/v2\/product_cat?post=143373"},{"taxonomy":"product_tag","embeddable":true,"href":"https:\/\/readymade.se\/lekplats\/wp-json\/wp\/v2\/product_tag?post=143373"}],"curies":[{"name":"wp","href":"https:\/\/api.w.org\/{rel}","templated":true}]}}