{"id":120691,"date":"2026-02-27T11:37:34","date_gmt":"2026-02-27T10:37:34","guid":{"rendered":"https:\/\/readymade.se\/lekplats\/produkt\/kids-nature-m\/"},"modified":"2026-02-27T11:37:35","modified_gmt":"2026-02-27T10:37:35","slug":"kids-nature-m","status":"publish","type":"product","link":"https:\/\/readymade.se\/lekplats\/produkt\/kids-nature-m\/","title":{"rendered":"Kids Nature M"},"content":{"rendered":"<ul>\n<li>12st screw-ons kl\u00e4ttergrepp inspirerande av Moder Natur <br \/>som exempelvis ormar, f\u00e5glar, elefanter mm.<\/li>\n<li>Bra och positiva greppytor g\u00f6r de trygga och l\u00e4tta att <br \/>kl\u00e4ttra p\u00e5 speciellt f\u00f6r barn och ungdomar.<\/li>\n<li>Monteras enkelt direkt p\u00e5 tr\u00e4v\u00e4ggar med vanlig tr\u00e4skruv.<\/li>\n<li>Rolig detalj i barnens rum \u00e4ven n\u00e4r de inte kl\u00e4ttrar p\u00e5 dem.<\/li>\n<li>Kul\u00a0och fantasifulla.<\/li>\n<li>Ca 2 veckors leveranstid.<\/li>\n<\/ul>\n<p>Greppsats Kids Nature \u00e4r 12 st. roliga, fantasifulla och l\u00e4ttkl\u00e4ttrade kl\u00e4ttergrepp som monteras med vanlig tr\u00e4skruv (medf\u00f6ljer ej) p\u00e5 befintliga tr\u00e4v\u00e4ggar ute och inne. Kl\u00e4ttringen sker horisontellt l\u00e4ngs med marken\/golvet f\u00f6r maximal s\u00e4kerhet. Monteringsanvisning medf\u00f6ljer. Ett bra p\u00e5byggnadspaket.<br \/>\n L\u00e5t fantasin fl\u00f6da! (Mixade f\u00e4rger i f\u00f6rpackningen)<\/p>\n","protected":false},"excerpt":{"rendered":"<p>12st screw-ons kl\u00e4ttergrepp inspirerande av Moder Natur som exempelvis ormar, f\u00e5glar, elefanter mm. Bra och positiva greppytor g\u00f6r de trygga [&hellip;]<\/p>\n","protected":false},"featured_media":120135,"template":"","meta":{"site-sidebar-layout":"default","site-content-layout":"","ast-site-content-layout":"default","site-content-style":"default","site-sidebar-style":"default","ast-global-header-display":"","ast-banner-title-visibility":"","ast-main-header-display":"","ast-hfb-above-header-display":"","ast-hfb-below-header-display":"","ast-hfb-mobile-header-display":"","site-post-title":"","ast-breadcrumbs-content":"","ast-featured-img":"","footer-sml-layout":"","theme-transparent-header-meta":"","adv-header-id-meta":"","stick-header-meta":"","header-above-stick-meta":"","header-main-stick-meta":"","header-below-stick-meta":"","astra-migrate-meta-layouts":"default","ast-page-background-enabled":"default","ast-page-background-meta":{"desktop":{"background-color":"var(--ast-global-color-5)","background-image":"","background-repeat":"repeat","background-position":"center center","background-size":"auto","background-attachment":"scroll","background-type":"","background-media":"","overlay-type":"","overlay-color":"","overlay-opacity":"","overlay-gradient":""},"tablet":{"background-color":"","background-image":"","background-repeat":"repeat","background-position":"center center","background-size":"auto","background-attachment":"scroll","background-type":"","background-media":"","overlay-type":"","overlay-color":"","overlay-opacity":"","overlay-gradient":""},"mobile":{"background-color":"","background-image":"","background-repeat":"repeat","background-position":"center center","background-size":"auto","background-attachment":"scroll","background-type":"","background-media":"","overlay-type":"","overlay-color":"","overlay-opacity":"","overlay-gradient":""}},"ast-content-background-meta":{"desktop":{"background-color":"var(--ast-global-color-4)","background-image":"","background-repeat":"repeat","background-position":"center center","background-size":"auto","background-attachment":"scroll","background-type":"","background-media":"","overlay-type":"","overlay-color":"","overlay-opacity":"","overlay-gradient":""},"tablet":{"background-color":"var(--ast-global-color-4)","background-image":"","background-repeat":"repeat","background-position":"center center","background-size":"auto","background-attachment":"scroll","background-type":"","background-media":"","overlay-type":"","overlay-color":"","overlay-opacity":"","overlay-gradient":""},"mobile":{"background-color":"var(--ast-global-color-4)","background-image":"","background-repeat":"repeat","background-position":"center center","background-size":"auto","background-attachment":"scroll","background-type":"","background-media":"","overlay-type":"","overlay-color":"","overlay-opacity":"","overlay-gradient":""}}},"product_brand":[649],"product_cat":[647],"product_tag":[],"class_list":{"0":"post-120691","1":"product","2":"type-product","3":"status-publish","4":"has-post-thumbnail","6":"product_brand-ergoholds","7":"product_cat-klattergrepp","8":"desktop-align-center","9":"tablet-align-left","10":"mobile-align-left","12":"first","13":"instock","14":"taxable","15":"shipping-taxable","16":"purchasable","17":"product-type-simple"},"_links":{"self":[{"href":"https:\/\/readymade.se\/lekplats\/wp-json\/wp\/v2\/product\/120691","targetHints":{"allow":["GET"]}}],"collection":[{"href":"https:\/\/readymade.se\/lekplats\/wp-json\/wp\/v2\/product"}],"about":[{"href":"https:\/\/readymade.se\/lekplats\/wp-json\/wp\/v2\/types\/product"}],"wp:featuredmedia":[{"embeddable":true,"href":"https:\/\/readymade.se\/lekplats\/wp-json\/wp\/v2\/media\/120135"}],"wp:attachment":[{"href":"https:\/\/readymade.se\/lekplats\/wp-json\/wp\/v2\/media?parent=120691"}],"wp:term":[{"taxonomy":"product_brand","embeddable":true,"href":"https:\/\/readymade.se\/lekplats\/wp-json\/wp\/v2\/product_brand?post=120691"},{"taxonomy":"product_cat","embeddable":true,"href":"https:\/\/readymade.se\/lekplats\/wp-json\/wp\/v2\/product_cat?post=120691"},{"taxonomy":"product_tag","embeddable":true,"href":"https:\/\/readymade.se\/lekplats\/wp-json\/wp\/v2\/product_tag?post=120691"}],"curies":[{"name":"wp","href":"https:\/\/api.w.org\/{rel}","templated":true}]}}