{"id":120686,"date":"2026-02-27T11:37:29","date_gmt":"2026-02-27T10:37:29","guid":{"rendered":"https:\/\/readymade.se\/lekplats\/produkt\/basic-60\/"},"modified":"2026-02-27T11:37:30","modified_gmt":"2026-02-27T10:37:30","slug":"basic-60","status":"publish","type":"product","link":"https:\/\/readymade.se\/lekplats\/produkt\/basic-60\/","title":{"rendered":"Basic 60"},"content":{"rendered":"<ul>\n<li>60 grepp av olika grepptyper.\u00a0<\/li>\n<li>Slopers, incuts, edges, sm\u00e5 juggar.\u00a0<\/li>\n<li>En bra mix f\u00f6r alla kl\u00e4tterv\u00e4ggar.\u00a0<\/li>\n<li>Prisv\u00e4rt!<\/li>\n<li>10% rabatt ist\u00e4llet f\u00f6r att k\u00f6pa enskilda serier!<\/li>\n<\/ul>\n<p>Greppsats Basic 60 \u00e4r ett paket med totalt 60 st. kl\u00e4ttergrepp i varierade f\u00e4rger och modeller. Greppsatsen inneh\u00e5ller b\u00e5de grepp som \u00e4r l\u00e4tta att kl\u00e4ttra p\u00e5 f\u00f6r nyb\u00f6rjare och \u00e4ven grepp av lite sv\u00e5rare typer. De monteras med insexbult (medf\u00f6ljer ej). Passar perfekt d\u00e4r man vill variera kl\u00e4ttringen p\u00e5 sin befintliga kl\u00e4tterv\u00e4gg eller vill bygga en egen v\u00e4gg d\u00e4r man l\u00e4tt kan variera genom att bygga nya leder och banor. Ett bra och prisv\u00e4rt allround paket! (osorterade f\u00e4rger)<\/p>\n","protected":false},"excerpt":{"rendered":"<p>60 grepp av olika grepptyper.\u00a0 Slopers, incuts, edges, sm\u00e5 juggar.\u00a0 En bra mix f\u00f6r alla kl\u00e4tterv\u00e4ggar.\u00a0 Prisv\u00e4rt! 10% rabatt ist\u00e4llet [&hellip;]<\/p>\n","protected":false},"featured_media":120105,"template":"","meta":{"site-sidebar-layout":"default","site-content-layout":"","ast-site-content-layout":"default","site-content-style":"default","site-sidebar-style":"default","ast-global-header-display":"","ast-banner-title-visibility":"","ast-main-header-display":"","ast-hfb-above-header-display":"","ast-hfb-below-header-display":"","ast-hfb-mobile-header-display":"","site-post-title":"","ast-breadcrumbs-content":"","ast-featured-img":"","footer-sml-layout":"","theme-transparent-header-meta":"","adv-header-id-meta":"","stick-header-meta":"","header-above-stick-meta":"","header-main-stick-meta":"","header-below-stick-meta":"","astra-migrate-meta-layouts":"default","ast-page-background-enabled":"default","ast-page-background-meta":{"desktop":{"background-color":"var(--ast-global-color-5)","background-image":"","background-repeat":"repeat","background-position":"center center","background-size":"auto","background-attachment":"scroll","background-type":"","background-media":"","overlay-type":"","overlay-color":"","overlay-opacity":"","overlay-gradient":""},"tablet":{"background-color":"","background-image":"","background-repeat":"repeat","background-position":"center center","background-size":"auto","background-attachment":"scroll","background-type":"","background-media":"","overlay-type":"","overlay-color":"","overlay-opacity":"","overlay-gradient":""},"mobile":{"background-color":"","background-image":"","background-repeat":"repeat","background-position":"center center","background-size":"auto","background-attachment":"scroll","background-type":"","background-media":"","overlay-type":"","overlay-color":"","overlay-opacity":"","overlay-gradient":""}},"ast-content-background-meta":{"desktop":{"background-color":"var(--ast-global-color-4)","background-image":"","background-repeat":"repeat","background-position":"center center","background-size":"auto","background-attachment":"scroll","background-type":"","background-media":"","overlay-type":"","overlay-color":"","overlay-opacity":"","overlay-gradient":""},"tablet":{"background-color":"var(--ast-global-color-4)","background-image":"","background-repeat":"repeat","background-position":"center center","background-size":"auto","background-attachment":"scroll","background-type":"","background-media":"","overlay-type":"","overlay-color":"","overlay-opacity":"","overlay-gradient":""},"mobile":{"background-color":"var(--ast-global-color-4)","background-image":"","background-repeat":"repeat","background-position":"center center","background-size":"auto","background-attachment":"scroll","background-type":"","background-media":"","overlay-type":"","overlay-color":"","overlay-opacity":"","overlay-gradient":""}}},"product_brand":[649],"product_cat":[647],"product_tag":[],"class_list":{"0":"post-120686","1":"product","2":"type-product","3":"status-publish","4":"has-post-thumbnail","6":"product_brand-ergoholds","7":"product_cat-klattergrepp","8":"desktop-align-center","9":"tablet-align-left","10":"mobile-align-left","12":"first","13":"instock","14":"taxable","15":"shipping-taxable","16":"purchasable","17":"product-type-simple"},"_links":{"self":[{"href":"https:\/\/readymade.se\/lekplats\/wp-json\/wp\/v2\/product\/120686","targetHints":{"allow":["GET"]}}],"collection":[{"href":"https:\/\/readymade.se\/lekplats\/wp-json\/wp\/v2\/product"}],"about":[{"href":"https:\/\/readymade.se\/lekplats\/wp-json\/wp\/v2\/types\/product"}],"wp:featuredmedia":[{"embeddable":true,"href":"https:\/\/readymade.se\/lekplats\/wp-json\/wp\/v2\/media\/120105"}],"wp:attachment":[{"href":"https:\/\/readymade.se\/lekplats\/wp-json\/wp\/v2\/media?parent=120686"}],"wp:term":[{"taxonomy":"product_brand","embeddable":true,"href":"https:\/\/readymade.se\/lekplats\/wp-json\/wp\/v2\/product_brand?post=120686"},{"taxonomy":"product_cat","embeddable":true,"href":"https:\/\/readymade.se\/lekplats\/wp-json\/wp\/v2\/product_cat?post=120686"},{"taxonomy":"product_tag","embeddable":true,"href":"https:\/\/readymade.se\/lekplats\/wp-json\/wp\/v2\/product_tag?post=120686"}],"curies":[{"name":"wp","href":"https:\/\/api.w.org\/{rel}","templated":true}]}}