{"id":120400,"date":"2026-02-27T11:35:46","date_gmt":"2026-02-27T10:35:46","guid":{"rendered":"https:\/\/readymade.se\/lekplats\/produkt\/kids-large-23st\/"},"modified":"2026-02-27T11:36:26","modified_gmt":"2026-02-27T10:36:26","slug":"kids-large-23st","status":"publish","type":"product","link":"https:\/\/readymade.se\/lekplats\/produkt\/kids-large-23st\/","title":{"rendered":"Kids Large 23st"},"content":{"rendered":"<p>Greppsats Kids 23 Large \u00e4r ett paket med 23 st. grepp av modeller som \u00e4r l\u00e4ttkl\u00e4ttrade och trygga. De passar perfekt d\u00e4r man vill bygga en f\u00f6rsta kl\u00e4tterv\u00e4gg till barnen. De monteras med vanlig tr\u00e4skruv (medf\u00f6ljer ej) p\u00e5 befintliga tr\u00e4v\u00e4ggar. Montering sker horisontellt l\u00e4ngs med marken\/golvet f\u00f6r maximal s\u00e4kerhet. Monteringsanvisning ing\u00e5r.<br \/>\nBarn \u00e4lskar att kl\u00e4ttra! (f\u00e4rger: Bl\u00e5, gr\u00f6na, gula och r\u00f6da)<br \/>\nPassar utm\u00e4rkt b\u00e5de inne och ute!<br \/>\nCa 2 veckors leveranstid.<\/p>\n","protected":false},"excerpt":{"rendered":"<p>Greppsats Kids 23 Large \u00e4r ett paket med 23 st. grepp av modeller som \u00e4r l\u00e4ttkl\u00e4ttrade och trygga. De passar [&hellip;]<\/p>\n","protected":false},"featured_media":119984,"template":"","meta":{"site-sidebar-layout":"default","site-content-layout":"","ast-site-content-layout":"default","site-content-style":"default","site-sidebar-style":"default","ast-global-header-display":"","ast-banner-title-visibility":"","ast-main-header-display":"","ast-hfb-above-header-display":"","ast-hfb-below-header-display":"","ast-hfb-mobile-header-display":"","site-post-title":"","ast-breadcrumbs-content":"","ast-featured-img":"","footer-sml-layout":"","theme-transparent-header-meta":"","adv-header-id-meta":"","stick-header-meta":"","header-above-stick-meta":"","header-main-stick-meta":"","header-below-stick-meta":"","astra-migrate-meta-layouts":"default","ast-page-background-enabled":"default","ast-page-background-meta":{"desktop":{"background-color":"var(--ast-global-color-5)","background-image":"","background-repeat":"repeat","background-position":"center center","background-size":"auto","background-attachment":"scroll","background-type":"","background-media":"","overlay-type":"","overlay-color":"","overlay-opacity":"","overlay-gradient":""},"tablet":{"background-color":"","background-image":"","background-repeat":"repeat","background-position":"center center","background-size":"auto","background-attachment":"scroll","background-type":"","background-media":"","overlay-type":"","overlay-color":"","overlay-opacity":"","overlay-gradient":""},"mobile":{"background-color":"","background-image":"","background-repeat":"repeat","background-position":"center center","background-size":"auto","background-attachment":"scroll","background-type":"","background-media":"","overlay-type":"","overlay-color":"","overlay-opacity":"","overlay-gradient":""}},"ast-content-background-meta":{"desktop":{"background-color":"var(--ast-global-color-4)","background-image":"","background-repeat":"repeat","background-position":"center center","background-size":"auto","background-attachment":"scroll","background-type":"","background-media":"","overlay-type":"","overlay-color":"","overlay-opacity":"","overlay-gradient":""},"tablet":{"background-color":"var(--ast-global-color-4)","background-image":"","background-repeat":"repeat","background-position":"center center","background-size":"auto","background-attachment":"scroll","background-type":"","background-media":"","overlay-type":"","overlay-color":"","overlay-opacity":"","overlay-gradient":""},"mobile":{"background-color":"var(--ast-global-color-4)","background-image":"","background-repeat":"repeat","background-position":"center center","background-size":"auto","background-attachment":"scroll","background-type":"","background-media":"","overlay-type":"","overlay-color":"","overlay-opacity":"","overlay-gradient":""}}},"product_brand":[649],"product_cat":[647],"product_tag":[],"class_list":{"0":"post-120400","1":"product","2":"type-product","3":"status-publish","4":"has-post-thumbnail","6":"product_brand-ergoholds","7":"product_cat-klattergrepp","8":"desktop-align-center","9":"tablet-align-left","10":"mobile-align-left","12":"first","13":"instock","14":"taxable","15":"shipping-taxable","16":"purchasable","17":"product-type-variable"},"_links":{"self":[{"href":"https:\/\/readymade.se\/lekplats\/wp-json\/wp\/v2\/product\/120400","targetHints":{"allow":["GET"]}}],"collection":[{"href":"https:\/\/readymade.se\/lekplats\/wp-json\/wp\/v2\/product"}],"about":[{"href":"https:\/\/readymade.se\/lekplats\/wp-json\/wp\/v2\/types\/product"}],"wp:featuredmedia":[{"embeddable":true,"href":"https:\/\/readymade.se\/lekplats\/wp-json\/wp\/v2\/media\/119984"}],"wp:attachment":[{"href":"https:\/\/readymade.se\/lekplats\/wp-json\/wp\/v2\/media?parent=120400"}],"wp:term":[{"taxonomy":"product_brand","embeddable":true,"href":"https:\/\/readymade.se\/lekplats\/wp-json\/wp\/v2\/product_brand?post=120400"},{"taxonomy":"product_cat","embeddable":true,"href":"https:\/\/readymade.se\/lekplats\/wp-json\/wp\/v2\/product_cat?post=120400"},{"taxonomy":"product_tag","embeddable":true,"href":"https:\/\/readymade.se\/lekplats\/wp-json\/wp\/v2\/product_tag?post=120400"}],"curies":[{"name":"wp","href":"https:\/\/api.w.org\/{rel}","templated":true}]}}