{"id":114548,"date":"2025-12-23T15:00:55","date_gmt":"2025-12-23T14:00:55","guid":{"rendered":"https:\/\/readymade.se\/lekplats\/?post_type=product&#038;p=114548"},"modified":"2026-02-28T18:05:42","modified_gmt":"2026-02-28T17:05:42","slug":"bankset-i-svensk-norrlandsk-furu-varmgalvaniserat-stal-o50-mm-3-mm-tjocklek-3","status":"publish","type":"product","link":"https:\/\/readymade.se\/lekplats\/produkt\/bankset-i-svensk-norrlandsk-furu-varmgalvaniserat-stal-o50-mm-3-mm-tjocklek-3\/","title":{"rendered":"B\u00e4nkset i svensk norrl\u00e4ndsk furu\/ varmgalvaniserat st\u00e5l \u00d850 mm. 3 mm. tjocklek"},"content":{"rendered":"<p>B\u00e4nkset i svensk norrl\u00e4ndsk furu\/ varmgalvaniserat st\u00e5l \u00d850 mm. 3 mm. tjocklek. til 6 pers. + 2 rullstolsanv\u00e4ndare max m\u00e5l B: 80 H: 71 cm. Total L: 240 B: 160 cm. Bord L: 240 cm. B\u00e4nk L: 60\/200 cm. furuplankor 40 X 115mm. Vikt 130 kg. \u00c4r f\u00f6rberedd f\u00f6r fast montering p\u00e5 marken. 3 plankor i Sittplats, 6 plankor i bordsskiva Sittplats, bordsskiva levereras f\u00e4rdigmonterade med avrundade h\u00f6rn. Monteringstid ca. 35 min. Sittplatsh\u00f6jd: 47 cm. Bord h\u00f6jd: 75 cm. Upp till 4 set per pall. Pallm\u00e5tt. 240 X 80 cm.<\/p>\n","protected":false},"excerpt":{"rendered":"<p>B\u00e4nkset i svensk norrl\u00e4ndsk furu\/ varmgalvaniserat st\u00e5l \u00d850 mm. 3 mm. tjocklek<\/p>\n","protected":false},"featured_media":125175,"template":"","meta":{"site-sidebar-layout":"default","site-content-layout":"","ast-site-content-layout":"default","site-content-style":"default","site-sidebar-style":"default","ast-global-header-display":"","ast-banner-title-visibility":"","ast-main-header-display":"","ast-hfb-above-header-display":"","ast-hfb-below-header-display":"","ast-hfb-mobile-header-display":"","site-post-title":"","ast-breadcrumbs-content":"","ast-featured-img":"","footer-sml-layout":"","theme-transparent-header-meta":"default","adv-header-id-meta":"","stick-header-meta":"","header-above-stick-meta":"","header-main-stick-meta":"","header-below-stick-meta":"","astra-migrate-meta-layouts":"set","ast-page-background-enabled":"default","ast-page-background-meta":{"desktop":{"background-color":"var(--ast-global-color-5)","background-image":"","background-repeat":"repeat","background-position":"center center","background-size":"auto","background-attachment":"scroll","background-type":"","background-media":"","overlay-type":"","overlay-color":"","overlay-opacity":"","overlay-gradient":""},"tablet":{"background-color":"","background-image":"","background-repeat":"repeat","background-position":"center center","background-size":"auto","background-attachment":"scroll","background-type":"","background-media":"","overlay-type":"","overlay-color":"","overlay-opacity":"","overlay-gradient":""},"mobile":{"background-color":"","background-image":"","background-repeat":"repeat","background-position":"center center","background-size":"auto","background-attachment":"scroll","background-type":"","background-media":"","overlay-type":"","overlay-color":"","overlay-opacity":"","overlay-gradient":""}},"ast-content-background-meta":{"desktop":{"background-color":"var(--ast-global-color-4)","background-image":"","background-repeat":"repeat","background-position":"center center","background-size":"auto","background-attachment":"scroll","background-type":"","background-media":"","overlay-type":"","overlay-color":"","overlay-opacity":"","overlay-gradient":""},"tablet":{"background-color":"var(--ast-global-color-4)","background-image":"","background-repeat":"repeat","background-position":"center center","background-size":"auto","background-attachment":"scroll","background-type":"","background-media":"","overlay-type":"","overlay-color":"","overlay-opacity":"","overlay-gradient":""},"mobile":{"background-color":"var(--ast-global-color-4)","background-image":"","background-repeat":"repeat","background-position":"center center","background-size":"auto","background-attachment":"scroll","background-type":"","background-media":"","overlay-type":"","overlay-color":"","overlay-opacity":"","overlay-gradient":""}}},"product_brand":[],"product_cat":[444,491],"product_tag":[577],"class_list":{"0":"post-114548","1":"product","2":"type-product","3":"status-publish","4":"has-post-thumbnail","6":"product_cat-gata-park","7":"product_cat-parkbankar","8":"product_tag-core-mobler","9":"desktop-align-center","10":"tablet-align-left","11":"mobile-align-left","13":"first","14":"instock","15":"taxable","16":"shipping-taxable","17":"purchasable","18":"product-type-variable"},"_links":{"self":[{"href":"https:\/\/readymade.se\/lekplats\/wp-json\/wp\/v2\/product\/114548","targetHints":{"allow":["GET"]}}],"collection":[{"href":"https:\/\/readymade.se\/lekplats\/wp-json\/wp\/v2\/product"}],"about":[{"href":"https:\/\/readymade.se\/lekplats\/wp-json\/wp\/v2\/types\/product"}],"wp:featuredmedia":[{"embeddable":true,"href":"https:\/\/readymade.se\/lekplats\/wp-json\/wp\/v2\/media\/125175"}],"wp:attachment":[{"href":"https:\/\/readymade.se\/lekplats\/wp-json\/wp\/v2\/media?parent=114548"}],"wp:term":[{"taxonomy":"product_brand","embeddable":true,"href":"https:\/\/readymade.se\/lekplats\/wp-json\/wp\/v2\/product_brand?post=114548"},{"taxonomy":"product_cat","embeddable":true,"href":"https:\/\/readymade.se\/lekplats\/wp-json\/wp\/v2\/product_cat?post=114548"},{"taxonomy":"product_tag","embeddable":true,"href":"https:\/\/readymade.se\/lekplats\/wp-json\/wp\/v2\/product_tag?post=114548"}],"curies":[{"name":"wp","href":"https:\/\/api.w.org\/{rel}","templated":true}]}}