{"id":112081,"date":"2025-12-15T00:59:48","date_gmt":"2025-12-14T23:59:48","guid":{"rendered":"https:\/\/readymade.se\/core\/?post_type=product&#038;p=112081"},"modified":"2026-02-03T16:54:59","modified_gmt":"2026-02-03T15:54:59","slug":"musikbok-fyra-notblad-8-latar","status":"publish","type":"product","link":"https:\/\/readymade.se\/lekplats\/produkt\/musikbok-fyra-notblad-8-latar\/","title":{"rendered":"Musikbok (fyra notblad\/8 l\u00e5tar)"},"content":{"rendered":"<p>Genom att v\u00e4lja fyra dubbelsidiga notblad kan anv\u00e4ndaren l\u00e4ra sig spela \u00e5tta melodier. Musikboken \u00e4r framtagen f\u00f6r att anv\u00e4ndas tillsammans med Capella och Cavatina resonansxylofoner, d\u00e4r f\u00e4rgkodade noter p\u00e5 instrumenten motsvarar notbladen. Detta g\u00f6r det l\u00e4tt att f\u00f6lja melodier och b\u00f6rja l\u00e4sa musik tillsammans med familj och v\u00e4nner.<\/p>\n","protected":false},"excerpt":{"rendered":"<p>Denna musikbok f\u00f6r utomhusbruk g\u00f6r det m\u00f6jligt att skapa en personlig samling med \u00e5tta v\u00e4lk\u00e4nda l\u00e5tar.<\/p>\n","protected":false},"featured_media":112473,"template":"","meta":{"site-sidebar-layout":"default","site-content-layout":"","ast-site-content-layout":"default","site-content-style":"default","site-sidebar-style":"default","ast-global-header-display":"","ast-banner-title-visibility":"","ast-main-header-display":"","ast-hfb-above-header-display":"","ast-hfb-below-header-display":"","ast-hfb-mobile-header-display":"","site-post-title":"","ast-breadcrumbs-content":"","ast-featured-img":"","footer-sml-layout":"","theme-transparent-header-meta":"default","adv-header-id-meta":"","stick-header-meta":"","header-above-stick-meta":"","header-main-stick-meta":"","header-below-stick-meta":"","astra-migrate-meta-layouts":"set","ast-page-background-enabled":"default","ast-page-background-meta":{"desktop":{"background-color":"var(--ast-global-color-5)","background-image":"","background-repeat":"repeat","background-position":"center center","background-size":"auto","background-attachment":"scroll","background-type":"","background-media":"","overlay-type":"","overlay-color":"","overlay-opacity":"","overlay-gradient":""},"tablet":{"background-color":"","background-image":"","background-repeat":"repeat","background-position":"center center","background-size":"auto","background-attachment":"scroll","background-type":"","background-media":"","overlay-type":"","overlay-color":"","overlay-opacity":"","overlay-gradient":""},"mobile":{"background-color":"","background-image":"","background-repeat":"repeat","background-position":"center center","background-size":"auto","background-attachment":"scroll","background-type":"","background-media":"","overlay-type":"","overlay-color":"","overlay-opacity":"","overlay-gradient":""}},"ast-content-background-meta":{"desktop":{"background-color":"var(--ast-global-color-4)","background-image":"","background-repeat":"repeat","background-position":"center center","background-size":"auto","background-attachment":"scroll","background-type":"","background-media":"","overlay-type":"","overlay-color":"","overlay-opacity":"","overlay-gradient":""},"tablet":{"background-color":"var(--ast-global-color-4)","background-image":"","background-repeat":"repeat","background-position":"center center","background-size":"auto","background-attachment":"scroll","background-type":"","background-media":"","overlay-type":"","overlay-color":"","overlay-opacity":"","overlay-gradient":""},"mobile":{"background-color":"var(--ast-global-color-4)","background-image":"","background-repeat":"repeat","background-position":"center center","background-size":"auto","background-attachment":"scroll","background-type":"","background-media":"","overlay-type":"","overlay-color":"","overlay-opacity":"","overlay-gradient":""}}},"product_brand":[548],"product_cat":[539],"product_tag":[],"class_list":{"0":"post-112081","1":"product","2":"type-product","3":"status-publish","4":"has-post-thumbnail","6":"product_brand-percussion-play","7":"product_cat-utomhusinstrument","8":"desktop-align-center","9":"tablet-align-left","10":"mobile-align-left","12":"first","13":"instock","14":"taxable","15":"shipping-taxable","16":"purchasable","17":"product-type-variable"},"_links":{"self":[{"href":"https:\/\/readymade.se\/lekplats\/wp-json\/wp\/v2\/product\/112081","targetHints":{"allow":["GET"]}}],"collection":[{"href":"https:\/\/readymade.se\/lekplats\/wp-json\/wp\/v2\/product"}],"about":[{"href":"https:\/\/readymade.se\/lekplats\/wp-json\/wp\/v2\/types\/product"}],"wp:featuredmedia":[{"embeddable":true,"href":"https:\/\/readymade.se\/lekplats\/wp-json\/wp\/v2\/media\/112473"}],"wp:attachment":[{"href":"https:\/\/readymade.se\/lekplats\/wp-json\/wp\/v2\/media?parent=112081"}],"wp:term":[{"taxonomy":"product_brand","embeddable":true,"href":"https:\/\/readymade.se\/lekplats\/wp-json\/wp\/v2\/product_brand?post=112081"},{"taxonomy":"product_cat","embeddable":true,"href":"https:\/\/readymade.se\/lekplats\/wp-json\/wp\/v2\/product_cat?post=112081"},{"taxonomy":"product_tag","embeddable":true,"href":"https:\/\/readymade.se\/lekplats\/wp-json\/wp\/v2\/product_tag?post=112081"}],"curies":[{"name":"wp","href":"https:\/\/api.w.org\/{rel}","templated":true}]}}