{"id":111447,"date":"2025-12-14T19:59:51","date_gmt":"2025-12-14T18:59:51","guid":{"rendered":"https:\/\/readymade.se\/core\/?post_type=product&#038;p=111447"},"modified":"2026-02-11T17:31:01","modified_gmt":"2026-02-11T16:31:01","slug":"calypso-chimes-solos-valj-individuella-klockspel-for-att-skapa-dina-egna-melodier","status":"publish","type":"product","link":"https:\/\/readymade.se\/lekplats\/produkt\/calypso-chimes-solos-valj-individuella-klockspel-for-att-skapa-dina-egna-melodier\/","title":{"rendered":"Calypso Chimes (Solos) &#8211; V\u00e4lj individuella klockspel f\u00f6r att skapa dina egna melodier"},"content":{"rendered":"<p>Calypso Chimes Solos ger dig m\u00f6jligheten att v\u00e4lja individuella klockspel f\u00f6r att skapa helt egna musikaliska arrangemang. V\u00e4lj bland olika toner och f\u00e4rger f\u00f6r att bygga ett personligt och anpassat ljudlandskap som passar din milj\u00f6 och m\u00e5lgrupp.<\/p>\n","protected":false},"excerpt":{"rendered":"<p>Calypso Chimes Solos \u00e4r ett flexibelt utomhusinstrument som g\u00f6r det m\u00f6jligt att komponera egna melodier genom att kombinera individuella klockspel. Ett perfekt val f\u00f6r musikparker, skolor och kreativa lekplatser.<\/p>\n","protected":false},"featured_media":118906,"template":"","meta":{"site-sidebar-layout":"default","site-content-layout":"","ast-site-content-layout":"default","site-content-style":"default","site-sidebar-style":"default","ast-global-header-display":"","ast-banner-title-visibility":"","ast-main-header-display":"","ast-hfb-above-header-display":"","ast-hfb-below-header-display":"","ast-hfb-mobile-header-display":"","site-post-title":"","ast-breadcrumbs-content":"","ast-featured-img":"","footer-sml-layout":"","theme-transparent-header-meta":"","adv-header-id-meta":"","stick-header-meta":"","header-above-stick-meta":"","header-main-stick-meta":"","header-below-stick-meta":"","astra-migrate-meta-layouts":"default","ast-page-background-enabled":"default","ast-page-background-meta":{"desktop":{"background-color":"var(--ast-global-color-5)","background-image":"","background-repeat":"repeat","background-position":"center center","background-size":"auto","background-attachment":"scroll","background-type":"","background-media":"","overlay-type":"","overlay-color":"","overlay-opacity":"","overlay-gradient":""},"tablet":{"background-color":"","background-image":"","background-repeat":"repeat","background-position":"center center","background-size":"auto","background-attachment":"scroll","background-type":"","background-media":"","overlay-type":"","overlay-color":"","overlay-opacity":"","overlay-gradient":""},"mobile":{"background-color":"","background-image":"","background-repeat":"repeat","background-position":"center center","background-size":"auto","background-attachment":"scroll","background-type":"","background-media":"","overlay-type":"","overlay-color":"","overlay-opacity":"","overlay-gradient":""}},"ast-content-background-meta":{"desktop":{"background-color":"var(--ast-global-color-4)","background-image":"","background-repeat":"repeat","background-position":"center center","background-size":"auto","background-attachment":"scroll","background-type":"","background-media":"","overlay-type":"","overlay-color":"","overlay-opacity":"","overlay-gradient":""},"tablet":{"background-color":"var(--ast-global-color-4)","background-image":"","background-repeat":"repeat","background-position":"center center","background-size":"auto","background-attachment":"scroll","background-type":"","background-media":"","overlay-type":"","overlay-color":"","overlay-opacity":"","overlay-gradient":""},"mobile":{"background-color":"var(--ast-global-color-4)","background-image":"","background-repeat":"repeat","background-position":"center center","background-size":"auto","background-attachment":"scroll","background-type":"","background-media":"","overlay-type":"","overlay-color":"","overlay-opacity":"","overlay-gradient":""}}},"product_brand":[548],"product_cat":[539],"product_tag":[],"class_list":{"0":"post-111447","1":"product","2":"type-product","3":"status-publish","4":"has-post-thumbnail","6":"product_brand-percussion-play","7":"product_cat-utomhusinstrument","8":"desktop-align-center","9":"tablet-align-left","10":"mobile-align-left","12":"first","13":"instock","14":"taxable","15":"shipping-taxable","16":"purchasable","17":"product-type-variable"},"_links":{"self":[{"href":"https:\/\/readymade.se\/lekplats\/wp-json\/wp\/v2\/product\/111447","targetHints":{"allow":["GET"]}}],"collection":[{"href":"https:\/\/readymade.se\/lekplats\/wp-json\/wp\/v2\/product"}],"about":[{"href":"https:\/\/readymade.se\/lekplats\/wp-json\/wp\/v2\/types\/product"}],"wp:featuredmedia":[{"embeddable":true,"href":"https:\/\/readymade.se\/lekplats\/wp-json\/wp\/v2\/media\/118906"}],"wp:attachment":[{"href":"https:\/\/readymade.se\/lekplats\/wp-json\/wp\/v2\/media?parent=111447"}],"wp:term":[{"taxonomy":"product_brand","embeddable":true,"href":"https:\/\/readymade.se\/lekplats\/wp-json\/wp\/v2\/product_brand?post=111447"},{"taxonomy":"product_cat","embeddable":true,"href":"https:\/\/readymade.se\/lekplats\/wp-json\/wp\/v2\/product_cat?post=111447"},{"taxonomy":"product_tag","embeddable":true,"href":"https:\/\/readymade.se\/lekplats\/wp-json\/wp\/v2\/product_tag?post=111447"}],"curies":[{"name":"wp","href":"https:\/\/api.w.org\/{rel}","templated":true}]}}