{"id":109389,"date":"2026-02-28T21:01:40","date_gmt":"2026-02-28T20:01:40","guid":{"rendered":"https:\/\/readymade.se\/core\/?post_type=product&#038;p=109389"},"modified":"2026-02-28T21:01:40","modified_gmt":"2026-02-28T20:01:40","slug":"sakerhetsgunga-typ-3","status":"publish","type":"product","link":"https:\/\/readymade.se\/lekplats\/produkt\/sakerhetsgunga-typ-3\/","title":{"rendered":"S\u00e4kerhetsgunga typ 3"},"content":{"rendered":"<p>Gummis\u00e4kerhetss\u00e4te typ 3<br \/>\nsnygg modern l\u00e4tt b\u00f6jd f\u00f6rm f\u00f6r f\u00f6rb\u00e4ttrad stabilitet och optimerat vattenavlopp<br \/>\ngungaen \u00e4r TUV-certifierad och kan anv\u00e4ndas p\u00e5 offentliga platser<br \/>\nmed kraftigt aluminiuminl\u00e4gg<br \/>\nm\u00e5tt: 450x155x40mm<br \/>\nfinns i olika f\u00e4rger: svart, r\u00f6d, bl\u00e5 och gr\u00f6n<br \/>\ngungaen \u00e4r PAH-fri<br \/>\np\u00e5 beg\u00e4ran tillg\u00e4nglig med kedjor f\u00e4rdigmonterade (ingen avgift f\u00f6r montering av kedjorna)<br \/>\ngungaen har ett st\u00f6td\u00e4mpande gummiband f\u00f6r att undvika skador och \u00e4r tillverkat enligt den europeiska lekplatsstandarden EN1176<\/p>\n","protected":false},"excerpt":{"rendered":"<p>gjord av gummi med aluminiuminl\u00e4gg.<\/p>\n","protected":false},"featured_media":107277,"template":"","meta":{"site-sidebar-layout":"default","site-content-layout":"","ast-site-content-layout":"default","site-content-style":"default","site-sidebar-style":"default","ast-global-header-display":"","ast-banner-title-visibility":"","ast-main-header-display":"","ast-hfb-above-header-display":"","ast-hfb-below-header-display":"","ast-hfb-mobile-header-display":"","site-post-title":"","ast-breadcrumbs-content":"","ast-featured-img":"","footer-sml-layout":"","theme-transparent-header-meta":"","adv-header-id-meta":"","stick-header-meta":"","header-above-stick-meta":"","header-main-stick-meta":"","header-below-stick-meta":"","astra-migrate-meta-layouts":"default","ast-page-background-enabled":"default","ast-page-background-meta":{"desktop":{"background-color":"var(--ast-global-color-5)","background-image":"","background-repeat":"repeat","background-position":"center center","background-size":"auto","background-attachment":"scroll","background-type":"","background-media":"","overlay-type":"","overlay-color":"","overlay-opacity":"","overlay-gradient":""},"tablet":{"background-color":"","background-image":"","background-repeat":"repeat","background-position":"center center","background-size":"auto","background-attachment":"scroll","background-type":"","background-media":"","overlay-type":"","overlay-color":"","overlay-opacity":"","overlay-gradient":""},"mobile":{"background-color":"","background-image":"","background-repeat":"repeat","background-position":"center center","background-size":"auto","background-attachment":"scroll","background-type":"","background-media":"","overlay-type":"","overlay-color":"","overlay-opacity":"","overlay-gradient":""}},"ast-content-background-meta":{"desktop":{"background-color":"var(--ast-global-color-4)","background-image":"","background-repeat":"repeat","background-position":"center center","background-size":"auto","background-attachment":"scroll","background-type":"","background-media":"","overlay-type":"","overlay-color":"","overlay-opacity":"","overlay-gradient":""},"tablet":{"background-color":"var(--ast-global-color-4)","background-image":"","background-repeat":"repeat","background-position":"center center","background-size":"auto","background-attachment":"scroll","background-type":"","background-media":"","overlay-type":"","overlay-color":"","overlay-opacity":"","overlay-gradient":""},"mobile":{"background-color":"var(--ast-global-color-4)","background-image":"","background-repeat":"repeat","background-position":"center center","background-size":"auto","background-attachment":"scroll","background-type":"","background-media":"","overlay-type":"","overlay-color":"","overlay-opacity":"","overlay-gradient":""}}},"product_brand":[557],"product_cat":[432,482],"product_tag":[],"class_list":{"0":"post-109389","1":"product","2":"type-product","3":"status-publish","4":"has-post-thumbnail","6":"product_brand-e-beckmann","7":"product_cat-gungor","8":"product_cat-gungsitsar","9":"desktop-align-center","10":"tablet-align-left","11":"mobile-align-left","13":"first","14":"instock","15":"taxable","16":"shipping-taxable","17":"purchasable","18":"product-type-variable"},"_links":{"self":[{"href":"https:\/\/readymade.se\/lekplats\/wp-json\/wp\/v2\/product\/109389","targetHints":{"allow":["GET"]}}],"collection":[{"href":"https:\/\/readymade.se\/lekplats\/wp-json\/wp\/v2\/product"}],"about":[{"href":"https:\/\/readymade.se\/lekplats\/wp-json\/wp\/v2\/types\/product"}],"wp:featuredmedia":[{"embeddable":true,"href":"https:\/\/readymade.se\/lekplats\/wp-json\/wp\/v2\/media\/107277"}],"wp:attachment":[{"href":"https:\/\/readymade.se\/lekplats\/wp-json\/wp\/v2\/media?parent=109389"}],"wp:term":[{"taxonomy":"product_brand","embeddable":true,"href":"https:\/\/readymade.se\/lekplats\/wp-json\/wp\/v2\/product_brand?post=109389"},{"taxonomy":"product_cat","embeddable":true,"href":"https:\/\/readymade.se\/lekplats\/wp-json\/wp\/v2\/product_cat?post=109389"},{"taxonomy":"product_tag","embeddable":true,"href":"https:\/\/readymade.se\/lekplats\/wp-json\/wp\/v2\/product_tag?post=109389"}],"curies":[{"name":"wp","href":"https:\/\/api.w.org\/{rel}","templated":true}]}}