{"id":109082,"date":"2025-12-13T21:15:36","date_gmt":"2025-12-13T20:15:36","guid":{"rendered":"https:\/\/readymade.se\/core\/?post_type=product&#038;p=109082"},"modified":"2026-02-12T11:01:48","modified_gmt":"2026-02-12T10:01:48","slug":"aluminiumhylsor","status":"publish","type":"product","link":"https:\/\/readymade.se\/lekplats\/produkt\/aluminiumhylsor\/","title":{"rendered":"Aluminiumhylsor"},"content":{"rendered":"<p>ALUMINIUMH\u00c5LLOR OCH ANSLUTNINGAR F\u00d6R 16 MM LIN (1) Aluminiumkorskoppling \u00d8 28 x 53 mm Innerdiameter: \u00d8 17,5 mm Art. 205160 (2) Aluminium T-kontakt \u00d8 28 x 63 mm (en sida f\u00f6r pressning, andra sidan f\u00f6r att skruva) Innerdiameter: \u00d8 17,5 mm Art. 205161 (9) Aluminiumhylsa f\u00f6r g\u00e4ngade bultar L\u00c5NGT UTF\u00d6RANDE \u00d8 28 x 55 mm Innerdiameter repsida: \u00d8 17,5 mm Innerdiameter Bultsida: \u00d8 13,5 mm Art. 205162 (3) Aluminiumhylsa f\u00f6r g\u00e4ngade bultar KORTVERSION \u00d8 28 x 38 mm Inre diameter repsida: \u00d8 17,5 mm Inre diameter Bultsida: \u00d8 13,5 mm Art. 205163 (4) Aluminiumhylsa f\u00f6r 6 mm kedjor \u00d8 28 x 64 mm Repsida: Innerdiameter: \u00d8 17,5 mm kedjesida: med kedjekors Art. 205164 (5) Aluminiumhylsa rund, L\u00c5NG \u00d8 28 x 72 mm, Innerdiameter: \u00d8 17,5 mm Art. 205165 (6) Aluminiumhylsa rund, KORT \u00d8 28 x 38 mm , Innerdiameter: \u00d8 17,5 mm Art. 205167 (7) Aluminiumhylsa oval, L\u00c5NG \u00d8 45\/28 x L 43 mm, Innerdiameter: \u00d8 35\/17,5mm Art. 205167 (8) Aluminiumhylsa oval, KORT \u00d8 45\/28 x L 24 mm, Innerdiameter: \u00d8 35\/17,5 mm Art. 205168<\/p>\n","protected":false},"excerpt":{"rendered":"<p>f\u00f6r pressning och anslutning av 16 mm lekplatsrep<\/p>\n","protected":false},"featured_media":119013,"template":"","meta":{"site-sidebar-layout":"default","site-content-layout":"","ast-site-content-layout":"default","site-content-style":"default","site-sidebar-style":"default","ast-global-header-display":"","ast-banner-title-visibility":"","ast-main-header-display":"","ast-hfb-above-header-display":"","ast-hfb-below-header-display":"","ast-hfb-mobile-header-display":"","site-post-title":"","ast-breadcrumbs-content":"","ast-featured-img":"","footer-sml-layout":"","theme-transparent-header-meta":"","adv-header-id-meta":"","stick-header-meta":"","header-above-stick-meta":"","header-main-stick-meta":"","header-below-stick-meta":"","astra-migrate-meta-layouts":"default","ast-page-background-enabled":"default","ast-page-background-meta":{"desktop":{"background-color":"var(--ast-global-color-5)","background-image":"","background-repeat":"repeat","background-position":"center center","background-size":"auto","background-attachment":"scroll","background-type":"","background-media":"","overlay-type":"","overlay-color":"","overlay-opacity":"","overlay-gradient":""},"tablet":{"background-color":"","background-image":"","background-repeat":"repeat","background-position":"center center","background-size":"auto","background-attachment":"scroll","background-type":"","background-media":"","overlay-type":"","overlay-color":"","overlay-opacity":"","overlay-gradient":""},"mobile":{"background-color":"","background-image":"","background-repeat":"repeat","background-position":"center center","background-size":"auto","background-attachment":"scroll","background-type":"","background-media":"","overlay-type":"","overlay-color":"","overlay-opacity":"","overlay-gradient":""}},"ast-content-background-meta":{"desktop":{"background-color":"var(--ast-global-color-4)","background-image":"","background-repeat":"repeat","background-position":"center center","background-size":"auto","background-attachment":"scroll","background-type":"","background-media":"","overlay-type":"","overlay-color":"","overlay-opacity":"","overlay-gradient":""},"tablet":{"background-color":"var(--ast-global-color-4)","background-image":"","background-repeat":"repeat","background-position":"center center","background-size":"auto","background-attachment":"scroll","background-type":"","background-media":"","overlay-type":"","overlay-color":"","overlay-opacity":"","overlay-gradient":""},"mobile":{"background-color":"var(--ast-global-color-4)","background-image":"","background-repeat":"repeat","background-position":"center center","background-size":"auto","background-attachment":"scroll","background-type":"","background-media":"","overlay-type":"","overlay-color":"","overlay-opacity":"","overlay-gradient":""}}},"product_brand":[557],"product_cat":[506],"product_tag":[],"class_list":{"0":"post-109082","1":"product","2":"type-product","3":"status-publish","4":"has-post-thumbnail","6":"product_brand-e-beckmann","7":"product_cat-reservdelar-och-tillbehor","8":"desktop-align-center","9":"tablet-align-left","10":"mobile-align-left","12":"first","13":"instock","14":"taxable","15":"shipping-taxable","16":"purchasable","17":"product-type-variable"},"_links":{"self":[{"href":"https:\/\/readymade.se\/lekplats\/wp-json\/wp\/v2\/product\/109082","targetHints":{"allow":["GET"]}}],"collection":[{"href":"https:\/\/readymade.se\/lekplats\/wp-json\/wp\/v2\/product"}],"about":[{"href":"https:\/\/readymade.se\/lekplats\/wp-json\/wp\/v2\/types\/product"}],"wp:featuredmedia":[{"embeddable":true,"href":"https:\/\/readymade.se\/lekplats\/wp-json\/wp\/v2\/media\/119013"}],"wp:attachment":[{"href":"https:\/\/readymade.se\/lekplats\/wp-json\/wp\/v2\/media?parent=109082"}],"wp:term":[{"taxonomy":"product_brand","embeddable":true,"href":"https:\/\/readymade.se\/lekplats\/wp-json\/wp\/v2\/product_brand?post=109082"},{"taxonomy":"product_cat","embeddable":true,"href":"https:\/\/readymade.se\/lekplats\/wp-json\/wp\/v2\/product_cat?post=109082"},{"taxonomy":"product_tag","embeddable":true,"href":"https:\/\/readymade.se\/lekplats\/wp-json\/wp\/v2\/product_tag?post=109082"}],"curies":[{"name":"wp","href":"https:\/\/api.w.org\/{rel}","templated":true}]}}